{"id":118,"date":"2011-04-17T22:42:14","date_gmt":"2011-04-17T21:42:14","guid":{"rendered":"http:\/\/www.esperanto.de\/berlin\/wordpress\/"},"modified":"2016-07-17T20:30:46","modified_gmt":"2016-07-17T19:30:46","slug":"informilo","status":"publish","type":"page","link":"https:\/\/esperanto.berlin\/de\/verein\/informilo\/","title":{"rendered":"Rundbrief"},"content":{"rendered":"<p>Von 1949 bis 2015 verschickte die <a href=\"https:\/\/esperanto.berlin\/verein\/\">ELB <\/a>regelm\u00e4\u00dfig einen Rundbrief an Mitglieder und an Interessierte. Dieser hiess viele Jahre <em>Berlina Informilo <\/em>und wurde nach der Vereinigung mit dem Esperanto-Verband Brandenburg in <em>Esperanto-Informilo Berlin-Brandenburg<\/em> umbenannt.<\/p>\n<p><a href=\"https:\/\/esperanto.berlin\/de\/deutsch-aktuala-informilo\/\">Vorschl\u00e4ge <\/a>f\u00fcr die n\u00e4chste Ausgabe.<\/p>\n<p>Alle Ausgaben ab November 1997 stehen im Prinzip als PDF zum Herunterladen bereit. Allerdings sind beim Serverwechsel teilweise die Links in Unordnung geraten. An dem Problem wird gearbeitet.<\/p>\n<div id=\"attachment_297\" style=\"width: 504px\" class=\"wp-caption aligncenter\"><img loading=\"lazy\" decoding=\"async\" aria-describedby=\"caption-attachment-297\" class=\"wp-image-297\" src=\"https:\/\/esperanto.berlin\/wp-content\/uploads\/2011\/04\/InformiloBB.gif\" alt=\"Esperanto-Informilo Titolo\" width=\"494\" height=\"82\" \/><p id=\"caption-attachment-297\" class=\"wp-caption-text\">Esperanto-Informilo Titolo<\/p><\/div>\n<h1>Ausgaben<\/h1>\n<h2>2016<\/h2>\n<ul>\n<li><a href=\"https:\/\/esperanto.berlin\/wp-content\/uploads\/2016\/07\/EIBB_666.pdf\">EIBB_666<\/a>\u00a0(Februar\/Juli) : <a href=\"https:\/\/esperanto.berlin\/de\/aperis-informilo-666\/\">Inhalt<\/a><\/li>\n<\/ul>\n<h2>2015<\/h2>\n<ul>\n<li><a href=\"http:\/\/esperanto.berlin\/wp-content\/uploads\/2015\/12\/EIBB-665-Esperanto-Informilo-Decembro-2015-Januaro-2016.pdf\">EIBB 665 (Dezember 2015 \/ Januar 2016)<\/a><\/li>\n<li><a href=\"http:\/\/esperanto.berlin\/wp-content\/uploads\/2015\/02\/EIBB-664-Esperanto-Informilo-Februaro-Marto-2015.pdf\">EIBB 664 (Februar\/M\u00e4rz)<\/a><\/li>\n<\/ul>\n<h2>2014<\/h2>\n<ul>\n<li><a href=\"http:\/\/esperanto.berlin\/wp-content\/uploads\/2014\/11\/EIBB_663.pdf\">EIBB 663<\/a><\/li>\n<li><a href=\"http:\/\/esperanto.berlin\/wp-content\/uploads\/2014\/10\/EIBB_662_reta.pdf\">EIBB 662<\/a><\/li>\n<li><a href=\"http:\/\/esperanto.berlin\/wp-content\/uploads\/2014\/08\/EIBB_661.pdf\">EIBB 661<\/a><\/li>\n<li><a href=\"http:\/\/esperanto.berlin\/wp-content\/uploads\/2014\/06\/EIBB_660_granda.pdf\">EIBB 660<\/a><\/li>\n<\/ul>\n<h2>2013<\/h2>\n<ul>\n<li><a href=\"http:\/\/www.esperanto.de\/bb\/wp-content\/uploads\/2013\/08\/EIBB_659-fina-versio.pdf\">EIBB 659<\/a><\/li>\n<li><a href=\"http:\/\/www.esperanto.de\/bb\/wp-content\/uploads\/2013\/02\/EIBB_658.pdf\">EIBB_658<\/a><\/li>\n<\/ul>\n<h2>2012<\/h2>\n<ul>\n<li><a href=\"http:\/\/www.esperanto.de\/bb\/wp-content\/uploads\/2012\/11\/EIBB_657.pdf\" target=\"_blank\">EIBB 657 (Dezember)<\/a><\/li>\n<li><a href=\"http:\/\/www.esperanto.de\/bb\/wp-content\/uploads\/2012\/10\/EIBB_656.pdf\">EIBB 656 (Oktober\/November)<\/a><\/li>\n<li><a href=\"http:\/\/www.esperanto.de\/bb\/wp-content\/uploads\/2012\/05\/EIBB_655.pdf\">EIBB 655 (Mai\/Juni<\/a>)<\/li>\n<\/ul>\n<h2>2011<\/h2>\n<ul>\n<li><a href=\"http:\/\/www.esperanto.de\/bb\/wp-content\/uploads\/2012\/10\/EIBB_654.pdf\" target=\"_blank\">Dezember<\/a><\/li>\n<li><a href=\"http:\/\/esperanto.berlin\/wp-content\/uploads\/2011\/09\/EIBB_653.pdf\">August\/September<\/a><\/li>\n<li><a href=\"http:\/\/esperanto.berlin\/wp-content\/uploads\/2011\/07\/EIBB_2011_652.pdf\">Juni<\/a><\/li>\n<li><a href=\"http:\/\/www.esperanto.de\/berlin\/wp-content\/uploads\/2011\/04\/EIBB_2011-651.pdf\">M\u00e4rz<\/a><\/li>\n<li><a href=\"http:\/\/www.esperanto.de\/berlin\/wp-content\/uploads\/2011\/04\/EIBB_2011-650.pdf\">Januar<\/a><\/li>\n<\/ul>\n<h2>2010<\/h2>\n<ul>\n<li><a href=\"\/bb\/informiloj\/i_9_2010.htm\">September<\/a><\/li>\n<li><a href=\"http:\/\/www.esperanto.de\/berlin\/wp-content\/uploads\/2011\/04\/EIBB_2010-649.pdf\">Dezember<\/a><\/li>\n<\/ul>\n<h2>2009<\/h2>\n<ul>\n<li><a href=\"\/bb\/informiloj\/i_1_2009.htm\">Januar<\/a><\/li>\n<li><a href=\"\/bb\/informiloj\/i_2_2009.htm\">Februar<\/a><\/li>\n<li><a href=\"\/bb\/informiloj\/i_3_2009.htm\">M\u00e4rz<\/a><\/li>\n<li><a href=\"\/bb\/informiloj\/i_4_2009.htm\">April<\/a><\/li>\n<li><a href=\"\/bb\/informiloj\/i_12_2009.htm\">Dezember<\/a><\/li>\n<\/ul>\n<h2>2008<\/h2>\n<ul>\n<li><a href=\"\/bb\/informiloj\/i_1_2008.htm\">Januar<\/a><\/li>\n<li><a href=\"\/bb\/informiloj\/i_2_2008.htm\">Februar<\/a><\/li>\n<li><a href=\"\/bb\/informiloj\/i_3_2008.htm\">M\u00e4rz<\/a><\/li>\n<li><a href=\"\/bb\/informiloj\/i_4_2008.htm\">April<\/a><\/li>\n<li><a href=\"\/bb\/informiloj\/i_5_2008.htm\">Mai<\/a><\/li>\n<li><a href=\"\/bb\/informiloj\/i_6_2008.htm\">Juni<\/a><\/li>\n<li><a href=\"\/bb\/informiloj\/i_7_2008.htm\">Juli<\/a><\/li>\n<li><a href=\"\/bb\/informiloj\/i_9_2008.htm\">September<\/a><\/li>\n<li><a href=\"\/bb\/informiloj\/i_10_2008.htm\">Oktober<\/a><\/li>\n<li><a href=\"\/bb\/informiloj\/i_11_2008.htm\">November<\/a><\/li>\n<li><a href=\"\/bb\/informiloj\/i_12_2008.htm\">Dezember<\/a><\/li>\n<\/ul>\n<h2>2007<\/h2>\n<ul>\n<li><a href=\"\/bb\/informiloj\/i_1_2007.htm\">Januar<\/a><\/li>\n<li><a href=\"\/bb\/informiloj\/i_2_2007.htm\">Februar<\/a><\/li>\n<li><a href=\"\/bb\/informiloj\/i_3_2007.htm\">M\u00e4rz<\/a><\/li>\n<li><a href=\"\/bb\/informiloj\/i_4_2007.htm\">April<\/a><\/li>\n<li><a href=\"\/bb\/informiloj\/i_5_2007.htm\">Mai<\/a><\/li>\n<li><a href=\"\/bb\/informiloj\/i_6_2007.htm\">Juni<\/a><\/li>\n<li><a href=\"\/bb\/informiloj\/i_7_2007.htm\">Juli<\/a><\/li>\n<li><a href=\"\/bb\/informiloj\/i_8_2007.htm\">August<\/a><\/li>\n<li><a href=\"\/bb\/informiloj\/i_9_2007.htm\">September<\/a><\/li>\n<li><a href=\"\/bb\/informiloj\/i_10_2007.htm\">Oktober<\/a><\/li>\n<li><a href=\"\/bb\/informiloj\/i_11_2007.htm\">November<\/a><\/li>\n<li><a href=\"\/bb\/informiloj\/i_12_2007.htm\">Dezember<\/a><\/li>\n<\/ul>\n<h2>2006<\/h2>\n<ul>\n<li><a href=\"\/bb\/informiloj\/i_1_2006.htm\">Januar<\/a><\/li>\n<li><a href=\"\/bb\/informiloj\/i_2_2006.htm\">Februar<\/a><\/li>\n<li><a href=\"\/bb\/informiloj\/i_5_2006.htm\">Mai<\/a><\/li>\n<li><a href=\"\/bb\/informiloj\/i_6_2006.htm\">Juni<\/a><\/li>\n<li><a href=\"\/bb\/informiloj\/i_7_2006.htm\">Juli<\/a><\/li>\n<li><a href=\"\/bb\/informiloj\/i_8_2006.htm\">August<\/a><\/li>\n<li><a href=\"\/bb\/informiloj\/i_9_2006.htm\">September<\/a><\/li>\n<li><a href=\"\/bb\/informiloj\/i_10_2006.htm\">Oktober<\/a><\/li>\n<li><a href=\"\/bb\/informiloj\/i_11_2006.htm\">November<\/a><\/li>\n<li><a href=\"\/bb\/informiloj\/i_12_2006.htm\">Dezember<\/a><\/li>\n<\/ul>\n<h2>2005<\/h2>\n<ul>\n<li><a href=\"\/bb\/informiloj\/i_1_2005.htm\">Januar<\/a><\/li>\n<li><a href=\"\/bb\/informiloj\/i_2_2005.htm\">Februar<\/a><\/li>\n<li><a href=\"\/bb\/informiloj\/i_3_2005.htm\">M\u00e4rz<\/a><\/li>\n<li><a href=\"\/bb\/informiloj\/i_4_2005.htm\">April<\/a><\/li>\n<li><a href=\"\/bb\/informiloj\/i_5_2005.htm\">Mai<\/a><\/li>\n<li><a href=\"\/bb\/informiloj\/i_6_2005.htm\">Juni<\/a><\/li>\n<li><a href=\"\/bb\/informiloj\/i_7_2005.htm\">Juli<\/a><\/li>\n<li><a href=\"\/bb\/informiloj\/i_8_2005.htm\">August<\/a><\/li>\n<li><a href=\"\/bb\/informiloj\/i_9_2005.htm\">September<\/a><\/li>\n<li><a href=\"\/bb\/informiloj\/i_10_2005.htm\">Oktober<\/a><\/li>\n<li><a href=\"\/bb\/informiloj\/i_11_2005.htm\">November<\/a><\/li>\n<li><a href=\"\/bb\/informiloj\/i_12_2005.htm\">Dezember<\/a><\/li>\n<\/ul>\n<h2>2004<\/h2>\n<ul>\n<li><a href=\"\/bb\/informiloj\/i_1_2004.htm\">Januar<\/a><\/li>\n<li><a href=\"\/bb\/informiloj\/i_2_2004.htm\">Februar<\/a><\/li>\n<li><a href=\"\/bb\/informiloj\/i_3_2004.htm\">M\u00e4rz<\/a><\/li>\n<li><a href=\"\/bb\/informiloj\/i_4_2004.htm\">April<\/a><\/li>\n<li><a href=\"\/bb\/informiloj\/i_5_2004.htm\">Mai<\/a><\/li>\n<li><a href=\"\/bb\/informiloj\/i_6_2004.htm\">Juni<\/a><\/li>\n<li><a href=\"\/bb\/informiloj\/i_7_2004.htm\">Juli<\/a><\/li>\n<li><a href=\"\/bb\/informiloj\/i_8_2004.htm\">August<\/a><\/li>\n<li><a href=\"\/bb\/informiloj\/i_9_2004.htm\">September<\/a><\/li>\n<li><a href=\"\/bb\/informiloj\/i_10_2004.htm\">Oktober<\/a><\/li>\n<li><a href=\"\/bb\/informiloj\/i_11_2004.htm\">November<\/a><\/li>\n<li><a href=\"\/bb\/informiloj\/i_12_2004.htm\">Dezember<\/a><\/li>\n<\/ul>\n<h2>2003<\/h2>\n<ul>\n<li><a href=\"\/bb\/informiloj\/i_1_2003.htm\">Januar<\/a><\/li>\n<li><a href=\"\/bb\/informiloj\/i_2_2003.htm\">Februar<\/a><\/li>\n<li><a href=\"\/bb\/informiloj\/i_3_2003.htm\">M\u00e4rz<\/a><\/li>\n<li><a href=\"\/bb\/informiloj\/i_4_2003.htm\">April<\/a><\/li>\n<li><a href=\"\/bb\/informiloj\/i_5_2003.htm\">Mai<\/a><\/li>\n<li><a href=\"\/bb\/informiloj\/i_6_2003.htm\">Juni<\/a><\/li>\n<li><a href=\"\/bb\/informiloj\/i_7_2003.htm\">Juli<\/a><\/li>\n<li><a href=\"\/bb\/informiloj\/i_8_2003.htm\">August<\/a><\/li>\n<li><a href=\"\/bb\/informiloj\/i_9_2003.htm\">September<\/a><\/li>\n<li><a href=\"\/bb\/informiloj\/i_10_2003.htm\">Oktober<\/a><\/li>\n<li><a href=\"\/bb\/informiloj\/i_11_2003.htm\">November<\/a><\/li>\n<li><a href=\"\/bb\/informiloj\/i_12_2003.htm\">Dezember<\/a><\/li>\n<\/ul>\n<h2>2002<\/h2>\n<ul>\n<li><a href=\"\/bb\/informiloj\/i_1_2002.htm\">Januar<\/a><\/li>\n<li><a href=\"\/bb\/informiloj\/i_2_2002.htm\">Februar<\/a><\/li>\n<li><a href=\"\/bb\/informiloj\/i_3_2002.htm\">M\u00e4rz<\/a><\/li>\n<li><a href=\"\/bb\/informiloj\/i_4_2002.htm\">April<\/a><\/li>\n<li><a href=\"\/bb\/informiloj\/i_5_2002.htm\">Mai<\/a><\/li>\n<li><a href=\"\/bb\/informiloj\/i_6_2002.htm\">Juni<\/a><\/li>\n<li><a href=\"\/bb\/informiloj\/i_7_2002.htm\">Juli<\/a><\/li>\n<li><a href=\"\/bb\/informiloj\/i_8_2002.htm\">August<\/a><\/li>\n<li><a href=\"\/bb\/informiloj\/i_9_2002.htm\">September<\/a><\/li>\n<li><a href=\"\/bb\/informiloj\/i_10_2002.htm\">Oktober<\/a><\/li>\n<li><a href=\"\/bb\/informiloj\/i_11_2002.htm\">November<\/a><\/li>\n<li><a href=\"\/bb\/informiloj\/i_12_2002.htm\">Dezember<\/a><\/li>\n<\/ul>\n<h2>2001<\/h2>\n<ul>\n<li><a href=\"\/bb\/informiloj\/BIjan2001.htm\">Januar<\/a><\/li>\n<li><a href=\"\/bb\/informiloj\/BIfeb2001.htm\">Februar<\/a><\/li>\n<li><a href=\"\/bb\/informiloj\/BImar2001.htm\">M\u00e4rz<\/a><\/li>\n<li><a href=\"\/bb\/informiloj\/BIapr2001.htm\">April<\/a><\/li>\n<li><a href=\"\/bb\/informiloj\/BImaj2001.htm\">Mai<\/a><\/li>\n<li><a href=\"\/bb\/informiloj\/BIjun2001.htm\">Juni<\/a><\/li>\n<li><a href=\"\/bb\/informiloj\/BIjul2001.htm\">Juli<\/a><\/li>\n<li><a href=\"\/bb\/informiloj\/BIaug2001.htm\">August<\/a><\/li>\n<li><a href=\"\/bb\/informiloj\/i_9_2001.htm\">September<\/a><\/li>\n<li><a href=\"\/bb\/informiloj\/BIokt2001.htm\">Oktober<\/a><\/li>\n<li><a href=\"\/bb\/informiloj\/BInov2001.htm\">November<\/a><\/li>\n<li><a href=\"\/bb\/informiloj\/i_12_2001.htm\">Dezember<\/a><\/li>\n<\/ul>\n<h2>2000<\/h2>\n<ul>\n<li><a href=\"\/bb\/informiloj\/BIjan2000.htm\">Januar<\/a><\/li>\n<li><a href=\"\/bb\/informiloj\/BIfeb2000.htm\">Februar<\/a><\/li>\n<li><a href=\"\/bb\/informiloj\/BImar2000.htm\">M\u00e4rz<\/a><\/li>\n<li><a href=\"\/bb\/informiloj\/BIapr2000.htm\">April<\/a><\/li>\n<li><a href=\"\/bb\/informiloj\/BImaj2000.htm\">Mai<\/a><\/li>\n<li><a href=\"\/bb\/informiloj\/BIjun2000.htm\">Juni<\/a><\/li>\n<li><a href=\"\/bb\/informiloj\/BIjul2000.htm\">Juli<\/a><\/li>\n<li><a href=\"\/bb\/informiloj\/BIaug2000.htm\">August<\/a><\/li>\n<li><a href=\"\/bb\/informiloj\/i_9_2000.htm\">September<\/a><\/li>\n<li><a href=\"\/bb\/informiloj\/BIokt2000.htm\">Oktober<\/a><\/li>\n<li><a href=\"\/bb\/informiloj\/BInov2000.htm\">November<\/a><\/li>\n<li><a href=\"\/bb\/informiloj\/BIdec2000.htm\">Dezember<\/a><\/li>\n<\/ul>\n<h2>1999<\/h2>\n<ul>\n<li><a href=\"\/bb\/informiloj\/BIjan1999.htm\">Januar<\/a><\/li>\n<li><a href=\"\/bb\/informiloj\/BIfeb1999.htm\">Februar<\/a><\/li>\n<li><a href=\"\/bb\/informiloj\/BImar1999.htm\">M\u00e4rz<\/a><\/li>\n<li><a href=\"\/bb\/informiloj\/BIapr1999.htm\">April<\/a><\/li>\n<li><a href=\"\/bb\/informiloj\/BImaj1999.htm\">Mai<\/a><\/li>\n<li><a href=\"\/bb\/informiloj\/BIjun1999.htm\">Juni<\/a><\/li>\n<li><a href=\"\/bb\/informiloj\/BIjul1999.htm\">Juli<\/a><\/li>\n<li><a href=\"\/bb\/informiloj\/BIaug1999.htm\">August<\/a><\/li>\n<li><a href=\"\/bb\/informiloj\/i_9_1999.htm\">September<\/a><\/li>\n<li><a href=\"\/bb\/informiloj\/BIokt1999.htm\">Oktober<\/a><\/li>\n<li><a href=\"\/bb\/informiloj\/BInov1999.htm\">November<\/a><\/li>\n<li><a href=\"\/bb\/informiloj\/BIdec1999.htm\">Dezember<\/a><\/li>\n<\/ul>\n<h2>1998<\/h2>\n<ul>\n<li><a href=\"\/bb\/informiloj\/BIjan1998.htm\">Januar<\/a><\/li>\n<li><a href=\"\/bb\/informiloj\/BIfeb1998.htm\">Februar<\/a><\/li>\n<li><a href=\"\/bb\/informiloj\/BImar1998.htm\">M\u00e4rz<\/a><\/li>\n<li><a href=\"\/bb\/informiloj\/BIapr1998.htm\">April<\/a><\/li>\n<li><a href=\"\/bb\/informiloj\/BImaj1998.htm\">Mai<\/a><\/li>\n<li><a href=\"\/bb\/informiloj\/BIjun1998.htm\">Juni<\/a><\/li>\n<li><a href=\"\/bb\/informiloj\/BIjul1998.htm\">Juli<\/a><\/li>\n<li><a href=\"\/bb\/informiloj\/BIaug1998.htm\">August<\/a><\/li>\n<li><a href=\"\/bb\/informiloj\/i_9_1998.htm\">September<\/a><\/li>\n<li><a href=\"\/bb\/informiloj\/BIokt1998.htm\">Oktober<\/a><\/li>\n<li><a href=\"\/bb\/informiloj\/BInov1998.htm\">November<\/a><\/li>\n<li><a href=\"\/bb\/informiloj\/BIdec1998.htm\">Dezember<\/a><\/li>\n<\/ul>\n<h2>1997<\/h2>\n<ul>\n<li><a href=\"\/bb\/informiloj\/BInov1997.htm\">November<\/a><\/li>\n<li><a href=\"\/bb\/informiloj\/BIdec1997.htm\">Dezember<\/a><\/li>\n<\/ul>\n<p><\/p>","protected":false},"excerpt":{"rendered":"<p>Von 1949 bis 2015 verschickte die ELB regelm\u00e4\u00dfig einen Rundbrief an Mitglieder und an Interessierte. Dieser hiess viele Jahre Berlina Informilo und wurde nach der Vereinigung mit dem Esperanto-Verband Brandenburg in Esperanto-Informilo Berlin-Brandenburg umbenannt. Vorschl\u00e4ge f\u00fcr die n\u00e4chste Ausgabe. Alle &hellip; <a href=\"https:\/\/esperanto.berlin\/de\/verein\/informilo\/\">Weiterlesen <span class=\"meta-nav\">&rarr;<\/span><\/a><\/p>\n","protected":false},"author":5,"featured_media":0,"parent":20,"menu_order":2,"comment_status":"closed","ping_status":"open","template":"","meta":{"footnotes":""},"jetpack_shortlink":"https:\/\/wp.me\/Par8jA-1U","_links":{"self":[{"href":"https:\/\/esperanto.berlin\/de\/wp-json\/wp\/v2\/pages\/118"}],"collection":[{"href":"https:\/\/esperanto.berlin\/de\/wp-json\/wp\/v2\/pages"}],"about":[{"href":"https:\/\/esperanto.berlin\/de\/wp-json\/wp\/v2\/types\/page"}],"author":[{"embeddable":true,"href":"https:\/\/esperanto.berlin\/de\/wp-json\/wp\/v2\/users\/5"}],"replies":[{"embeddable":true,"href":"https:\/\/esperanto.berlin\/de\/wp-json\/wp\/v2\/comments?post=118"}],"version-history":[{"count":10,"href":"https:\/\/esperanto.berlin\/de\/wp-json\/wp\/v2\/pages\/118\/revisions"}],"predecessor-version":[{"id":3758,"href":"https:\/\/esperanto.berlin\/de\/wp-json\/wp\/v2\/pages\/118\/revisions\/3758"}],"up":[{"embeddable":true,"href":"https:\/\/esperanto.berlin\/de\/wp-json\/wp\/v2\/pages\/20"}],"wp:attachment":[{"href":"https:\/\/esperanto.berlin\/de\/wp-json\/wp\/v2\/media?parent=118"}],"curies":[{"name":"wp","href":"https:\/\/api.w.org\/{rel}","templated":true}]}}