{"id":1458,"date":"2012-11-14T14:02:27","date_gmt":"2012-11-14T13:02:27","guid":{"rendered":"http:\/\/www.esperanto.de\/bb\/?page_id=1458"},"modified":"2019-01-23T15:50:12","modified_gmt":"2019-01-23T14:50:12","slug":"esperanto-haus-berlin","status":"publish","type":"page","link":"https:\/\/esperanto.berlin\/de\/esperanto-haus-berlin\/","title":{"rendered":"(Deutsch) Esperanto-Haus Berlin"},"content":{"rendered":"<p>Das Esperanto-Haus Berlin war als Esperanto-Kulturzentrum f\u00fcr Berlin gedacht. Es liegt in der Einbecker Str. 36 im Stadtteil Lichtenberg.<\/p>\n<p>Einige Jahre lang befanden sich im Erdgeschoss die Gesch\u00e4ftsstellen des Deutschen Esperanto-Bundes und der Deutschen Esperanto-Jugend. Die R\u00e4ume dienen gleichzeitig als Klubraum f\u00fcr die Vereinstreffen der Esperanto-Liga Berlin.<\/p>\n<p>Auf der rechten Seite im Erdgeschoss befindet sich eine Ein-Raum-Wohnung (38 m\u00b2) mit K\u00fcche, Bad und Terasse, die vor\u00fcbergehend von Esperanto-Sprechern zu g\u00fcnstigen Konditionen angemietet werden kann. Interessenten k\u00f6nnen <a href=\"https:\/\/www.esperanto.de\/gea.malnova\/vorstand\/index.html\" target=\"_blank\">sich an Rudolf Fischer wenden<\/a>. Zurzeit ist die Wohnung dauerhaft vermietet.<\/p>\n<p>Weitere Wohnungen im Geb\u00e4ude sind an Esperanto-Sprecher vermietet.<\/p>\n<p>Die Idee, die Remise im Hof zum Esperanto-Kulturzentrum umzubauen, musste aufgegeben werden.<\/p>","protected":false},"excerpt":{"rendered":"<p>Das Esperanto-Haus Berlin war als Esperanto-Kulturzentrum f\u00fcr Berlin gedacht. Es liegt in der Einbecker Str. 36 im Stadtteil Lichtenberg. Einige Jahre lang befanden sich im Erdgeschoss die Gesch\u00e4ftsstellen des Deutschen Esperanto-Bundes und der Deutschen Esperanto-Jugend. Die R\u00e4ume dienen gleichzeitig als &hellip; <a href=\"https:\/\/esperanto.berlin\/de\/esperanto-haus-berlin\/\">Weiterlesen <span class=\"meta-nav\">&rarr;<\/span><\/a><\/p>\n","protected":false},"author":2,"featured_media":0,"parent":0,"menu_order":0,"comment_status":"closed","ping_status":"open","template":"","meta":{"footnotes":""},"jetpack_shortlink":"https:\/\/wp.me\/Par8jA-nw","_links":{"self":[{"href":"https:\/\/esperanto.berlin\/de\/wp-json\/wp\/v2\/pages\/1458"}],"collection":[{"href":"https:\/\/esperanto.berlin\/de\/wp-json\/wp\/v2\/pages"}],"about":[{"href":"https:\/\/esperanto.berlin\/de\/wp-json\/wp\/v2\/types\/page"}],"author":[{"embeddable":true,"href":"https:\/\/esperanto.berlin\/de\/wp-json\/wp\/v2\/users\/2"}],"replies":[{"embeddable":true,"href":"https:\/\/esperanto.berlin\/de\/wp-json\/wp\/v2\/comments?post=1458"}],"version-history":[{"count":3,"href":"https:\/\/esperanto.berlin\/de\/wp-json\/wp\/v2\/pages\/1458\/revisions"}],"predecessor-version":[{"id":6485,"href":"https:\/\/esperanto.berlin\/de\/wp-json\/wp\/v2\/pages\/1458\/revisions\/6485"}],"wp:attachment":[{"href":"https:\/\/esperanto.berlin\/de\/wp-json\/wp\/v2\/media?parent=1458"}],"curies":[{"name":"wp","href":"https:\/\/api.w.org\/{rel}","templated":true}]}}