{"id":1460,"date":"2012-11-14T14:03:28","date_gmt":"2012-11-14T13:03:28","guid":{"rendered":"http:\/\/www.esperanto.de\/bb\/?page_id=1460"},"modified":"2016-07-05T21:40:30","modified_gmt":"2016-07-05T20:40:30","slug":"zamenhof-park","status":"publish","type":"page","link":"https:\/\/esperanto.berlin\/de\/zamenhof-park\/","title":{"rendered":"Zamenhof-Park"},"content":{"rendered":"<p>Der Zamenhof-Park ist eine Gr\u00fcnfl\u00e4che an der Einbecker Stra\u00dfe im Stadtteil Lichtenberg. Er liegt direkt neben dem <a href=\"https:\/\/esperanto.berlin\/esperanto-haus-berlin\/\">Esperanto-Haus<\/a> in der Einbecker Stra\u00dfe 36. Zum Bahnhof Lichtenberg sind es keine 10 Minuten zu Fu\u00df. Die Namensgebung erfolgte auf der Grundlage eines <!-- href=\"http:\/\/www.berlin.de\/imperia\/md\/content\/balichtenberghohenschoenhausen\/kultur\/kulturausschuss\/20.11.08.pdf -->Beschlusses der Bezirksverordnetenversammlung vom 18. Dezember 2008 (<a title=\"Beschlussempfehlung des Kulturausschusses Lichtenberg\" href=\"http:\/\/www.berlin.de\/ba-lichtenberg\/bvv-online\/vo020.asp?VOLFDNR=3549&amp;options=4#searchword\" target=\"_blank\">Beschlussempfehlung des Kulturausschusses<\/a>, <a title=\"Beschluss der BVV\" href=\"http:\/\/www.berlin.de\/ba-lichtenberg\/bvv-online\/to020.asp?TOLFDNR=19142&amp;options=4#searchword\" target=\"_blank\">Beschluss<\/a>); die Einweihung fand am 23. Juli 2009 statt.<\/p>\n<hr \/>\n<p>[add_posts category=Lichtenberg show=5]<\/p>\n<hr \/>\n<h2>Lage<\/h2>\n<p><iframe loading=\"lazy\" style=\"border: 1px solid black;\" src=\"http:\/\/www.openstreetmap.org\/export\/embed.html?bbox=13.501055,52.508049,13.506296,52.510295&amp;layer=mapnik\" width=\"425\" height=\"350\" frameborder=\"0\" marginwidth=\"0\" marginheight=\"0\" scrolling=\"no\"><\/iframe><br \/>\n<small><a href=\"http:\/\/www.openstreetmap.org\/?lat=52.509172&amp;lon=13.5036755&amp;zoom=18&amp;layers=M\">Gr\u00f6\u00dfere Karte anzeigen<\/a><\/small><\/p>\n<h2>Aussehen<\/h2>\n<p>Der Zustand 2010 ist mit einem Foto im <a href=\"http:\/\/www.google.de\/imgres?hl=en&amp;safe=off&amp;client=firefox-a&amp;hs=N7g&amp;sa=X&amp;rls=org.mozilla:de:official&amp;biw=1600&amp;bih=718&amp;tbm=isch&amp;tbnid=t4Co7lvTBhVDqM:&amp;imgrefurl=http:\/\/de.wikipedia.org\/wiki\/Zamenhofpark&amp;docid=FrwNBn6cV5kzvM&amp;imgurl=http:\/\/upload.wikimedia.org\/wikipedia\/commons\/thumb\/f\/ff\/2010-4-28_F%2527felde_fec_AMA.B_849.JPG\/245px-2010-4-28_F%2527felde_fec_AMA.B_849.JPG&amp;w=245&amp;h=184&amp;ei=5QVcUeupGY3UsgaD_IGQAg&amp;zoom=1&amp;iact=hc&amp;vpx=978&amp;vpy=149&amp;dur=345&amp;hovh=147&amp;hovw=196&amp;tx=86&amp;ty=78&amp;page=1&amp;tbnh=136&amp;tbnw=183&amp;start=0&amp;ndsp=38&amp;ved=1t:429,r:5,s:0,i:94\" target=\"_blank\">zugeh\u00f6rigen Artikel der Wikipedia<\/a> dokumentiert. Seitdem hat sich nicht viel ver\u00e4ndert.<br \/>\n<img decoding=\"async\" src=\"http:\/\/upload.wikimedia.org\/wikipedia\/commons\/thumb\/f\/ff\/2010-4-28_F%27felde_fec_AMA.B_849.JPG\/800px-2010-4-28_F%27felde_fec_AMA.B_849.JPG\" alt=\"\" \/><\/p>\n<h2>Einweihung<\/h2>\n<p style=\"text-align: center;\"><img loading=\"lazy\" decoding=\"async\" class=\"aligncenter\" src=\"http:\/\/zamenhofpark.wikispaces.com\/file\/view\/DSCI0118klein800.jpg\/82079349\/DSCI0118klein800.jpg\" alt=\"\" width=\"275\" height=\"189\" \/><br \/>\n<em>Einweihung des Zamenhofparks am 23. Juli 2009. Von links nach rechts Botschaftsrat Piotr Golema (Botschaft der Republik Polen), Prof. J\u00fcrgen Hofmann, (Vorsitzender des Kulturausschusses der BVV, Die Linke), Dr. Rudolf Fischer (Deutscher Esperanto-Bund e.V.), Dipl.-Ing. Peter K\u00fchnel (Esperanto-Liga Berlin e.V. Esperanto-Haus Einbecker Str. 36), Christina Emmrich (Bezirksb\u00fcrgermeistin Berlin-Lichtenberg, Die Linke)<\/em><\/p>\n<p><\/p>","protected":false},"excerpt":{"rendered":"<p>Der Zamenhof-Park ist eine Gr\u00fcnfl\u00e4che an der Einbecker Stra\u00dfe im Stadtteil Lichtenberg. Er liegt direkt neben dem Esperanto-Haus in der Einbecker Stra\u00dfe 36. Zum Bahnhof Lichtenberg sind es keine 10 Minuten zu Fu\u00df. Die Namensgebung erfolgte auf der Grundlage eines &hellip; <a href=\"https:\/\/esperanto.berlin\/de\/zamenhof-park\/\">Weiterlesen <span class=\"meta-nav\">&rarr;<\/span><\/a><\/p>\n","protected":false},"author":2,"featured_media":0,"parent":0,"menu_order":0,"comment_status":"closed","ping_status":"open","template":"","meta":{"footnotes":""},"jetpack_shortlink":"https:\/\/wp.me\/Par8jA-ny","_links":{"self":[{"href":"https:\/\/esperanto.berlin\/de\/wp-json\/wp\/v2\/pages\/1460"}],"collection":[{"href":"https:\/\/esperanto.berlin\/de\/wp-json\/wp\/v2\/pages"}],"about":[{"href":"https:\/\/esperanto.berlin\/de\/wp-json\/wp\/v2\/types\/page"}],"author":[{"embeddable":true,"href":"https:\/\/esperanto.berlin\/de\/wp-json\/wp\/v2\/users\/2"}],"replies":[{"embeddable":true,"href":"https:\/\/esperanto.berlin\/de\/wp-json\/wp\/v2\/comments?post=1460"}],"version-history":[{"count":8,"href":"https:\/\/esperanto.berlin\/de\/wp-json\/wp\/v2\/pages\/1460\/revisions"}],"predecessor-version":[{"id":3543,"href":"https:\/\/esperanto.berlin\/de\/wp-json\/wp\/v2\/pages\/1460\/revisions\/3543"}],"wp:attachment":[{"href":"https:\/\/esperanto.berlin\/de\/wp-json\/wp\/v2\/media?parent=1460"}],"curies":[{"name":"wp","href":"https:\/\/api.w.org\/{rel}","templated":true}]}}