{"id":15,"date":"2011-01-20T17:48:40","date_gmt":"2011-01-20T16:48:40","guid":{"rendered":"http:\/\/www.esperanto.de\/berlin\/wordpress\/"},"modified":"2020-02-20T10:53:14","modified_gmt":"2020-02-20T09:53:14","slug":"donnerstagsrunde","status":"publish","type":"page","link":"https:\/\/esperanto.berlin\/de\/grupoj\/donnerstagsrunde\/","title":{"rendered":"Donnerstagsrunde"},"content":{"rendered":"<p>Findet zur Zeit am dritten Donnerstag des Monats im Esperanto-Laden von GEA in Berlin-Kreuzberg statt.<\/p>\n<p>Lockerer Austausch bei Tee und Keksen, oft mit G\u00e4sten aus aller Welt, meist ohne festes Programm. F\u00fcr Anf\u00e4nger und Fortgeschrittene geeignet.<\/p>\n<p>Oft kann man \u00dcberraschungsg\u00e4ste aus dem Ausland begr\u00fc\u00dfen, denn der Termin ist inzwischen weltweit ein Begriff.<\/p>\n<p>In offener Atmosph\u00e4re meist bei Tee, bei besonderen Anl\u00e4ssen auch Wein, wird geplaudert, diskutiert, gestritten, werden Nachrichten und Informationen aus der Esperanto-Welt und dem kulturellen Leben allgemein bekannt gegeben.<\/p>\n<p>Es ist eine lebendige Runde, in der abh\u00e4ngig von den jeweiligen Anwesenden auch ganz verschiedene Situationen entstehen k\u00f6nnen. Jedermann ist willkommen! Leise kann man mit dem Nachbar in jeder beliebigen Sprache sprechen. Laut und an die ganze Runde gewandt gilt nur Esperanto. Es k\u00f6nnen also auch Esperanto-Anf\u00e4nger teilnehmen. Der Raum, in dem man sich trifft, beherbergt die Bibliothek der Berliner Esperantisten, die &#8220;Espoteko&#8221;. Sie enth\u00e4lt einige tausend Esperanto-B\u00fccher, die man ausleihen kann und Hunderte verschiedener Esperanto-Zeitungen. Eintretend sieht man vielleicht den einen vor dem B\u00fccherregal stehend in einem Band bl\u00e4ttern, ein anderer liest in einer Zeitung und wieder andere diskutieren gerade ein wichtiges Thema.<\/p>\n<p>Gelegentlich findet auch ein Vortrag oder ein anderes vorher geplantes Programm statt.<\/p>","protected":false},"excerpt":{"rendered":"<p>Findet zur Zeit am dritten Donnerstag des Monats im Esperanto-Laden von GEA in Berlin-Kreuzberg statt. Lockerer Austausch bei Tee und Keksen, oft mit G\u00e4sten aus aller Welt, meist ohne festes Programm. F\u00fcr Anf\u00e4nger und Fortgeschrittene geeignet. Oft kann man \u00dcberraschungsg\u00e4ste &hellip; <a href=\"https:\/\/esperanto.berlin\/de\/grupoj\/donnerstagsrunde\/\">Weiterlesen <span class=\"meta-nav\">&rarr;<\/span><\/a><\/p>\n","protected":false},"author":2,"featured_media":0,"parent":11,"menu_order":0,"comment_status":"closed","ping_status":"open","template":"","meta":{"footnotes":""},"jetpack_shortlink":"https:\/\/wp.me\/Par8jA-f","_links":{"self":[{"href":"https:\/\/esperanto.berlin\/de\/wp-json\/wp\/v2\/pages\/15"}],"collection":[{"href":"https:\/\/esperanto.berlin\/de\/wp-json\/wp\/v2\/pages"}],"about":[{"href":"https:\/\/esperanto.berlin\/de\/wp-json\/wp\/v2\/types\/page"}],"author":[{"embeddable":true,"href":"https:\/\/esperanto.berlin\/de\/wp-json\/wp\/v2\/users\/2"}],"replies":[{"embeddable":true,"href":"https:\/\/esperanto.berlin\/de\/wp-json\/wp\/v2\/comments?post=15"}],"version-history":[{"count":7,"href":"https:\/\/esperanto.berlin\/de\/wp-json\/wp\/v2\/pages\/15\/revisions"}],"predecessor-version":[{"id":7967,"href":"https:\/\/esperanto.berlin\/de\/wp-json\/wp\/v2\/pages\/15\/revisions\/7967"}],"up":[{"embeddable":true,"href":"https:\/\/esperanto.berlin\/de\/wp-json\/wp\/v2\/pages\/11"}],"wp:attachment":[{"href":"https:\/\/esperanto.berlin\/de\/wp-json\/wp\/v2\/media?parent=15"}],"curies":[{"name":"wp","href":"https:\/\/api.w.org\/{rel}","templated":true}]}}