{"id":3023,"date":"2015-09-07T11:45:47","date_gmt":"2015-09-07T09:45:47","guid":{"rendered":"http:\/\/esperanto.berlin\/?page_id=3023"},"modified":"2017-05-23T18:21:13","modified_gmt":"2017-05-23T17:21:13","slug":"spielrunde","status":"publish","type":"page","link":"https:\/\/esperanto.berlin\/de\/grupoj\/spielrunde\/","title":{"rendered":"Spielrunde"},"content":{"rendered":"<p>Wir treffen uns jeden Monat an einem Samstag um Brettspiele in <a href=\"http:\/\/www.openstreetmap.org\/?mlat=52.55206&#038;mlon=13.34136#map=19\/52.55206\/13.34136\">Eiscaf\u00e9 Kibo<\/a> in Wedding zu spielen.  Die Veranstaltung geht um 14 Uhr los, und wir spielen bis das Cafe zumacht, um 20, 21, oder 22 Uhr (h\u00e4ngt von der Jahreszeit ab).  Nat\u00fcrlich d\u00fcrfen Mitspieler kommen und gehen wie sie wollen!<\/p>\n<p>Ihr konnt Spiele mitbringen, wenn ihr wollt! Spiele aller Art sind willkommen! W\u00e4hrend wir den Raum des Caf\u00e9s nutzen, sollten Getr\u00e4nke und\/oder Speisen dort gekauft werden, aber die Auswahl ist gro\u00df und es gibt auch vegetarische und vegane Angebote, und nicht nur Eis und Nachspeisen.<\/p>\n<p>Mehr Informationen findet ihr auf der Webseite: <a href=\"https:\/\/berlinaludado.wordpress.com\/\">https:\/\/berlinaludado.wordpress.com\/<\/a><br \/>\nOrganisator: Jessica Grasso<\/p>","protected":false},"excerpt":{"rendered":"<p>Wir treffen uns jeden Monat an einem Samstag um Brettspiele in Eiscaf\u00e9 Kibo in Wedding zu spielen. Die Veranstaltung geht um 14 Uhr los, und wir spielen bis das Cafe zumacht, um 20, 21, oder 22 Uhr (h\u00e4ngt von der &hellip; <a href=\"https:\/\/esperanto.berlin\/de\/grupoj\/spielrunde\/\">Weiterlesen <span class=\"meta-nav\">&rarr;<\/span><\/a><\/p>\n","protected":false},"author":14,"featured_media":0,"parent":11,"menu_order":0,"comment_status":"closed","ping_status":"open","template":"","meta":{"footnotes":""},"jetpack_shortlink":"https:\/\/wp.me\/Par8jA-ML","_links":{"self":[{"href":"https:\/\/esperanto.berlin\/de\/wp-json\/wp\/v2\/pages\/3023"}],"collection":[{"href":"https:\/\/esperanto.berlin\/de\/wp-json\/wp\/v2\/pages"}],"about":[{"href":"https:\/\/esperanto.berlin\/de\/wp-json\/wp\/v2\/types\/page"}],"author":[{"embeddable":true,"href":"https:\/\/esperanto.berlin\/de\/wp-json\/wp\/v2\/users\/14"}],"replies":[{"embeddable":true,"href":"https:\/\/esperanto.berlin\/de\/wp-json\/wp\/v2\/comments?post=3023"}],"version-history":[{"count":20,"href":"https:\/\/esperanto.berlin\/de\/wp-json\/wp\/v2\/pages\/3023\/revisions"}],"predecessor-version":[{"id":4861,"href":"https:\/\/esperanto.berlin\/de\/wp-json\/wp\/v2\/pages\/3023\/revisions\/4861"}],"up":[{"embeddable":true,"href":"https:\/\/esperanto.berlin\/de\/wp-json\/wp\/v2\/pages\/11"}],"wp:attachment":[{"href":"https:\/\/esperanto.berlin\/de\/wp-json\/wp\/v2\/media?parent=3023"}],"curies":[{"name":"wp","href":"https:\/\/api.w.org\/{rel}","templated":true}]}}