{"id":3471,"date":"2016-07-03T11:29:05","date_gmt":"2016-07-03T10:29:05","guid":{"rendered":"https:\/\/esperanto.berlin\/?page_id=3471"},"modified":"2016-07-06T15:24:51","modified_gmt":"2016-07-06T14:24:51","slug":"pirata-esperanto-skvadro","status":"publish","type":"page","link":"https:\/\/esperanto.berlin\/de\/grupoj\/pirata-esperanto-skvadro\/","title":{"rendered":"Piraten Esperanto-Squad"},"content":{"rendered":"<p>Der Esperanto-Squad ist eine Gruppe von aktiven Piraten, die Esperanto sprechen und die Verwendung von Esperanto innerhalb der Piratenparteien f\u00f6rdern. Es gibt im <a href=\"http:\/\/wiki.piratenpartei.de\/BE:Squads\/Esperanto\">Piratenwiki<\/a> eine \u00dcbersicht \u00fcber unsere Aktivit\u00e4ten wie politische Zusammenk\u00fcnfte, Kurse und Feste.<\/p>\n<p>Fr\u00fchere Aktivit\u00e4ten:<\/p>\n<p>[add_posts category=&#8221;piraten&#8221;]<\/p>","protected":false},"excerpt":{"rendered":"<p>Der Esperanto-Squad ist eine Gruppe von aktiven Piraten, die Esperanto sprechen und die Verwendung von Esperanto innerhalb der Piratenparteien f\u00f6rdern. Es gibt im Piratenwiki eine \u00dcbersicht \u00fcber unsere Aktivit\u00e4ten wie politische Zusammenk\u00fcnfte, Kurse und Feste. Fr\u00fchere Aktivit\u00e4ten: [add_posts category=&#8221;piraten&#8221;]<\/p>\n","protected":false},"author":5,"featured_media":0,"parent":11,"menu_order":0,"comment_status":"closed","ping_status":"closed","template":"","meta":{"footnotes":""},"jetpack_shortlink":"https:\/\/wp.me\/Par8jA-TZ","_links":{"self":[{"href":"https:\/\/esperanto.berlin\/de\/wp-json\/wp\/v2\/pages\/3471"}],"collection":[{"href":"https:\/\/esperanto.berlin\/de\/wp-json\/wp\/v2\/pages"}],"about":[{"href":"https:\/\/esperanto.berlin\/de\/wp-json\/wp\/v2\/types\/page"}],"author":[{"embeddable":true,"href":"https:\/\/esperanto.berlin\/de\/wp-json\/wp\/v2\/users\/5"}],"replies":[{"embeddable":true,"href":"https:\/\/esperanto.berlin\/de\/wp-json\/wp\/v2\/comments?post=3471"}],"version-history":[{"count":6,"href":"https:\/\/esperanto.berlin\/de\/wp-json\/wp\/v2\/pages\/3471\/revisions"}],"predecessor-version":[{"id":3640,"href":"https:\/\/esperanto.berlin\/de\/wp-json\/wp\/v2\/pages\/3471\/revisions\/3640"}],"up":[{"embeddable":true,"href":"https:\/\/esperanto.berlin\/de\/wp-json\/wp\/v2\/pages\/11"}],"wp:attachment":[{"href":"https:\/\/esperanto.berlin\/de\/wp-json\/wp\/v2\/media?parent=3471"}],"curies":[{"name":"wp","href":"https:\/\/api.w.org\/{rel}","templated":true}]}}