{"id":3665,"date":"2016-07-08T09:36:04","date_gmt":"2016-07-08T08:36:04","guid":{"rendered":"https:\/\/esperanto.berlin\/?page_id=3665"},"modified":"2017-01-10T18:53:50","modified_gmt":"2017-01-10T17:53:50","slug":"regiono-cirkau-berlin","status":"publish","type":"page","link":"https:\/\/esperanto.berlin\/de\/regiono-cirkau-berlin\/","title":{"rendered":"Region um Berlin"},"content":{"rendered":"<p>Allem internationalistischen Bewusstsein zum Trotz orientiert sich das Esperanto-Leben sehr stark an administrativen Vorgaben (Grenzen von Staaten, Bundesl\u00e4ndern, Kreisen usw.)<\/p>\n<p>Obwohl die Fusion der L\u00e4nder Brandenburg und Berlin zun\u00e4chst gescheitert ist, konnte immerhin eine engere Verbindung der regionalen Esperanto-Verb\u00e4nde erreicht werden. Es gibt einen <a href=\"https:\/\/esperanto.berlin\/verein\/\">Esperanto-Verband Berlin-Brandenburg e.V<\/a> als Landesverband des Deutschen Esperanto-Bundes e.V. (DEB) mit der traditionsreichen <a href=\"https:\/\/esperanto.berlin\/verein\/dokumente\/\">Esperanto-Liga Berlin e.V.<\/a> als Ortsgruppe des DEB.<\/p>\n<p>Daneben gibt es aber in den angrenzenden Bundesl\u00e4ndern eigene Landesverb\u00e4nde des DEB, so in <a href=\"http:\/\/www.esperanto-dresden.de\/\">Sachsen<\/a>, <a href=\"http:\/\/elsa.lali.eo.tel\/\">Sachsen-Anhalt<\/a> und <a href=\"http:\/\/www.esperanto-nb.de\/lv.html\">Mecklenburg-Vorpommern<\/a>, die ein Eigenleben f\u00fchren: eigene Website, eigener Rundbrief, eigene Veranstaltungen, von denen die Nachbarn kaum oder oft zu sp\u00e4t erfahren.<\/p>\n<p>Aber auch jenseits von Oder und Neisse, die seit Jahrzehnten die Staatsgrenze zu <a href=\"http:\/\/www.esperanto.pl\/\">Polen <\/a>bilden, gibt es ein reges Esperanto-Leben. Hier sind vor allem die gr\u00f6sseren St\u00e4dte in der n\u00e4heren Umgebung zu nennen, die lange Zeit zu Deutschland geh\u00f6rt hatten: Stettin (<a href=\"http:\/\/esperanto.szczecin.pl\/\">Szczecin<\/a>), Posen (<a href=\"http:\/\/www.esenco.org\/pl\/\">Pozna\u0144<\/a>), oder Breslau (<a href=\"http:\/\/vroclavo.republika.pl\/\"><span class=\"st\">Wroc\u0142aw<\/span><\/a>) sind solche Beispiele. Auch der Badeort K\u00f6slin (<a href=\"http:\/\/www.esperanto.koszalin.pl\/index.html\">Koszalin<\/a>) an der Ostsee ist noch gut zu erreichen (wenn auch nicht mit der Bahn).<\/p>","protected":false},"excerpt":{"rendered":"<p>Allem internationalistischen Bewusstsein zum Trotz orientiert sich das Esperanto-Leben sehr stark an administrativen Vorgaben (Grenzen von Staaten, Bundesl\u00e4ndern, Kreisen usw.) Obwohl die Fusion der L\u00e4nder Brandenburg und Berlin zun\u00e4chst gescheitert ist, konnte immerhin eine engere Verbindung der regionalen Esperanto-Verb\u00e4nde erreicht &hellip; <a href=\"https:\/\/esperanto.berlin\/de\/regiono-cirkau-berlin\/\">Weiterlesen <span class=\"meta-nav\">&rarr;<\/span><\/a><\/p>\n","protected":false},"author":8,"featured_media":0,"parent":0,"menu_order":0,"comment_status":"closed","ping_status":"closed","template":"","meta":{"footnotes":""},"jetpack_shortlink":"https:\/\/wp.me\/Par8jA-X7","_links":{"self":[{"href":"https:\/\/esperanto.berlin\/de\/wp-json\/wp\/v2\/pages\/3665"}],"collection":[{"href":"https:\/\/esperanto.berlin\/de\/wp-json\/wp\/v2\/pages"}],"about":[{"href":"https:\/\/esperanto.berlin\/de\/wp-json\/wp\/v2\/types\/page"}],"author":[{"embeddable":true,"href":"https:\/\/esperanto.berlin\/de\/wp-json\/wp\/v2\/users\/8"}],"replies":[{"embeddable":true,"href":"https:\/\/esperanto.berlin\/de\/wp-json\/wp\/v2\/comments?post=3665"}],"version-history":[{"count":7,"href":"https:\/\/esperanto.berlin\/de\/wp-json\/wp\/v2\/pages\/3665\/revisions"}],"predecessor-version":[{"id":4499,"href":"https:\/\/esperanto.berlin\/de\/wp-json\/wp\/v2\/pages\/3665\/revisions\/4499"}],"wp:attachment":[{"href":"https:\/\/esperanto.berlin\/de\/wp-json\/wp\/v2\/media?parent=3665"}],"curies":[{"name":"wp","href":"https:\/\/api.w.org\/{rel}","templated":true}]}}