{"id":3843,"date":"2016-08-27T18:25:00","date_gmt":"2016-08-27T17:25:00","guid":{"rendered":"https:\/\/esperanto.berlin\/?page_id=3843"},"modified":"2016-08-29T13:56:17","modified_gmt":"2016-08-29T12:56:17","slug":"deutsch-bulgara-kuireja-terminologio","status":"publish","type":"page","link":"https:\/\/esperanto.berlin\/de\/deutsch-bulgara-kuireja-terminologio\/","title":{"rendered":"Kulinarische Terminologie Bulgarisch:Esperanto"},"content":{"rendered":"<p><strong>Agneschki kotleti<\/strong> kotletoj de \u015dafido kun verdaj faseoloj kaj terpomoj en herba butero<br \/>\n<strong>Agneschko petscheno<\/strong> rosta\u0135o de \u015dafido kun sa\u016dco kaj verdaj faseoloj<br \/>\n<strong>Airan<\/strong> trinka\u0135o el jahurto, akvo, salo<br \/>\n<strong>Baklawa<\/strong> dol\u0109a\u0135o el foliigita pasto kaj juglandoj<br \/>\n<strong>Bob po Manastirski<\/strong> fazeola supo la\u016d mona\u0125eja maniero<br \/>\n<strong>Chubritza-Scharena sol<\/strong> bunta salo &#8211; kun satureo a\u016d saturejo (Satureja el lamiacoj)<br \/>\n<strong>Droptscheta po Selski<\/strong> fritita hepato de koko, kun cepoj kaj papriko<br \/>\n<strong>Gjuwetsch, \u0433\u044e\u0432\u0435\u0447<\/strong> preparita per brezado (rosti viandon kun graso kaj kuiri longtempe en la sama poto post aldono de likvajxo. (ratatujo, le\u0109o) La nomo devenas de la argila poto, kiu estas uzata por prepari. Vidu ankaxu -&gt; <strong>Kawarma<\/strong> (unupersona)<br \/>\n<strong>\u0110uve\u010d<\/strong> (makodona \u0453\u0443\u0432\u0435\u0447, kroate \u0111uve\u010d, serbe \u0452\u0443\u0432\u0435\u0447, turke G\u00fcve\u00e7, greke \u03b3\u03b9\u03bf\u03c5\u03b2\u03ad\u03c4\u03c3\u03b9 Giouvetsi)<br \/>\n<strong>Grozdova Burgas 63<\/strong> konjako<br \/>\n<strong>Grozdova Rakia<\/strong> konjako \u25ba<br \/>\n<strong>G\u00fcwetsche Vitoscha<\/strong> varianto de \u25ba Gjuwetsch kun kolbaso \u25ba Lukanka kaj legomoj, kiuj estis brezitaj en herba butero kaj kovrita per bakita \u015dafa froma\u011do kaj ovo, sevtia kun terpomoa\u25ba Sote<br \/>\n<strong>Kaschkaval | \u043a\u0430\u0448\u043a\u0430\u0432\u0430\u043b<\/strong> eble de itala Caciocavallo, malmola seka froma\u011do, vidu anka\u016d \u25ba Sirene<br \/>\n<strong>Kaschkawal pane<\/strong> fritita froma\u011do<br \/>\n<strong>Katak | \u041a\u0430\u0442\u044a\u043a<\/strong> pasto de diki\u011dinta jahurto, \u015dafa froma\u011do, butero kaj ajlo<br \/>\n<strong>Kawarma | \u043a\u0430\u0432\u0430\u0440\u043c\u0430<\/strong> Kawarma povas &#8211; kiel \u25ba Gjuwetsch, esti miksa\u0135o de diversaj legomoj kaj viandoj. En Sofiabar estas poreo, cepoj, porka viando, fungoj, kovrita per \u25ba Kaschkawal froma\u011do, kun terpoma \u25ba Sote.<br \/>\nDroptscheta po Selski | \u0434\u0440\u043e\u0431\u0447\u0435\u0442\u0430 \u043f\u043e \u0441\u0435\u043b\u0441\u043a\u0438 koka hepato, fritita kun cepoj kaj papriko, terpoma ka\u0109o<br \/>\n<strong>Kebaptscheta | \u043a\u0435\u0431\u0430\u043f\u0447\u0435\u0442\u0430<\/strong> memfaritaj bulgaraj viandobuloj, servata kun salato kaj frititaj terpomoj a\u016d rizo<br \/>\n<strong>Kiopolu | \u041a\u044c\u043e\u043f\u043e\u043e\u043b\u0443<\/strong>, ofte \u041a\u044c\u043e\u043f\u043e\u043b\u0443 salato de kradrostitaj melongenoj kaj kapsikoj, kun ajlo, olivoj, blankaj faseoloj, pepronoj. romanie Zacusc\u0103.<br \/>\n<strong>Kiselo zele<\/strong> salato de sa\u016drkra\u016dto (acida brasiko)<br \/>\n<strong>Lukanka,| \u041b\u0443\u043a\u0430\u043d\u043a\u0430<\/strong> bulgara kolbaso (similas al salamo) farita el porka kaj bovida viando kun tipa plata formo.<br \/>\n<strong>Mastika<\/strong> brando kun anizo (similas al Pastis, Uzo kaj aliaj)<br \/>\n<strong>Menta<\/strong> pipromenta likvoro<br \/>\n<strong>Mussaka<\/strong> sufleo el terpomoj kun hakita viando, kovrita per ovo kun jahurto<br \/>\nOvtscharska Salata \u015dafista salato kun tomatoj, kukumoj, fungoj, \u015dinko, nigraj olivoj kaj \u25ba Kaschkaval froma\u011do<br \/>\n<strong>Paniran Kaschkawal<\/strong> fritita tran\u0109o de \u25ba Kaschkawal froma\u011do<br \/>\n<strong>Pileschka Parjola<\/strong> kokina fileo kun bakitaj legomoj kaj terpomoj \u25ba Sote<br \/>\n<strong>Pileschka supa<\/strong> kokina supo<br \/>\n<strong>Pileschki hapki<\/strong> strioj de kokina fileo en biera pasto kun jahurta sa\u016dcon de aneto.<br \/>\n<strong>Pitka<\/strong> pano de iomete salita gista pasto<br \/>\n<strong>Pliska<\/strong> konjako, maturigita 3 jaroj<br \/>\n<strong>Rakia<\/strong> brando, diversaj specoj de diversaj fruktoj (vinberoj, prunoj) kaj el diversaj regionoj.<br \/>\n<strong>Salamureno Sirene | \u0441\u0430\u043b\u0430\u043c\u0443\u0440\u0435\u043d\u043e \u0441\u0438\u0440\u0435\u043d\u0435<\/strong>, blanka froma\u011do en sala likvajox, simile al feta-froma\u011do a\u016d fetao (greke \u03c6\u03ad\u03c4\u03b1), kiu estas nomo limigita al difinita geografia deveno.<br \/>\n<strong>Sarma<\/strong> \u011denerale por folioj kun far\u0109o, ekzemple folioj de brasiko. Se folioj estas malgrandaj \u25ba Sarmitchki<br \/>\n<strong>Sarmitchki<\/strong> malgranda \u25baSarma, far\u0109itaj vinfolioj kun far\u0109o de rizo, cepoj kaj mento (sen viando)<br \/>\n<strong>Schaschlik<\/strong> \u015ca\u015dliko (ruse \u0428\u0430\u0448\u043b\u044b\u043a, el la tatara \u0160a\u0161lyk, \u0160a\u0161lik), rostita a\u016d fritita, plej ofte marinita vianda nutra\u0135o sur rostostango.<br \/>\n<strong>Schischtsche<\/strong> \u015da\u015dliko de kokino kun lardo<br \/>\n<strong>Schkembe tschorba | \u0428\u043a\u0435\u043c\u0431\u0435 \u0447\u043e\u0440\u0431\u0430<\/strong> supo de rumeno de bovino, tripoj (en Eo nur pluralo)<br \/>\n<strong><em>Schopska-Salat | \u0448\u043e\u043f\u0441\u043a\u0430 \u0441\u0430\u043b\u0430\u0442\u0430<\/em> <\/strong>LA bulgara salato el kapsiko, kukumoj, tomatoj, ru\u011daj cepoj kaj \u015dafa froma\u011do<br \/>\nbulgarie \u0448\u043e\u043f\u0441\u043a\u0430 \u0441\u0430\u043b\u0430\u0442\u0430\/schopska salata<br \/>\ngreke \u03c7\u03c9\u03c1\u03b9\u03ac\u03c4\u03b9\u03ba\u03b7 \u03c3\u03b1\u03bb\u03ac\u03c4\u03b1\/Choriatiki<br \/>\nruse \u0428\u043e\u043f\u0441\u043a\u0438\u0439 \u0441\u0430\u043b\u0430\u0442\/Shopskiy salat<br \/>\nserbe \u0448\u043e\u043f\u0441\u043a\u0430 \u0441\u0430\u043b\u0430\u0442\u0430\/\u0161opska salata<br \/>\nturke \u00c7oban salatas\u0131<br \/>\n<strong>Sirene po Schopski | \u0421\u0438\u0440\u0435\u043d\u0435 \u043f\u043e \u0448\u043e\u043f\u0441\u043a\u0438<\/strong> froma\u011do la\u016d la maniero de la popolo de la \u015dopoj. Brezitaj legomoj en herba butero kun \u015dafa froma\u011do, ovo kaj tomatoj en argila poto.<br \/>\n<strong>Sirene pod Kapak | \u0421\u0438\u0440\u0435\u043d\u0435 \u043f\u043e\u0434 \u043a\u0430\u043f\u0430\u043a<\/strong> bulgaria \u015dafa froma\u011do, fritita en raspa\u0135o de pano<br \/>\n<strong>Sirene \u0421\u0438\u0440\u0435\u043d\u0435<\/strong> mola fromagxo en sala likvajxo<br \/>\n<strong>Slivova Rakia Trojanska<\/strong> pruna brando, maturigita 3 jarojn en kverka barelo<br \/>\n<strong>Sote<\/strong> terpomo, fritita kaj kuirita en herba butero kun aneto. Supozeble de sauter (FR), sautieren (DE)<br \/>\n<strong>Snejchanka<\/strong> salato de jahurto, kukumo, aneto kaj ajlo.<br \/>\n<strong>Sudjuk | \u0441\u0443\u0434\u0436\u0443\u043a<\/strong> bulgara kolbaso de bovida viando. Spicoj: oficina kumino (Cuminum cyminum) kaj pipro.<br \/>\n<strong>Swinska Parjola<\/strong> rostita porka\u0135o kun salato kaj frititaj terpomoj<br \/>\n<strong>Tarator | \u0442\u0430\u0440\u0430\u0442\u043e\u0440<\/strong> malvarma supo (kukumo, jahurto, aneto, ajlo)<br \/>\n<strong>Tschorba<\/strong> supo, vidu \u25ba Schkembe<br \/>\n<strong>Tschuschka B\u00fcrek<\/strong> fritita papriko far\u0109ita per miksa\u0135o de \u015dafa froma\u011do, kaseo, ovo, servita kun \u25ba Katak<br \/>\n<strong>Vitoscha<\/strong> verda salato de printempaj cepoj, rafaneto, kukumo, kapsiko, olivoj, kuirita ovo, memfarita sa\u016dco, servita kun \u25baPitka pano<br \/>\n<strong>Zele s morkov | \u0421\u0430\u043b\u0430\u0442\u0430 \u043e\u0442 \u0437\u0435\u043b\u0435 \u0438 \u043c\u043e\u0440\u043a\u043e\u0432\u0438<\/strong> brasika salato kun raspitaj karotoj<\/p>\n<p>Okaze de Esperanto Plenbu\u015de (26-a de a\u016dgust 2016) la\u016d la menukarto de Sofiabar<br \/>\nkompilita de Roland Schnell (esperanto@berlin.de)<\/p>","protected":false},"excerpt":{"rendered":"<p>Agneschki kotleti kotletoj de \u015dafido kun verdaj faseoloj kaj terpomoj en herba butero Agneschko petscheno rosta\u0135o de \u015dafido kun sa\u016dco kaj verdaj faseoloj Airan trinka\u0135o el jahurto, akvo, salo Baklawa dol\u0109a\u0135o el foliigita pasto kaj juglandoj Bob po Manastirski fazeola &hellip; <a href=\"https:\/\/esperanto.berlin\/de\/deutsch-bulgara-kuireja-terminologio\/\">Weiterlesen <span class=\"meta-nav\">&rarr;<\/span><\/a><\/p>\n","protected":false},"author":8,"featured_media":0,"parent":0,"menu_order":0,"comment_status":"closed","ping_status":"closed","template":"","meta":{"footnotes":""},"jetpack_shortlink":"https:\/\/wp.me\/Par8jA-ZZ","_links":{"self":[{"href":"https:\/\/esperanto.berlin\/de\/wp-json\/wp\/v2\/pages\/3843"}],"collection":[{"href":"https:\/\/esperanto.berlin\/de\/wp-json\/wp\/v2\/pages"}],"about":[{"href":"https:\/\/esperanto.berlin\/de\/wp-json\/wp\/v2\/types\/page"}],"author":[{"embeddable":true,"href":"https:\/\/esperanto.berlin\/de\/wp-json\/wp\/v2\/users\/8"}],"replies":[{"embeddable":true,"href":"https:\/\/esperanto.berlin\/de\/wp-json\/wp\/v2\/comments?post=3843"}],"version-history":[{"count":5,"href":"https:\/\/esperanto.berlin\/de\/wp-json\/wp\/v2\/pages\/3843\/revisions"}],"predecessor-version":[{"id":3871,"href":"https:\/\/esperanto.berlin\/de\/wp-json\/wp\/v2\/pages\/3843\/revisions\/3871"}],"wp:attachment":[{"href":"https:\/\/esperanto.berlin\/de\/wp-json\/wp\/v2\/media?parent=3843"}],"curies":[{"name":"wp","href":"https:\/\/api.w.org\/{rel}","templated":true}]}}