{"id":3850,"date":"2016-08-28T13:31:12","date_gmt":"2016-08-28T12:31:12","guid":{"rendered":"https:\/\/esperanto.berlin\/?page_id=3850"},"modified":"2016-09-11T07:36:22","modified_gmt":"2016-09-11T06:36:22","slug":"publika-agado","status":"publish","type":"page","link":"https:\/\/esperanto.berlin\/de\/publika-agado\/","title":{"rendered":"\u00d6ffentlichkeitsarbeit"},"content":{"rendered":"<p><\/p>\n<h2>Konzept \u00d6ffentlichkeitsarbeit<\/h2>\n<p>Die \u00d6ffentlichkeitsarbeit l\u00e4sst sich in zwei Bereiche einteilen:<\/p>\n<table>\n<tbody>\n<tr>\n<td><strong>Wirkung nach innen:<\/strong><\/p>\n<p>Esperantisten, Mitglieder, Sympathisanten auf Esperanto) und Interessenten (auf Deutsch)<\/p>\n<p>Website: esperanto.berlin<\/p>\n<p>Mailinglisten<\/p>\n<p>Informilo<\/p>\n<p>Rundschreiben<\/td>\n<td><strong>Wirkung nach aussen:<\/strong><\/p>\n<p>Printmedien (Tagespresse, Anzeigenbl\u00e4tter, Spezialzeitschriften) elektronische Medien (Rundfunk, Fernsehen)<\/p>\n<p>Blogs (Sprachfragen, Lokales, Kultur)<\/p>\n<p>Option: Anzeigen<\/p>\n<p><a href=\"#Infostand\">Infost\u00e4nde <\/a>(Fest Esperantoplatz, Expolingua)<\/td>\n<\/tr>\n<\/tbody>\n<\/table>\n<p>Die Bereiche k\u00f6nnen von verschiedenen Personen oder Teams betreut werden. Wegen vielf\u00e4ltiger \u00dcberschneidung der Inhalt sollte das in enger Abstimmung erfolgen. Vieles regelt sich von allein, wenn auch Entw\u00fcrfe oder Vorschl\u00e4ge fr\u00fchzeitig \u00fcber die Web-Site kommuniziert werden (Prinzip <a href=\"http:\/\/NewsDesk\">News Desk<\/a>)<\/p>\n<h2>Nach aussen:<\/h2>\n<p>Die beste Reichweite wird \u00fcber die kommerziellen Medien erreicht. Tageszeitungen, kostenlose Anzeigenbl\u00e4tter, Veranstaltungsf\u00fchrer (z.B. zitty), bzw. Rundfunkstationen.<\/p>\n<p>Fernsehen kommt eher weniger in Frage, da in der Regel nichts beeindruckendes zu sehen ist. Ausnahmen eventuell Verantstaltungen mit k\u00fcnstlerischen Darbietungen oder Ausstellungen.<\/p>\n<p>Die Redaktionen m\u00fcssen regelm\u00e4ssig mit kleinen Meldungen versorgt werden, nicht mit Grundsatzartikel zum hypothetischen Nutzen oder zu historischen Einzelheiten der Esperanto-Bewegung oder sprachlichen Finessen.<\/p>\n<p>Die Texte werden elektronisch verschickt und k\u00f6nnen von den Redaktionen unmittelbar \u00fcbernommen werden (zum <a href=\"#PM\">Aufbau einer Pressemitteilung<\/a>)<\/p>\n<h2>Nach innen<\/h2>\n<p>Die Kommunikation nach innen betrifft die Zielgruppe der eingeschriebenen Mitglieder von Organisationen und die nicht organisierten Esperanto-Sprecher.<\/p>\n<p>Die Mehrheit ist \u00fcber E-Mail zu erreichen (<a href=\"#Verteiler\">Verteiler aufbauen<\/a>), die Mitgliedschaft in Mailinlisten ist freiwillig und es werden nicht alle erreicht.<\/p>\n<p>Unklar ist, wer nicht elektronisch erreichbar ist. Zumindest Mitglieder m\u00fcssen gelegentlich Informationen per Post bekommen (fr\u00fcher: <a href=\"#Informilo\">Informilo<\/a>)<\/p>\n<p>Das Informilo kann auch gezielt als Werbemittel f\u00fcr Interessenten und Sympathisanten, auch befreundete Gruppen, eingesetzt werden. Dann aber nur auf Deutsch.<\/p>\n<h3>Aufbau einer Pressemitteilung<\/h3>\n<p>Pressemitteilungen sind kurz und \u00fcberwiegend die Ank\u00fcndigung eines Events, das zumindest theoretisch auch das Publikum ausserhalb der Esperanto-Szene ansprechen k\u00f6nnte.<\/p>\n<p>Pressemitteilungen sind nicht allein f\u00fcr die Ver\u00f6ffentlichung gedacht. Sie pr\u00e4gen auch das Wissen der Journalisten und gehen an &#8220;befreundete&#8221; Gruppen, z.B. aus der Sprachenszene.<\/p>\n<p>Gr\u00f6ssere Veranstaltungen (Zamenhof-Fest, Sommerfest Esperantoplatz, Vortrag, Konzert)<\/p>\n<p>Ausw\u00e4rtige Veranstaltungen, wenn jemand aus Berlin dabei ist (UK) und dar\u00fcber berichtet.<\/p>\n<p>Ver\u00e4nderungen im Verein (Vorstandswahlen, Erkl\u00e4rung zu bestimmten Anl\u00e4ssen etwa Gedenktage von Zamenhof)<\/p>\n<p>Erscheinen des Informilo oder anderer Publikationen mit Berlin-Bezug (B\u00fccher oder Artikel von Autoren aus Berlin)<\/p>\n<p>Durchreise von Esperanto-Reisegruppen (karavano)<\/p>\n<p>Vom Umfang her sollte sich die Pressemitteilung auf das beschr\u00e4nken, was gedruckt auf eine Seite A4 passen w\u00fcrden. (3 &#8211; 4 Bl\u00f6cke Text). Ein Abschnitt erkl\u00e4rt knapp, was Esperanto ist. Dazu 2 -3 Links auf Hintergrundmaterial (z.B. Wikipedia oder DEB)<\/p>\n<h3>Infostand<\/h3>\n<p>Mit einem Infostand erreicht man ein unspezifisches Publikum, bei dem man manchmal Vorinformation annehmen kann (Expolingua), meist aber eher nicht.<\/p>\n<p>Der Wunsch ist meist, die ganze Breite von Esperanto darzustellen, was in der Regel zu einem Wust von Informationsmaterialien auf dem Tisch f\u00fchrt (B\u00fccher, Brosch\u00fcren). Je nach \u00f6rtlicher Situation kann eine Wand genutzt werden.<\/p>\n<p>Vorher abkl\u00e4ren, ob ein Tisch zur Verf\u00fcgung gestellt wird und wie gross dieser ist. Material geziel ausw\u00e4hlen. Ein allgemeines Infoblatt (Was ist Esperanto? Faltblatt A4 auf drei Seiten gefaltet ist ideal) reicht. Weiteres Material kann bei Bedarf gezielt \u00fcbergeben werden (z.B. Grammatik).<\/p>\n<p>Wichtig ist ein Tuch mit neutralem Muster, das die <strong>ganze Fl\u00e4che des Tisches<\/strong> bedeckt und vorne \u00fcberh\u00e4ngt. An der Vorderseite kann, wo es Sinn macht, eine Sch\u00fcrze mit einem Schriftzug angeh\u00e4ngt werden. Gr\u00f6sse vorher ermitteln und ggf. nach Bedar produzieren. <a href=\"http:\/\/Zubeh\u00f6r\">Zubeh\u00f6r <\/a>nicht vergessen (Klebeband, Reisszwecken usw.)<\/p>\n<p>Material zielgruppengerecht ausw\u00e4hlen. Eventuell gezielt daf\u00fcr herstellen (Kopieren). Vorzugsweise auf A5 gefaltet. Bei selbst erstelltem Material auf Kontaktadresse achten. (Web, Mail, ggf. Facebook usw. soweit vorzeigbar).<\/p>\n<p>Mitwirkende am Infostand tragen ein Namensschild. Je nach Anlass mit Vornamen oder Nachnamen, aber in einheitlichem Lay-Out.<\/p>\n<p>Es gibt eine vorgedruckte Liste zum Sammeln von Adressen. Die Zeilen m\u00fcssen gross genug f\u00fcr handschriftliche Eintr\u00e4ge sein. Wichtig ist die E-mail-Adresse. Braucht viel Platz.<\/p>\n<p>QR-Code gezielt nutzen. Sichtbar aufh\u00e4ngen (Plakat, Kleber) oder auf T-Shirt (R\u00fccken) drucken.<\/p>\n<h3>Grundausstattung Infotisch<\/h3>\n<p>Je nach Zielgruppe durch spezifisches Material erg\u00e4nzen. Die Auswahl, die ausgelegt wird, h\u00e4ngt von der attraktiven Gestaltung ab. Weitere Titel k\u00f6nnen unter dem Tisch vorr\u00e4tig gehalten werden und je nach Verlauf des Gespr\u00e4chs gezeigt werden.<\/p>\n<p>W\u00f6rterbuch (kleines DE:EO, evt PIV)<\/p>\n<p>Beispiel bekannte Comics (Asterix, Tintin)<\/p>\n<p>Beispiel bekannte B\u00fccher (Der kleine Prinz, Die kleine Hexe, Max und Moritz, Der kleine Hobbit&#8230;.)<\/p>\n<p>Weltliteratur (Bibel, Koran, Faust, Karl May&#8230;.)<\/p>\n<p>Berlinspezifik (Jubil\u00e4umsbuch)<\/p>\n<h3>Zubeh\u00f6r Infotisch<\/h3>\n<p>Zum Infostand geh\u00f6ren Kleinigkeiten, die man leicht vorher zusammenstellten kann und die viel Stress machen, wenn sie nicht da sind.<\/p>\n<p>Klebeband (verschiedene Sorten), Reisszwecken.<\/p>\n<p>Bei Ausseneinsatz mit Windrisko: Steine, Beutel (z.B. Socken) mit Sand gef\u00fcllt, Abschnitte von Holzlatten, vorzugsweise mit Aufschrift.<\/p>\n<p>Schnur<\/p>\n<p>Namensschilder (Vordruck mit Corporate Design), Dicker Filzstift<\/p>\n<p>Liste zum Erfassen von Interessenten.<\/p>\n<h2>Prinzip News Desk<\/h2>\n<p>Alle Nachrichten von den verschiedensten Quellen laufen \u00fcber eine zentrale Stelle und werden je nach Medium und Zielgruppe verarbeitet.<\/p>\n<p>Nachrichtenquellen sind etwa Zuschriften von lokalen Aktivisten, Inhalte von Esperanto-Zeitschriften, Portale anderer Organisatione, Blog-Beitr\u00e4ge.<\/p>\n<p>Vieles kann \u00fcber die Aggregierung von Feeds vereinfacht werden.<\/p>","protected":false},"excerpt":{"rendered":"<p>Konzept \u00d6ffentlichkeitsarbeit Die \u00d6ffentlichkeitsarbeit l\u00e4sst sich in zwei Bereiche einteilen: Wirkung nach innen: Esperantisten, Mitglieder, Sympathisanten auf Esperanto) und Interessenten (auf Deutsch) Website: esperanto.berlin Mailinglisten Informilo Rundschreiben Wirkung nach aussen: Printmedien (Tagespresse, Anzeigenbl\u00e4tter, Spezialzeitschriften) elektronische Medien (Rundfunk, Fernsehen) Blogs (Sprachfragen, &hellip; <a href=\"https:\/\/esperanto.berlin\/de\/publika-agado\/\">Weiterlesen <span class=\"meta-nav\">&rarr;<\/span><\/a><\/p>\n","protected":false},"author":8,"featured_media":0,"parent":0,"menu_order":0,"comment_status":"closed","ping_status":"closed","template":"","meta":{"footnotes":""},"jetpack_shortlink":"https:\/\/wp.me\/Par8jA-106","_links":{"self":[{"href":"https:\/\/esperanto.berlin\/de\/wp-json\/wp\/v2\/pages\/3850"}],"collection":[{"href":"https:\/\/esperanto.berlin\/de\/wp-json\/wp\/v2\/pages"}],"about":[{"href":"https:\/\/esperanto.berlin\/de\/wp-json\/wp\/v2\/types\/page"}],"author":[{"embeddable":true,"href":"https:\/\/esperanto.berlin\/de\/wp-json\/wp\/v2\/users\/8"}],"replies":[{"embeddable":true,"href":"https:\/\/esperanto.berlin\/de\/wp-json\/wp\/v2\/comments?post=3850"}],"version-history":[{"count":13,"href":"https:\/\/esperanto.berlin\/de\/wp-json\/wp\/v2\/pages\/3850\/revisions"}],"predecessor-version":[{"id":3863,"href":"https:\/\/esperanto.berlin\/de\/wp-json\/wp\/v2\/pages\/3850\/revisions\/3863"}],"wp:attachment":[{"href":"https:\/\/esperanto.berlin\/de\/wp-json\/wp\/v2\/media?parent=3850"}],"curies":[{"name":"wp","href":"https:\/\/api.w.org\/{rel}","templated":true}]}}