{"id":4146,"date":"2016-11-17T16:31:28","date_gmt":"2016-11-17T15:31:28","guid":{"rendered":"https:\/\/esperanto.berlin\/?page_id=4146"},"modified":"2016-11-22T15:25:02","modified_gmt":"2016-11-22T14:25:02","slug":"deutsch-facebook-esperanto-de","status":"publish","type":"page","link":"https:\/\/esperanto.berlin\/de\/deutsch-facebook-esperanto-de\/","title":{"rendered":"Facebook Esperanto.DE"},"content":{"rendered":"<p>Hier werden die letzten 10 Eintr\u00e4ge von dem angezeigt, was der Deutsche Esperanto-Bund bei Facebook ver\u00f6ffentlicht (<a href=\"https:\/\/www.facebook.com\/esperanto.deutschland\/\">Adresse<\/a>). Es geht auch ohne Anmeldung, obwohl dauernd versucht einen dazu zu dr\u00e4ngen. Hier wird niemand zu etwas gezwungen!<\/p>\n<p><code>[custom-facebook-feed id=esperanto.deutschland num=10]<\/code><\/p>\n<p>&nbsp;<\/p>","protected":false},"excerpt":{"rendered":"<p>Hier werden die letzten 10 Eintr\u00e4ge von dem angezeigt, was der Deutsche Esperanto-Bund bei Facebook ver\u00f6ffentlicht (Adresse). Es geht auch ohne Anmeldung, obwohl dauernd versucht einen dazu zu dr\u00e4ngen. Hier wird niemand zu etwas gezwungen! [custom-facebook-feed id=esperanto.deutschland num=10] &nbsp;<\/p>\n","protected":false},"author":8,"featured_media":0,"parent":0,"menu_order":0,"comment_status":"closed","ping_status":"closed","template":"","meta":{"footnotes":""},"jetpack_shortlink":"https:\/\/wp.me\/Par8jA-14S","_links":{"self":[{"href":"https:\/\/esperanto.berlin\/de\/wp-json\/wp\/v2\/pages\/4146"}],"collection":[{"href":"https:\/\/esperanto.berlin\/de\/wp-json\/wp\/v2\/pages"}],"about":[{"href":"https:\/\/esperanto.berlin\/de\/wp-json\/wp\/v2\/types\/page"}],"author":[{"embeddable":true,"href":"https:\/\/esperanto.berlin\/de\/wp-json\/wp\/v2\/users\/8"}],"replies":[{"embeddable":true,"href":"https:\/\/esperanto.berlin\/de\/wp-json\/wp\/v2\/comments?post=4146"}],"version-history":[{"count":4,"href":"https:\/\/esperanto.berlin\/de\/wp-json\/wp\/v2\/pages\/4146\/revisions"}],"predecessor-version":[{"id":4167,"href":"https:\/\/esperanto.berlin\/de\/wp-json\/wp\/v2\/pages\/4146\/revisions\/4167"}],"wp:attachment":[{"href":"https:\/\/esperanto.berlin\/de\/wp-json\/wp\/v2\/media?parent=4146"}],"curies":[{"name":"wp","href":"https:\/\/api.w.org\/{rel}","templated":true}]}}