{"id":44,"date":"2011-01-21T08:07:52","date_gmt":"2011-01-21T07:07:52","guid":{"rendered":"http:\/\/www.esperanto.de\/berlin\/wordpress\/"},"modified":"2019-09-12T18:33:45","modified_gmt":"2019-09-12T17:33:45","slug":"danziger-50","status":"publish","type":"page","link":"https:\/\/esperanto.berlin\/de\/grupoj\/danziger-50\/","title":{"rendered":"Danziger 50"},"content":{"rendered":"<p>Im Kulturhaus &#8220;ZENTRUM danziger50&#8221; des Kulturvereins Prenzlauer Berg e.V. gab es seit der Er\u00f6ffnung des Zentrums am 3. Juni 2006 bis April 2019 eine Esperanto-Fachgruppe.<\/p>\n<p>Ab Oktober 2019 wird die Tradition der thematischen Veranstaltungen an jedem ersten Montag im Monat\u00a0 im Esperanto-Laden, Katzbachstra\u00dfe 25 in Kreuzberg unter dem Motto <a href=\"https:\/\/esperanto.berlin\/de\/lunde-ce-viktoriaparko\/\">&#8220;Montags am Viktoriapark&#8221;<\/a> fortgesetzt.<\/p>\n<div id=\"attachment_6453\" style=\"width: 334px\" class=\"wp-caption alignright\"><img loading=\"lazy\" decoding=\"async\" aria-describedby=\"caption-attachment-6453\" class=\" wp-image-6453\" src=\"https:\/\/esperanto.berlin\/wp-content\/uploads\/2019\/01\/Zentrum-danziger-50-kk-1.jpg\" alt=\"\" width=\"324\" height=\"450\" \/><p id=\"caption-attachment-6453\" class=\"wp-caption-text\">Das Zentrum &#8220;danziger50&#8221; mit der Esperanto-Inschrift<br \/>EN PRENCLOVA MONTO AL APOLONO KAJ AL LA MUZOJ<\/p><\/div>\n<p><strong>Wo:<\/strong> Danziger Stra\u00dfe 50, 10435 Berlin in der Kellerbar (Klingelknopf: Gew\u00f6lbekeller)<br \/>\n<strong>Wann:<\/strong> Am zweiten und vierten Montag jedes Monats (au\u00dfer an Feiertagen), 19:30 Uhr<br \/>\n<strong>Verkehrsmittel:<\/strong> 600 m (ca. 14 Min.) vom U-Bahnhof &#8220;Eberswalder Stra\u00dfe&#8221; (U2); die Haltestelle &#8220;Husemannstra\u00dfe&#8221; der Stra\u00dfenbahn M10 (z. B. vom Hauptbahnhof) befindet sich fast direkt vor dem Haus; die Haltestelle &#8220;Prenzlauer Allee\/Danziger Stra\u00dfe&#8221; der Stra\u00dfenbahn M2 (z. B. vom Alexanderplatz) ist einen kurzen Fu\u00dfweg (8 Min.) entfernt; vom S-Bahnhof &#8220;Prenzlauer Allee&#8221; l\u00e4uft man etwas l\u00e4nger (18 Min.).<\/p>\n<div id=\"attachment_6440\" style=\"width: 127px\" class=\"wp-caption alignleft\"><img loading=\"lazy\" decoding=\"async\" aria-describedby=\"caption-attachment-6440\" class=\" wp-image-6440\" src=\"https:\/\/esperanto.berlin\/wp-content\/uploads\/2019\/01\/Zentrum-danziger-50-Eingang-kk.jpg\" alt=\"\" width=\"117\" height=\"156\" \/><p id=\"caption-attachment-6440\" class=\"wp-caption-text\">Der Eingang zum Zentrum &#8220;danziger50&#8221;<\/p><\/div>\n<p>&nbsp;<\/p>\n<p>&nbsp;<\/p>\n<p>&nbsp;<\/p>\n<p>&nbsp;<\/p>\n<p>&nbsp;<\/p>\n<p>&nbsp;<\/p>\n<p>Die Vortr\u00e4ge fanden in der Regel auf Esperanto statt. Bei Bedarf wurden Zusammenfassungen in deutscher Sprache gegeben.<\/p>\n<p>Hier die Themen der Veranstaltungen.<\/p>\n<p><a href=\"https:\/\/esperanto.berlin\/de\/moser-svitavy-2017\/\">Moser zu Svitavy<\/a><\/p>\n<p><a href=\"https:\/\/esperanto.berlin\/de\/sango-la-festivalo\/\">Themenwochenende Blut<\/a><\/p>\n<p><a href=\"https:\/\/esperanto.berlin\/de\/kasi-koncertos-en-berlino-la-28-an-de-aprilo\/\">Carsten Schnathorst in Berlin<\/a><\/p>\n<p><a href=\"https:\/\/esperanto.berlin\/de\/spektaklo-pri-verdsanguloj-kun-kantoj-de-kasi-prezentitaj-dum-sango-festivalo-en-danziger50\/\">Spektakel Gr\u00fcnes Blut aufgef\u00fchrt<\/a><\/p>\n<p><a href=\"https:\/\/esperanto.berlin\/de\/anna-d50\/\">Anna und Dmitri in der danziger50<\/a><\/p>\n<p><a href=\"https:\/\/esperanto.berlin\/de\/miriga-prenzlova-monto\/\">R\u00e4tseln \u00fcber Prenzlova Monto<\/a><\/p>\n<p><a href=\"https:\/\/esperanto.berlin\/de\/temoj-danziger-50\/\">Themen Oktober bis Dezember 2018<\/a><\/p>\n<p><a href=\"ttps:\/\/esperanto.berlin\/de\/tago-de-esperanto-libro\/\">Tag des Esperanto-Buche &#8211; Festbuch Ulrich Lins<\/a><\/p>\n<p><a href=\"https:\/\/esperanto.berlin\/de\/temoj-danziger50\/\">Themen Januar 2019<\/a><\/p>\n<p><a href=\"https:\/\/esperanto.berlin\/de\/temoj-danziger50-2019-02\/\">Themen Februar 2019<\/a><\/p>\n<p><a href=\"https:\/\/esperanto.berlin\/de\/temoj-danziger50-2019-03\/\">Themen M\u00e4rz 2019<\/a><\/p>\n<p><a href=\"https:\/\/esperanto.berlin\/de\/deutsch-themen-danziger50-2019-04\/\">Themen April 2019<\/a><\/p>\n<p><a href=\"https:\/\/esperanto.berlin\/de\/spektaklo-verda-sango-2-en-centro-danziger50\/\">Spektakel Gr\u00fcnes Blut 2<\/a><\/p>\n<p><a href=\"https:\/\/esperanto.berlin\/de\/verda-sango-2-sukcese-surscenigita\/\">Gr\u00fcnes Blut 2 erfolgreich aufgef\u00fchrt<\/a><\/p>\n<p>&nbsp;<\/p>","protected":false},"excerpt":{"rendered":"<p>Im Kulturhaus &#8220;ZENTRUM danziger50&#8221; des Kulturvereins Prenzlauer Berg e.V. gab es seit der Er\u00f6ffnung des Zentrums am 3. Juni 2006 bis April 2019 eine Esperanto-Fachgruppe. Ab Oktober 2019 wird die Tradition der thematischen Veranstaltungen an jedem ersten Montag im Monat\u00a0 &hellip; <a href=\"https:\/\/esperanto.berlin\/de\/grupoj\/danziger-50\/\">Weiterlesen <span class=\"meta-nav\">&rarr;<\/span><\/a><\/p>\n","protected":false},"author":3,"featured_media":0,"parent":11,"menu_order":0,"comment_status":"closed","ping_status":"closed","template":"","meta":{"footnotes":""},"jetpack_shortlink":"https:\/\/wp.me\/Par8jA-I","_links":{"self":[{"href":"https:\/\/esperanto.berlin\/de\/wp-json\/wp\/v2\/pages\/44"}],"collection":[{"href":"https:\/\/esperanto.berlin\/de\/wp-json\/wp\/v2\/pages"}],"about":[{"href":"https:\/\/esperanto.berlin\/de\/wp-json\/wp\/v2\/types\/page"}],"author":[{"embeddable":true,"href":"https:\/\/esperanto.berlin\/de\/wp-json\/wp\/v2\/users\/3"}],"replies":[{"embeddable":true,"href":"https:\/\/esperanto.berlin\/de\/wp-json\/wp\/v2\/comments?post=44"}],"version-history":[{"count":86,"href":"https:\/\/esperanto.berlin\/de\/wp-json\/wp\/v2\/pages\/44\/revisions"}],"predecessor-version":[{"id":7427,"href":"https:\/\/esperanto.berlin\/de\/wp-json\/wp\/v2\/pages\/44\/revisions\/7427"}],"up":[{"embeddable":true,"href":"https:\/\/esperanto.berlin\/de\/wp-json\/wp\/v2\/pages\/11"}],"wp:attachment":[{"href":"https:\/\/esperanto.berlin\/de\/wp-json\/wp\/v2\/media?parent=44"}],"curies":[{"name":"wp","href":"https:\/\/api.w.org\/{rel}","templated":true}]}}