{"id":4866,"date":"2017-05-31T13:50:09","date_gmt":"2017-05-31T12:50:09","guid":{"rendered":"https:\/\/esperanto.berlin\/?page_id=4866"},"modified":"2017-05-31T13:53:51","modified_gmt":"2017-05-31T12:53:51","slug":"literatur","status":"publish","type":"page","link":"https:\/\/esperanto.berlin\/de\/literatur\/","title":{"rendered":"Literatur auf Esperanto"},"content":{"rendered":"<p>Es gibt sie wirklich, die Literatur auf Esperanto. In Buchhandlungen fragt man meist vergeblich danach, denn sie wird nur in ganz geringem Umfang \u00fcber den normalen Buchhandel vertrieben. Clevere Buchh\u00e4ndler bestellen auch das gesuchte Buch.<\/p>\n<p>Schon eher wird man im Internet f\u00fcndig. Die erste Adresse, die einem in den Sinn kommt, d\u00fcrfte <a href=\"https:\/\/www.amazon.de\/Esperanto-B%C3%BCcher\/s?ie=UTF8&amp;page=1&amp;rh=n%3A186606%2Ck%3AEsperanto\">Amazon <\/a>sein. Dort gibt es \u00fcber 1.000 Angebote, darunter viele Lehrb\u00fccher und B\u00fccher \u00fcber Esperanto oder andere Plansprachen.<\/p>\n<p>Gebrauchtes kann man bei <a href=\"http:\/\/www.ebay.com\/sch\/i.html?_from=R40&amp;_trksid=p2057253.m570.l1311.R6.TR8.TRC2.A0.H0.Xesperanto.TRS0&amp;_nkw=esperanto+book&amp;_sacat=0\">ebay <\/a>bekommen. B\u00fccher in Esperanto, aber auch alles m\u00f6gliche, wie Briefmarken, Plakate, Postkarten, Schallplatten usw.<\/p>\n<p>Umfangreicher ist das Angebot bei verschiedenen Esperanto-B\u00fccherdiensten, die aber selten genaue Angaben zum betreffenden Werk machen und zudem ihre Website h\u00e4ufig nur auf Esperanto haben<\/p>\n<p>In Deutschland <a href=\"https:\/\/www.esperanto-buchversand.de\/\">Esperanto-Buchversand <\/a>und der <a href=\"http:\/\/www.esperantoland.org\/de\/libroj\/\">Buchversand von EsperantoLand<\/a><\/p>\n<p>International der <a href=\"http:\/\/katalogo.uea.org\/\">Buchversand des Esperanto-Weltbundes <\/a>UEA. Dort kann man nach <a href=\"http:\/\/katalogo.uea.org\/index.php?st=kat\">Kategorien suchen<\/a>, was eine gewisse Schneisse in der \u00fcberw\u00e4ltigenden F\u00fclle des Angebots schl\u00e4gt.<\/p>\n<table style=\"font-size: 8pt;\" border=\"0\" width=\"90%\" cellpadding=\"4\">\n<tbody style=\"font-size: 8pt;\">\n<tr style=\"font-size: 10pt;\">\n<td valign=\"top\" width=\"33%\"><a href=\"http:\/\/katalogo.uea.org\/index.php?kateg=antl\">Antologioj <\/a> (Anthologien)<br \/>\n<a href=\"http:\/\/katalogo.uea.org\/index.php?kateg=bibl\">Bibliografioj<\/a> (Bibliografien)<br \/>\n<a href=\"http:\/\/katalogo.uea.org\/index.php?kateg=bild\">Bildrakontoj <\/a> (Bilderz\u00e4hlungen, Comics)<br \/>\n<a href=\"http:\/\/katalogo.uea.org\/index.php?kateg=biog\">Biografiaj <\/a> (Biografien)<br \/>\n<a href=\"http:\/\/katalogo.uea.org\/index.php?st=brok\">Brokanta\u0135oj <\/a> (Antiquarisch)<br \/>\n<a href=\"http:\/\/katalogo.uea.org\/index.php?kateg=div\">Diversa\u0135oj<\/a>(Verschiedenes)<br \/>\n<a href=\"http:\/\/katalogo.uea.org\/index.php?kateg=dvd\">DVD-oj<\/a> (DVDs)<br \/>\n<a href=\"http:\/\/katalogo.uea.org\/index.php?kateg=eseo\">Eseoj<\/a> (Kurzgeschichten)<br \/>\n<a href=\"http:\/\/katalogo.uea.org\/index.php?kateg=filat\">Filatela\u0135oj<\/a> (Philatelie)<br \/>\n<a href=\"http:\/\/katalogo.uea.org\/index.php?kateg=filo\">Filozofio<\/a> (Philosophie)<br \/>\n<a href=\"http:\/\/katalogo.uea.org\/index.php?kateg=foto\">Fotolibroj, albumoj<\/a> (Bildb\u00e4nde)<br \/>\n<a href=\"http:\/\/katalogo.uea.org\/index.php?kateg=gevo\">Geografio, voja\u011doj<\/a> (Geografie, Reiseberichte)<br \/>\n<a href=\"http:\/\/katalogo.uea.org\/index.php?kateg=hist\">Historio<\/a> (Geschichte)<br \/>\n<a href=\"http:\/\/katalogo.uea.org\/index.php?kateg=kant\">Kantaroj, muziko<\/a> (Liederb\u00fccher, Musik)<\/td>\n<td valign=\"top\" width=\"33%\">\n<a href=\"http:\/\/katalogo.uea.org\/index.php?kateg=kas\">Kasedoj<\/a>(Musikcasetten)<br \/>\n<a href=\"http:\/\/katalogo.uea.org\/index.php?kateg=kd\">KD-oj<\/a> (CDs)<br \/>\n<a href=\"http:\/\/katalogo.uea.org\/index.php?kateg=prog\">Komp. programoj<\/a> (Software)<br \/>\n<a href=\"http:\/\/katalogo.uea.org\/index.php?kateg=lego\">Legolibroj<\/a> (Leseb\u00fccher)<br \/>\n<a href=\"http:\/\/katalogo.uea.org\/index.php?kateg=lvi\">Lerniloj, vortaroj<\/a> (Lehr- und W\u00f6rterb\u00fccher)<br \/>\n<a href=\"http:\/\/katalogo.uea.org\/index.php?kateg=lern\">Lerniloj alilingvaj<\/a> (fremdsprachige Lehrb\u00fccher)<br \/>\n<a href=\"http:\/\/katalogo.uea.org\/index.php?kateg=ling\">Lingvistiko<\/a> (Linguistik)<br \/>\n<a href=\"http:\/\/katalogo.uea.org\/index.php?kateg=ludo\">Ludoj<\/a> (Spiele)<br \/>\n<a href=\"http:\/\/katalogo.uea.org\/index.php?kateg=miks\">Miksita literaturo<\/a> (gemischte Literatur)<br \/>\n<a href=\"http:\/\/katalogo.uea.org\/index.php?kateg=mov\">Movado<\/a> (Esperanto-Bewegung)<br \/>\n<a href=\"http:\/\/katalogo.uea.org\/index.php?kateg=per\">Perioda\u0135oj<\/a> (Zeitschriften, Periodika)<br \/>\n<a href=\"http:\/\/katalogo.uea.org\/index.php?kateg=poor\">Poezio originala<\/a><\/td>\n<td valign=\"top\" width=\"33%\"><a href=\"http:\/\/katalogo.uea.org\/index.php?kateg=potr\">Poezio tradukita<\/a> (Gedichte \u00dcbersetzungen)<br \/>\n<a href=\"http:\/\/katalogo.uea.org\/index.php?kateg=pol\">Politiko<\/a> (Politik)<br \/>\n<a href=\"http:\/\/katalogo.uea.org\/index.php?kateg=pror\">Prozo originala<\/a> (Prosa orginal)<br \/>\n<a href=\"http:\/\/katalogo.uea.org\/index.php?kateg=prtr\">Prozo tradukita<\/a> (Prosa \u00fcbersetzt)<br \/>\n<a href=\"http:\/\/katalogo.uea.org\/index.php?kateg=rel\">Religio<\/a> (Religion)<br \/>\n<a href=\"http:\/\/katalogo.uea.org\/index.php?kateg=teat\">Teatra\u0135oj<\/a> (Theaterst\u00fccke)<br \/>\n<a href=\"http:\/\/katalogo.uea.org\/index.php?kateg=inf\">Simplaj lega\u0135oj kaj infanlibroj<\/a> (Leseb\u00fccher f\u00fcr Kinder)<br \/>\n<a href=\"http:\/\/katalogo.uea.org\/index.php?kateg=stek\">Scienco kaj tekniko<\/a> (Wissenschaft und Technik)<br \/>\n<a href=\"http:\/\/katalogo.uea.org\/index.php?kateg=term\">Terminaroj<\/a> (Termiologische Werke)<br \/>\n<a href=\"http:\/\/katalogo.uea.org\/index.php?kateg=vidb\">Videobendoj<\/a> (Videob\u00e4nder)<br \/>\n<a href=\"http:\/\/katalogo.uea.org\/index.php?kateg=pvz\">Zamenhofa verkaro<\/a> Zamenhofs Werke<\/td>\n<\/tr>\n<\/tbody>\n<\/table>\n<p><\/p>","protected":false},"excerpt":{"rendered":"<p>Es gibt sie wirklich, die Literatur auf Esperanto. In Buchhandlungen fragt man meist vergeblich danach, denn sie wird nur in ganz geringem Umfang \u00fcber den normalen Buchhandel vertrieben. Clevere Buchh\u00e4ndler bestellen auch das gesuchte Buch. Schon eher wird man im &hellip; <a href=\"https:\/\/esperanto.berlin\/de\/literatur\/\">Weiterlesen <span class=\"meta-nav\">&rarr;<\/span><\/a><\/p>\n","protected":false},"author":20,"featured_media":0,"parent":0,"menu_order":0,"comment_status":"closed","ping_status":"closed","template":"","meta":{"footnotes":""},"jetpack_shortlink":"https:\/\/wp.me\/Par8jA-1gu","_links":{"self":[{"href":"https:\/\/esperanto.berlin\/de\/wp-json\/wp\/v2\/pages\/4866"}],"collection":[{"href":"https:\/\/esperanto.berlin\/de\/wp-json\/wp\/v2\/pages"}],"about":[{"href":"https:\/\/esperanto.berlin\/de\/wp-json\/wp\/v2\/types\/page"}],"author":[{"embeddable":true,"href":"https:\/\/esperanto.berlin\/de\/wp-json\/wp\/v2\/users\/20"}],"replies":[{"embeddable":true,"href":"https:\/\/esperanto.berlin\/de\/wp-json\/wp\/v2\/comments?post=4866"}],"version-history":[{"count":10,"href":"https:\/\/esperanto.berlin\/de\/wp-json\/wp\/v2\/pages\/4866\/revisions"}],"predecessor-version":[{"id":4876,"href":"https:\/\/esperanto.berlin\/de\/wp-json\/wp\/v2\/pages\/4866\/revisions\/4876"}],"wp:attachment":[{"href":"https:\/\/esperanto.berlin\/de\/wp-json\/wp\/v2\/media?parent=4866"}],"curies":[{"name":"wp","href":"https:\/\/api.w.org\/{rel}","templated":true}]}}