{"id":49,"date":"2011-01-22T12:35:31","date_gmt":"2011-01-22T11:35:31","guid":{"rendered":"http:\/\/www.esperanto.de\/berlin\/wordpress\/"},"modified":"2021-04-18T21:01:37","modified_gmt":"2021-04-18T20:01:37","slug":"lietzensee","status":"publish","type":"page","link":"https:\/\/esperanto.berlin\/de\/grupoj\/lietzensee\/","title":{"rendered":"Lietzensee"},"content":{"rendered":"<p><div id=\"attachment_9047\" style=\"width: 274px\" class=\"wp-caption alignright\"><img loading=\"lazy\" decoding=\"async\" aria-describedby=\"caption-attachment-9047\" class=\" wp-image-9047\" src=\"https:\/\/esperanto.berlin\/wp-content\/uploads\/2021\/04\/Haus-Herbartstr.-bunt.jpg\" alt=\"\" width=\"264\" height=\"203\" \/><p id=\"caption-attachment-9047\" class=\"wp-caption-text\">All-focus<\/p><\/div><\/p>\n<p>Die Treffen finden Montags von 14 bis 16 in der Herbarstrasse 25 (Kaminzimmer) statt. Die Zielgruppe sind Senioren, die durch einen spielerischen Umgang mit einer einfach erlernbaren Sprache ihr Gehirn trainieren wollen.<\/p>\n<p class=\"klarigo-western\">Da die Teilnehmer in der Regel Vorkenntnisse haben, ist es kein reiner Anf\u00e4ngerkurs. Es wird jeweils ein Arbeitsblatt mit einem kurzen Text ausgegeben, das zum Lesen (Aussprache), \u00dcbersetzen und Kennenlernen der Grammatik verwendet wird.<\/p>\n<p class=\"klarigo-western\">Die Arbeitsbl\u00e4tter k\u00f6nnen als PDF zum Ausdrucken herunergeladen werden oder werden mit der Post zugesandt.<\/p>\n<p>Die ehemalige Gruppe in dem Haus in der Herbartstra\u00dfe hat nach der Schlie\u00dfung, die f\u00fcr die Renovierung notwendig war, eine Zeitlang im Seniorenheim des ehemaligen Leiters getroffen. Das ist aber seit einigen Monaten wegen Corona nicht mehr gestattet.<\/p>\n<p>In der Gruppe Lietzensee sind vor allem Senioren aktiv, sie wird von Hans Moser geleitet. Die Treffen finden alle zwei bis drei Wochen dienstags (14 h Chor)\u00a0 und mittwochs (15 h) statt, Einzelheiten dazu im <a href=\"http:\/\/esperanto.berlin\/veranstaltungen\/\">Kalender<\/a>. Der Ort unterscheidet sich je nach Wochentag:<\/p>\n<p>Mittwochs: <span class=\"event-where\">Seniorenwohnheim Trautenaustr. 6, 10717 Berlin<\/span><\/p>\n<p>Kontakt: Hans Moser, 030 \u2013 86 21 411<\/p>\n<p><a href=\"https:\/\/esperanto.berlin\/de\/lietzensee-2a-duono-2019\/\">Plan f\u00fcr 2. H\u00e4lfte 2019<\/a><\/p>\n<p><a href=\"https:\/\/esperanto.berlin\/wp-content\/uploads\/2019\/05\/Anlage-4.pdf\">Bericht der Gruppe<\/a> f\u00fcr das Jahr 2018<\/p>","protected":false},"excerpt":{"rendered":"<p>Die Treffen finden Montags von 14 bis 16 in der Herbarstrasse 25 (Kaminzimmer) statt. Die Zielgruppe sind Senioren, die durch einen spielerischen Umgang mit einer einfach erlernbaren Sprache ihr Gehirn trainieren wollen. Da die Teilnehmer in der Regel Vorkenntnisse haben, &hellip; <a href=\"https:\/\/esperanto.berlin\/de\/grupoj\/lietzensee\/\">Weiterlesen <span class=\"meta-nav\">&rarr;<\/span><\/a><\/p>\n","protected":false},"author":2,"featured_media":0,"parent":11,"menu_order":0,"comment_status":"closed","ping_status":"open","template":"","meta":{"footnotes":""},"jetpack_shortlink":"https:\/\/wp.me\/Par8jA-N","_links":{"self":[{"href":"https:\/\/esperanto.berlin\/de\/wp-json\/wp\/v2\/pages\/49"}],"collection":[{"href":"https:\/\/esperanto.berlin\/de\/wp-json\/wp\/v2\/pages"}],"about":[{"href":"https:\/\/esperanto.berlin\/de\/wp-json\/wp\/v2\/types\/page"}],"author":[{"embeddable":true,"href":"https:\/\/esperanto.berlin\/de\/wp-json\/wp\/v2\/users\/2"}],"replies":[{"embeddable":true,"href":"https:\/\/esperanto.berlin\/de\/wp-json\/wp\/v2\/comments?post=49"}],"version-history":[{"count":9,"href":"https:\/\/esperanto.berlin\/de\/wp-json\/wp\/v2\/pages\/49\/revisions"}],"predecessor-version":[{"id":9051,"href":"https:\/\/esperanto.berlin\/de\/wp-json\/wp\/v2\/pages\/49\/revisions\/9051"}],"up":[{"embeddable":true,"href":"https:\/\/esperanto.berlin\/de\/wp-json\/wp\/v2\/pages\/11"}],"wp:attachment":[{"href":"https:\/\/esperanto.berlin\/de\/wp-json\/wp\/v2\/media?parent=49"}],"curies":[{"name":"wp","href":"https:\/\/api.w.org\/{rel}","templated":true}]}}