{"id":5241,"date":"2017-09-03T21:06:10","date_gmt":"2017-09-03T20:06:10","guid":{"rendered":"https:\/\/esperanto.berlin\/?page_id=5241"},"modified":"2017-09-03T21:18:00","modified_gmt":"2017-09-03T20:18:00","slug":"wp-inventory-klarigo","status":"publish","type":"page","link":"https:\/\/esperanto.berlin\/de\/wp-inventory-klarigo\/","title":{"rendered":"Ein wenig e-Commerce mit WP Inventory"},"content":{"rendered":"<p>Ein Vergleich von <a href=\"http:\/\/www.wpbeginner.com\/plugins\/best-wordpress-ecommerce-plugins-compared\/\">e-Commerce Plugins <\/a>f\u00fcr WordPress.<\/p>\n<p>Ich wollte mir nicht gleich ein fettes Paket, das alles kann, ans Bein binden. Ich hatte <strong>WooCommerce<\/strong> installiert. Aber das bringt einen komplizierten Mechanismus zur Zahlungsabwicklung mit. Ich wollte mich nicht gleich mit den Eigenheiten des elektronischen Zahlungsverkehrs belasten.<\/p>\n<p>Ich habe nun <a href=\"https:\/\/www.wpinventory.com\/\">WP Inventory<\/a> erstmal in der kostenlosen Variante installiert. Es ist kompakt und erstaunlich flexibel. Zum Beispiel ist die Anpassung an andere Sprachen (bei Esperanto unabdingbar) schon eingebaut. Allerdings nicht 100%.<\/p>\n<p><a href=\"https:\/\/www.wpinventory.com\/\">WP Inventory<\/a> legt ein paar Tabellen in der WordPress-Datenbank, die man sich mit Bordmitteln (Adminer) zumindest ansehen kann. Den Waren, die man anbieten will, k\u00f6nnen frei w\u00e4hlbare Kategorien zugeordnet werden.<\/p>\n<p>Die Anzeige der Waren erfolgt \u00fcber <a href=\"https:\/\/www.wpinventory.com\/documentation\/user\/displaying-inventory\/shortcode-options\/\">Shortcodes<\/a> und da gibt es die M\u00f6glichkeit die Anzeige auf einzelne Kategorien zu beschr\u00e4nken.<\/p>\n<p>Die Erfassung der Daten f\u00fcr die Produkte erfolgt im Backend von Hand. F\u00fcr jedes Produkt gibt es eine F\u00fclle von vordefinierten Datenfeldern, die so ziemlich alle Bed\u00fcrfnisse abdecken sollten.<\/p>\n<p>N\u00fctzlich ist ein Feld, in dem man die Quelle f\u00fcr eine Multimedia-datei (z.B. PDF, MP3 usw.) angeben, die dann ggf. vom Browser angezeigt oder heruntergeladen wird. Damit hat man ein einfaches System um Produkte gleich kostenlos abzugeben oder eine Schnupperversion zu zeigen.<\/p>\n<p>In vielen F\u00e4llen m\u00f6chte man aber eine Bezahlung f\u00fcr das Produkt haben und verschickt die echte Datei nur wenn tats\u00e4chlich bezahlt wurde. Durch das Multimedia-Feld wird man dann nur eine Probe anbieten (Auszug oder gek\u00fcrzte Version). Durch Anklicken des Produkts kommt man auf ein Bestellfeld.<\/p>\n<p>Im Backend kann man einstellen, welche Felder der Kunde ausf\u00fcllen muss. Es wird eine E-Mail generiert, in der die Daten aus der Bestellung an eine frei w\u00e4hlbare Adresse geschickt werden.<\/p>\n<p>Nun kann man die Abwicklung der Bestellung von Hand vornehmen, etwa eine Rechnung schicken und erst nach Eingang des geforderten Betrags das eigentliche Produkt verschicken. Entweder per E-Mail oder mit der Post.<\/p>\n<p>Eine Registrierung der Bestellungen in der Datenbank scheint nicht vorgesehen zu sein.<\/p>\n<p>Es wird aber mitgez\u00e4hlt, wieviele Expemplare angefordert wurden und ein Z\u00e4hler entsprechend vermindert. Wenn das Lager leer ist, gibt es eine Warnung.<\/p>\n<p>Die M\u00f6glichkeiten zur Gestaltung sind in der freien Version relativ bescheiden. Mehr M\u00f6glichkeiten bietet die Kaufversion. Dort kann man auch den elektronischen Zahlungverkehr oder einen Einkaufswagen f\u00fcr den Kauf von mehreren Produkten f\u00fcr geringes Geld bekommen. Wenn der Laden l\u00e4uft, spielen diese Kosten keine Rolle mehr.<\/p>\n<p>M\u00f6glicherweise kommt man mit auch mit anderen plugins zum Datenbank-Zugriff an die Daten von <a href=\"https:\/\/www.wpinventory.com\/\">WP Inventory.<\/a><\/p>\n<p>Hier ist eine \u00dcbersicht von <a href=\"http:\/\/wordpress.alternativelist.com\/plugin\/database-browser-alternative-and-similar-wordpress-plugins-18348.html\">m\u00f6glichen Kandidaten<\/a><\/p>\n<p>Eine brauchbare L\u00f6sung ist <a href=\"https:\/\/wordpress.org\/plugins\/dbview\/\">dbview<\/a>. Man legt eine SQL-Abfrage an und gibt ihr einen Namen. Dann kann man die Abfrage mit einem Shortcode an beliebiger Stelle ausf\u00fchren. Eine Version, die alle vorhandenen Produkte anzeigt.<\/p>\n<p>Das Ergebnis kann dann<a href=\"https:\/\/esperanto.berlin\/mendi-produktojn\/inventory-waren\/\"> so aussehen<\/a>.<\/p>\n<p>&nbsp;<\/p>","protected":false},"excerpt":{"rendered":"<p>Ein Vergleich von e-Commerce Plugins f\u00fcr WordPress. Ich wollte mir nicht gleich ein fettes Paket, das alles kann, ans Bein binden. Ich hatte WooCommerce installiert. Aber das bringt einen komplizierten Mechanismus zur Zahlungsabwicklung mit. Ich wollte mich nicht gleich mit &hellip; <a href=\"https:\/\/esperanto.berlin\/de\/wp-inventory-klarigo\/\">Weiterlesen <span class=\"meta-nav\">&rarr;<\/span><\/a><\/p>\n","protected":false},"author":20,"featured_media":0,"parent":0,"menu_order":0,"comment_status":"closed","ping_status":"closed","template":"","meta":{"footnotes":""},"jetpack_shortlink":"https:\/\/wp.me\/Par8jA-1mx","_links":{"self":[{"href":"https:\/\/esperanto.berlin\/de\/wp-json\/wp\/v2\/pages\/5241"}],"collection":[{"href":"https:\/\/esperanto.berlin\/de\/wp-json\/wp\/v2\/pages"}],"about":[{"href":"https:\/\/esperanto.berlin\/de\/wp-json\/wp\/v2\/types\/page"}],"author":[{"embeddable":true,"href":"https:\/\/esperanto.berlin\/de\/wp-json\/wp\/v2\/users\/20"}],"replies":[{"embeddable":true,"href":"https:\/\/esperanto.berlin\/de\/wp-json\/wp\/v2\/comments?post=5241"}],"version-history":[{"count":2,"href":"https:\/\/esperanto.berlin\/de\/wp-json\/wp\/v2\/pages\/5241\/revisions"}],"predecessor-version":[{"id":5257,"href":"https:\/\/esperanto.berlin\/de\/wp-json\/wp\/v2\/pages\/5241\/revisions\/5257"}],"wp:attachment":[{"href":"https:\/\/esperanto.berlin\/de\/wp-json\/wp\/v2\/media?parent=5241"}],"curies":[{"name":"wp","href":"https:\/\/api.w.org\/{rel}","templated":true}]}}