{"id":528,"date":"2011-09-03T17:55:58","date_gmt":"2011-09-03T16:55:58","guid":{"rendered":"http:\/\/www.esperanto.de\/bb\/"},"modified":"2020-12-01T11:35:15","modified_gmt":"2020-12-01T10:35:15","slug":"startseite","status":"publish","type":"page","link":"https:\/\/esperanto.berlin\/de\/","title":{"rendered":"Willkommen!"},"content":{"rendered":"<p>Es geh\u00f6rt zu den Vorz\u00fcgen einer Metropolen-Region, wie Berlin-Brandenburg, da\u00df Wissbegierige hier sehr leicht Zugang zur internationalen Sprache Esperanto finden k\u00f6nnen.<\/p>\n<p>Einen pers\u00f6nlichen Eindruck kann man sich bei einem der <a href=\"https:\/\/esperanto.berlin\/de\/grupoj\/\">regelm\u00e4\u00dfigen Treffen<\/a> verschaffen, bei denen die Teilnehmer in der Regel nur Esperanto benutzen (lockere Gespr\u00e4che, Vortr\u00e4ge, Reiseberichte, Videos) oder bei einer der zentralen Veranstaltungen w\u00e4hrend des Jahres (Esperanto-Geburtstag am 26. Juli, Zamenhof-Fest anl\u00e4\u00dflich des Geburtstags des Begr\u00fcnders am 15. Dezember, Expolingua, Sommerfest auf dem Esperanto-Platz in Neuk\u00f6lln).<\/p>\n<p>Allgemeine Informationen bietet die Gesch\u00e4ftstelle des <a href=\"http:\/\/esperanto.de\">Deutschen Esperanto-Bundes<\/a> (<a href=\"https:\/\/www.esperanto.de\/eo\/esperantobutiko\">Esperanto-Laden<\/a> in Kreuzberg).<\/p>\n<p>Einen stattlichen Bestand an Esperanto-Literatur hat die <a href=\"https:\/\/esperanto.berlin\/esperanto-kulturo-en-la-stata-biblioteko-berlino-legoprovajoj-el-la-jubileaj-libroj-de-eabb\/\">Staatsbibliothek<\/a> (Freihand und Ausleihe). Einzelne Titel findet man in den wissenschaftlichen Bibliotheken (HU, FU,, TU), in der Landesbibliothek oder in den Bibliotheken der Bezirke (auch Fernleihe).<\/p>\n<p>Das soziale Leben wird von der <a href=\"https:\/\/esperanto.berlin\/de\/verein\/\">Esperanto-Liga Berlin-Brandenburg e.V.<\/a> organisiert, die auch f\u00fcr die Domain <a href=\"https:\/\/esperanto.berlin\">Esperanto.berlin<\/a> verantwortlich ist. Diese ist durchg\u00e4ngig zweisprachig (DE |\u00a0 <a href=\"https:\/\/esperanto.berlin\/eo\/\">Esperanto<\/a>)\u00a0 gestaltet. Anf\u00e4ngerkurse finden nach Bedarf statt. Eingetragene Mitglieder werden kurzfristig informiert, etwa wenn \u00fcberraschend ein ausl\u00e4ndischer Gast zu Besuch ist, der Berliner kennenlernen m\u00f6chte.<\/p>\n<h3 id=\"esperanto-kalender-f\u00fcr-berlin\">Esperanto-Kalender f\u00fcr Berlin und Brandenburg<\/h3>\n<p><iframe loading=\"lazy\" style=\"border-width: 0;\" src=\"https:\/\/calendar.google.com\/calendar\/embed?showTitle=0&amp;showCalendars=0&amp;mode=AGENDA&amp;height=500&amp;wkst=2&amp;bgcolor=%23FFFFFF&amp;src=l1mrp61nvk8ml77rc3g1ms24e4%40group.calendar.google.com&amp;color=%23333333&amp;ctz=Europe%2FBerlin\" width=\"630\" height=\"500\" frameborder=\"0\" scrolling=\"no\"><\/iframe><\/p>\n<p><!--\n<a href=\"https:\/\/www.facebook.com\/esperanto.bb\" target=\"_blank\" rel=\"noopener noreferrer\"><img loading=\"lazy\" decoding=\"async\" src=\"http:\/\/upload.wikimedia.org\/wikipedia\/commons\/thumb\/1\/1b\/Facebook_icon.svg\/200px-Facebook_icon.svg.png\" alt=\"\" width=\"62\" height=\"62\" align=\"right\" \/><\/a><a href=\"http:\/\/www.esperanto.de\/bb\/feed\/\" target=\"_blank\" rel=\"noopener noreferrer\"><img decoding=\"async\" src=\"http:\/\/www.writingshow.com\/rss\/images\/rss-icon-small.jpg\" alt=\"\" align=\"right\" \/><\/a><a href=\"https:\/\/twitter.com\/esperantobb\" target=\"_blank\" rel=\"noopener noreferrer\"><img decoding=\"async\" src=\"http:\/\/www.staffelter-hof.de\/Images\/Twitter-icon_small.png\" alt=\"\" align=\"right\" \/><\/a><a href=\"https:\/\/esperanto.berlin\/aktuelles\/\">Neuigkeiten<\/a> rund um Esperanto in Berlin und Brandenburg k\u00f6nnen \u00fcber <a href=\"https:\/\/www.facebook.com\/esperanto.bb\" target=\"_blank\" rel=\"noopener noreferrer\">Facebook<\/a>, <a href=\"https:\/\/twitter.com\/esperantobb\" target=\"_blank\" rel=\"noopener noreferrer\">Twitter<\/a>, <a title=\"ELB und EABB bei Google+\" href=\"https:\/\/google.com\/+EsperantoBerlin\" target=\"_blank\" rel=\"publisher noopener noreferrer\">Google+<\/a> oder <a href=\"http:\/\/www.esperanto.de\/bb\/feed\/\" target=\"_blank\" rel=\"noopener noreferrer\">RSS<\/a> abonniert werden.\n\n&nbsp;\n\n\n<h1 id=\"verein\" >Verein<\/h1>\n\n\nDie Esperanto-Vereinigung Berlin-Brandenburg ist der Unterverband des <a href=\"http:\/\/www.esperanto.de\/gea\/\">Deutschen Esperanto-Bunds<\/a> f\u00fcr die Bundesl\u00e4nder Berlin und Brandenburg. Unsere lokalen <a href=\"http:\/\/www.esperanto.de\/bb\/ubersicht\/\">Gruppen<\/a> bieten <a href=\"http:\/\/www.esperanto.de\/bb\/esperanto\/\">Informationen<\/a>, <a href=\"http:\/\/www.esperanto.de\/bb\/kurse\/\">Sprachkurse<\/a> und <a href=\"http:\/\/www.esperanto.de\/bb\/veranstaltungen\/\">kulturelle Aktivit\u00e4ten<\/a> rund um die internationale Sprache Esperanto an.\n\nViele Aktivit\u00e4ten finden in Berlin-Lichtenberg, im Esperanto-Haus, statt, u. a. die regelm\u00e4\u00dfigen Treffen der <a title=\"Donnerstagsrunde\" href=\"http:\/\/www.esperanto.de\/bb\/donnerstagsrunde\/ \">Donnerstagsrunde<\/a> und besondere <a href=\"http:\/\/www.esperanto.de\/bb\/veranstaltungen\/\">Veranstaltungen<\/a>. Dort befindet sich auch unsere <a href=\"http:\/\/www.esperanto.de\/bb\/esperanto\/bibliothek\/\">Bibliothek<\/a> mit aktuellen Zeitschriften und mehreren Tausend B\u00fcchern auf Esperanto.\n--><\/p>","protected":false},"excerpt":{"rendered":"<p>Es geh\u00f6rt zu den Vorz\u00fcgen einer Metropolen-Region, wie Berlin-Brandenburg, da\u00df Wissbegierige hier sehr leicht Zugang zur internationalen Sprache Esperanto finden k\u00f6nnen. Einen pers\u00f6nlichen Eindruck kann man sich bei einem der regelm\u00e4\u00dfigen Treffen verschaffen, bei denen die Teilnehmer in der Regel &hellip; <a href=\"https:\/\/esperanto.berlin\/de\/\">Weiterlesen <span class=\"meta-nav\">&rarr;<\/span><\/a><\/p>\n","protected":false},"author":5,"featured_media":0,"parent":0,"menu_order":0,"comment_status":"closed","ping_status":"closed","template":"","meta":{"footnotes":""},"jetpack_shortlink":"https:\/\/wp.me\/Par8jA-8w","_links":{"self":[{"href":"https:\/\/esperanto.berlin\/de\/wp-json\/wp\/v2\/pages\/528"}],"collection":[{"href":"https:\/\/esperanto.berlin\/de\/wp-json\/wp\/v2\/pages"}],"about":[{"href":"https:\/\/esperanto.berlin\/de\/wp-json\/wp\/v2\/types\/page"}],"author":[{"embeddable":true,"href":"https:\/\/esperanto.berlin\/de\/wp-json\/wp\/v2\/users\/5"}],"replies":[{"embeddable":true,"href":"https:\/\/esperanto.berlin\/de\/wp-json\/wp\/v2\/comments?post=528"}],"version-history":[{"count":39,"href":"https:\/\/esperanto.berlin\/de\/wp-json\/wp\/v2\/pages\/528\/revisions"}],"predecessor-version":[{"id":8788,"href":"https:\/\/esperanto.berlin\/de\/wp-json\/wp\/v2\/pages\/528\/revisions\/8788"}],"wp:attachment":[{"href":"https:\/\/esperanto.berlin\/de\/wp-json\/wp\/v2\/media?parent=528"}],"curies":[{"name":"wp","href":"https:\/\/api.w.org\/{rel}","templated":true}]}}