{"id":6324,"date":"2018-12-23T09:21:26","date_gmt":"2018-12-23T08:21:26","guid":{"rendered":"https:\/\/esperanto.berlin\/?page_id=6324"},"modified":"2021-04-18T07:18:20","modified_gmt":"2021-04-18T06:18:20","slug":"gek2020","status":"publish","type":"page","link":"https:\/\/esperanto.berlin\/de\/gek2020\/","title":{"rendered":"Deutsch-Polnischer Esperanto-Kongress und Eisenbahner-Kongress (TRAKO) in Frankfurt (Oder) und S\u0142ubice"},"content":{"rendered":"<p><img loading=\"lazy\" decoding=\"async\" class=\"alignnone size-full wp-image-9036\" src=\"https:\/\/esperanto.berlin\/wp-content\/uploads\/2021\/04\/Logotipo-TRAKO-2021.jpg\" alt=\"\" width=\"656\" height=\"379\" \/><\/p>\n<p>Der Deutsch-Polnische Esperanto-Kongress und Eisenbahner-Kongress (TRAKO) in Frankfurt (Oder) und S\u0142ubice findet statt zu Pfingsten, vom 21. bis 24. Mai 2021, leider nur virtuell. Der kostenlose Zugang wird \u00fcber das Zoom-Portal des Deutschen Esperanto-Bunds hergestellt.<\/p>\n<p>Die Kontaktdaten erhalten alle, die sich unter dem folgenden Anmeldebogen sich haben registrieren lassen. Best\u00e4tigte Anmeldungen aus dem Vorjahr behalten ihre G\u00fcltigkeit und bekommen den Zugang zugesandt.<\/p>\n<p>Hier die aktuellen Informationen zum Kongress:\u00a0\u00a0<a href=\"https:\/\/www.esperanto.de\/de\/dek2021\">https:\/\/www.esperanto.de\/de\/dek2021<\/a><\/p>\n<p>Und hier geht es direkt zur Anmeldung f\u00fcr die Zugangsdaten:<\/p>\n<p><a href=\"https:\/\/www.esperanto.de\/de\/enhavo\/ali%C4%9Doanmeldung-germana-pola-esperanto-kongreso-2021\">https:\/\/www.esperanto.de\/de\/enhavo\/ali%C4%9Doanmeldung-germana-pola-esperanto-kongreso-2021<\/a><\/p>\n<p>Wir, das Vorbereitungskomitee, hoffen auf eine rege Teilnahme und laden jeden Interessierten herzlichst ein!<\/p>\n<p>Der Deutsch-Polnische Esperanto-Kongress mit dem Eisenbahner-Esperanto-Kongress h\u00e4tte an eigentlich zu Pfingsten 2020 und Folgewoche in Frankfurt (Oder) und S\u0142ubice stattfinden sollen. Wegen Corona musste er bereits um ein Jahr verschoben werden. Verschiedene Gr\u00fcnde sprachen dagegen, ihn erneut zu verschieben.<\/p>\n<p>&nbsp;<\/p>","protected":false},"excerpt":{"rendered":"<p>Der Deutsch-Polnische Esperanto-Kongress und Eisenbahner-Kongress (TRAKO) in Frankfurt (Oder) und S\u0142ubice findet statt zu Pfingsten, vom 21. bis 24. Mai 2021, leider nur virtuell. Der kostenlose Zugang wird \u00fcber das Zoom-Portal des Deutschen Esperanto-Bunds hergestellt. Die Kontaktdaten erhalten alle, die &hellip; <a href=\"https:\/\/esperanto.berlin\/de\/gek2020\/\">Weiterlesen <span class=\"meta-nav\">&rarr;<\/span><\/a><\/p>\n","protected":false},"author":8,"featured_media":0,"parent":0,"menu_order":0,"comment_status":"closed","ping_status":"closed","template":"","meta":{"footnotes":""},"jetpack_shortlink":"https:\/\/wp.me\/Par8jA-1E0","_links":{"self":[{"href":"https:\/\/esperanto.berlin\/de\/wp-json\/wp\/v2\/pages\/6324"}],"collection":[{"href":"https:\/\/esperanto.berlin\/de\/wp-json\/wp\/v2\/pages"}],"about":[{"href":"https:\/\/esperanto.berlin\/de\/wp-json\/wp\/v2\/types\/page"}],"author":[{"embeddable":true,"href":"https:\/\/esperanto.berlin\/de\/wp-json\/wp\/v2\/users\/8"}],"replies":[{"embeddable":true,"href":"https:\/\/esperanto.berlin\/de\/wp-json\/wp\/v2\/comments?post=6324"}],"version-history":[{"count":17,"href":"https:\/\/esperanto.berlin\/de\/wp-json\/wp\/v2\/pages\/6324\/revisions"}],"predecessor-version":[{"id":9039,"href":"https:\/\/esperanto.berlin\/de\/wp-json\/wp\/v2\/pages\/6324\/revisions\/9039"}],"wp:attachment":[{"href":"https:\/\/esperanto.berlin\/de\/wp-json\/wp\/v2\/media?parent=6324"}],"curies":[{"name":"wp","href":"https:\/\/api.w.org\/{rel}","templated":true}]}}