{"id":7656,"date":"2019-11-13T19:16:36","date_gmt":"2019-11-13T18:16:36","guid":{"rendered":"https:\/\/esperanto.berlin\/?page_id=7656"},"modified":"2019-12-01T18:08:11","modified_gmt":"2019-12-01T17:08:11","slug":"raporto-flores-2011","status":"publish","type":"page","link":"https:\/\/esperanto.berlin\/de\/terapio\/raporto-flores-2011\/","title":{"rendered":"Esperanto als Therapie"},"content":{"rendered":"<p><span style=\"font-family: Verdana, sans-serif;\"><span style=\"font-size: medium;\">In einem Beitrag f\u00fcr die Zeitschrift des Esperanto-Weltbundes UEA (Seite 85, April 2011) berichtet Alberto Flores (Brasilien) \u00fcber die Anwendung von \u00bbEsperanto als Therapie\u00ab. Das wurde erstmals w\u00e4hrend des Jahres 2010 in einem Zentrum f\u00fcr Gesundheitsvorsorge von Senioren in Volta Redonda (RJ) erprobt.<\/span><\/span><\/p>\n<p><span style=\"font-family: Verdana, sans-serif;\"><span style=\"font-size: medium;\">In seinem Beitrag geht zun\u00e4chst auf Therapien im allgemeinen ein und identifiziert bei Esperanto die typischen Merkmale einer \u00bbBesch\u00e4ftigungstherapie\u00ab mit einer zus\u00e4tzlichen sozialen Komponente (neue Menschen kennenlernen). Das Lernen von Fremdsprachen wird oft als \u00bbHirngymnastik\u00ab empfohlen, aber die meisten nat\u00fcrlichen Sprachen seien kompliziert und schwer zu lernen. Das f\u00fchre nicht zu dem gew\u00fcnschten Ergebnis, sondern zu Frustrationen.<\/span><\/span><\/p>\n<p><span style=\"font-family: Verdana, sans-serif;\"><span style=\"font-size: medium;\">Wegen des regelm\u00e4ssigen Aufbaus g\u00e4be Esperanto den Teilnehmern mehr Selbstvertrauen gibt und erh\u00f6he das Selbstwertgef\u00fchl. Man erfahre, dass man durchaus in der Lage sei eine Fremdsprache soweit zu erlernen, dass man damit kommunzieren k\u00f6nne. Und das Lernen in der Gruppe k\u00f6nne Spass machen.<\/span><\/span><\/p>\n<p><span style=\"font-family: Verdana, sans-serif;\"><span style=\"font-size: medium;\">Der 1923 geborene <a href=\"https:\/\/eo.wikipedia.org\/wiki\/Alberto_Flores\">Alberto FLORES<\/a> starb am 30. April 2019 im Alter von fast 87 Jahren. Bis ins hohe Alter wirkte er in seiner Heimatstadt als Esperanto-Lehrer.<\/span><\/span><\/p>\n<p>Quellen:<\/p>\n<p>Wikipedia:\u00a0 <a href=\"https:\/\/eo.wikipedia.org\/wiki\/Alberto_Flores\">Alberto FLORES<\/a><\/p>\n<p>Zu seiner T\u00e4tigkeit in der Esperanto-Version von<a href=\"https:\/\/de.wikipedia.org\/wiki\/Volta_Redonda\"> Vola Redonda<\/a> (deutsch) im <a href=\"https:\/\/eo.wikipedia.org\/wiki\/Volta_Redonda#Esperanto_en_Volta_Redonda\">Abschnitt Esperanto<\/a>\u00a0und <a href=\"https:\/\/eo.wikipedia.org\/wiki\/Volta_Redonda#Elstaraj_Esperantistoj_de_Volta_Redonda\">Elstaraj Esperantistoj<\/a>.<\/p>\n<ul>\n<li><a title=\"In\u011deniero\" href=\"https:\/\/eo.wikipedia.org\/wiki\/In%C4%9Deniero\">In\u011deniero<\/a> <a title=\"Alberto Flores\" href=\"https:\/\/eo.wikipedia.org\/wiki\/Alberto_Flores\">Alberto Flores<\/a> kies agado por Esperanto kunfandi\u011das kun la Esperanto-movado en Volta Redonda. Li estas la pioniro en la disvastigado de Esperanto en tiu urbo kaj 45 jaroj poste da\u016drigas aktive kiel verkanto, parolanto kaj delegito de BEL kaj UEA en la urbo kaj estrarano de VREK;<\/li>\n<li>En <a title=\"Spiritisma centro\" href=\"https:\/\/eo.wikipedia.org\/wiki\/Spiritisma_centro\">spiritismaj centroj<\/a> oni organizas, \u0109iujare, elementan kaj da\u016drigan kurson sub la gvido de in\u011deniero Alberto Flores. La kursoj da\u016dras kvin monatojn kun lecionoj \u0109iusemajne. En la malproksima kvartalo \u00abMangueira\u00bb in\u011deniero Alberto Flores okazigis bazan kurson kies rezulto estis ne kontentiga kaj oni ne da\u016drigis la instruadon.<\/li>\n<li>En <a title=\"1999\" href=\"https:\/\/eo.wikipedia.org\/wiki\/1999\">1999<\/a> unu el la plej valoraj atinga\u0135oj de la Esperanto-movado en Volta Redonda estis la efektivigo de Esperanto-kurso en la <strong>Gerontologia Centro de Asocio de Emerituloj kaj Pensiuloj<\/strong> de Volta Redonda. La kurso estis gvidita de in\u011deniero Alberto Flores kaj tre bone sukcesis.<\/li>\n<li>n <a title=\"1978\" href=\"https:\/\/eo.wikipedia.org\/wiki\/1978\">1978<\/a> CSN (<a href=\"https:\/\/de.wikipedia.org\/wiki\/Companhia_Sider%C3%BArgica_Nacional\">Nacia Siderurgia Kompanio<\/a>) publikigis en Esperanto belan ilustritan libreton \u201c<a class=\"new\" title=\"Volta Redonda, la granda \u015dtalproduktejo de Brazilo (pa\u011do ne ekzistas)\" href=\"https:\/\/eo.wikipedia.org\/w\/index.php?title=Volta_Redonda,_la_granda_%C5%9Dtalproduktejo_de_Brazilo&amp;action=edit&amp;redlink=1\">Volta Redonda, la granda \u015dtalproduktejo de Brazilo<\/a>\u201d, la traduko estis de la metalurgia in\u011deniero Alberto Flores<\/li>\n<\/ul>\n<p><\/p>","protected":false},"excerpt":{"rendered":"<p>In einem Beitrag f\u00fcr die Zeitschrift des Esperanto-Weltbundes UEA (Seite 85, April 2011) berichtet Alberto Flores (Brasilien) \u00fcber die Anwendung von \u00bbEsperanto als Therapie\u00ab. Das wurde erstmals w\u00e4hrend des Jahres 2010 in einem Zentrum f\u00fcr Gesundheitsvorsorge von Senioren in Volta &hellip; <a href=\"https:\/\/esperanto.berlin\/de\/terapio\/raporto-flores-2011\/\">Weiterlesen <span class=\"meta-nav\">&rarr;<\/span><\/a><\/p>\n","protected":false},"author":8,"featured_media":0,"parent":7654,"menu_order":0,"comment_status":"closed","ping_status":"closed","template":"","meta":{"footnotes":""},"jetpack_shortlink":"https:\/\/wp.me\/Par8jA-1Zu","_links":{"self":[{"href":"https:\/\/esperanto.berlin\/de\/wp-json\/wp\/v2\/pages\/7656"}],"collection":[{"href":"https:\/\/esperanto.berlin\/de\/wp-json\/wp\/v2\/pages"}],"about":[{"href":"https:\/\/esperanto.berlin\/de\/wp-json\/wp\/v2\/types\/page"}],"author":[{"embeddable":true,"href":"https:\/\/esperanto.berlin\/de\/wp-json\/wp\/v2\/users\/8"}],"replies":[{"embeddable":true,"href":"https:\/\/esperanto.berlin\/de\/wp-json\/wp\/v2\/comments?post=7656"}],"version-history":[{"count":8,"href":"https:\/\/esperanto.berlin\/de\/wp-json\/wp\/v2\/pages\/7656\/revisions"}],"predecessor-version":[{"id":7767,"href":"https:\/\/esperanto.berlin\/de\/wp-json\/wp\/v2\/pages\/7656\/revisions\/7767"}],"up":[{"embeddable":true,"href":"https:\/\/esperanto.berlin\/de\/wp-json\/wp\/v2\/pages\/7654"}],"wp:attachment":[{"href":"https:\/\/esperanto.berlin\/de\/wp-json\/wp\/v2\/media?parent=7656"}],"curies":[{"name":"wp","href":"https:\/\/api.w.org\/{rel}","templated":true}]}}