{"id":7692,"date":"2019-11-18T16:39:52","date_gmt":"2019-11-18T15:39:52","guid":{"rendered":"https:\/\/esperanto.berlin\/?page_id=7692"},"modified":"2019-11-18T17:33:58","modified_gmt":"2019-11-18T16:33:58","slug":"deutsch-pm-zamenhoffest-2019-lichtenberg","status":"publish","type":"page","link":"https:\/\/esperanto.berlin\/de\/deutsch-presse-aktuell\/deutsch-pm-zamenhoffest-2019-lichtenberg\/","title":{"rendered":"PM Zamenhoffest 2019 Lichtenberg"},"content":{"rendered":"<p><\/p>\n<h2>Internationle Atmosph\u00e4re beim Fest f\u00fcr Zamenhof<\/h2>\n<h3>Gr\u00fcsse aus Lichtenbergs Partnerbezirk Margareten in Wien &#8211; Konzert &#8211; Ausstellung<\/h3>\n<p>F\u00fcr den Namensgeber des Zamenhof-Parks in Lichtenberg wird es am 14. Dezember 2019 ein Fest geben. Es findet wie schon in den fr\u00fcheren Jahren in der Orangerie (Kiezspinne) Schulze-Boysen-Stra\u00dfe 38, statt und beginnt um 15 Uhr. Eintritt frei.<\/p>\n<p>Der Zamenhof-Park in Lichtenberg wurde vor genau 10 Jahren f\u00fcr den Begr\u00fcnder der internationalen Sprache Esperanto eingerichtet und im Sommer 2019 fand das Jubil\u00e4um im Park selbst mit Musik und mit einer Ausstellung im Rathaus statt. Diese Ausstellung, die von Fritz Wollenberg mit vielen historischen Erinnerungen an Esperanto in Lichtenberg erstellt wurde, wird auch beim Zamenhof-Fest 2019 bis 19 Uhr zu sehen sein. Bis dahin gibt es ein buntes Programm. Unter anderem gibt es ein Konzert mit internationalen Musikern (Bertil aus Schweden, Alena aus den USA und Birke aus Deutschland).<\/p>\n<h2 id=\"partnerbezirk-margareten-in-wi\">Partnerbezirk Margareten in Wien<\/h2>\n<p>Es wird eine Schaltung zu den Esperanto-Freunden in Wien geben, die am selben Tag und zur selben Zeit ihr Zamenhof-Fest feiern. Sie wurden vom Polnischen Institut in \u00d6sterreich eingeladen, da Zamenhof 1917 in Warschau gestorben ist und die Pflege seines seines Erbes im heutigen Polen einen hohen Stellenwert hat.<\/p>\n<p>Die Wohnanlage Reumannhof (Margareteng\u00fcrtel 100), die ein Wahrzeichen des sozialen Wohnungsbaus in Wien darstellt, ist allen Espranto-Freunden als Sitz des \u00f6sterreichischen Esperanto-Verbands vertraut. Immerhin waren hochrangige Politiker, wie die Bundespr\u00e4sdenten Franz Jonas und Heinz Fischer mit Esperanto vertraut und haben die Sprache in \u00d6sterreich gef\u00f6rdert.<\/p>\n<p>Von da ist es ist nicht weit zum Esperanto-Platz mit einer B\u00fcste von Zamenhof oder zum Esperanto-Museum (Teil der <span class=\"st\">\u00d6sterreichischen Nationalbibliothek<\/span>, <a class=\"location \" title=\"Palais MollardHerrengasse 91010 Wien\">Palais Mollard<br \/>\nHerrengasse 9, 1010 Wien<\/a>). Dort werden viele historische Esperanto-Zeitschriften bewahrt und digital zug\u00e4nglich gemacht, die \u00fcber das Esperanto-Leben in Lichtenberg berichten.<\/p>\n<p>Weitere Informationen \u00fcber Ludwig Lazarus Zamenhof gibt es am 16. Dezember 2019 am anderen Ende der Stadt in Charlottenburg. Im Nachbarschaftsheim Lietzensee gab die von Hans Moser mit neun Teilnehmern gegr\u00fcndete Esperanto-Gruppe, die im November ihr 40-j\u00e4hriges Jubil\u00e4um gefeiert hat. Das Haus wird nun vom Roten Kreuz Landesverband Berlin gef\u00fchrt und es wird wieder eine Esperanto-Gruppe mit einem neuen Konzept geben. W\u00e4hrend des Advents werden sich alle Gruppen vorstellen und die Esperanto-Gruppe wird nicht nur das Leben von Zamenhof mit verschiedenen Biografien vorstellen, sondern auch die Austellung aus Lichtenberg zeigen.<\/p>\n<p>Roland Schnell. 0 .. 176 \/ 53 54 99 34<\/p>\n<p style=\"text-align: right;\">Abdruck frei gegen Belegexemplar.<\/p>\n<p>Esperanto-Liga Berlin-Brandenburg e.V.<\/p>\n<p>Esperanto-Laden, <span class=\"LrzXr\">Katzbachstra\u00dfe 25, 10965 Berlin<\/span><\/p>\n<p>Kompakt<\/p>\n<p>Zamenhoffest 2019 am 14. Dezember 15 bis 19 Uhr<\/p>\n<p>Kiezspine \u2013 Orangerie, Schulze-Boysen-Stra\u00dfe 38, Berlin<\/p>\n<p>Links<\/p>\n<p>Einladung in der Website esperanto.berlin:\u00a0 https:\/\/esperanto.berlin\/zamenhoffesto-2019\/<\/p>\n<p>10-Jahre Zamenhofpark in Lichtenberg:<\/p>\n<p>Lebendige Esperanto-Kultur im Zamenhofpark, Berlin Lichtenberg: Eigene Website https:\/\/esperanto.berlin\/de\/viva-esperanto-kulturo-en-zamenhofparko-lichtenberg\/<\/p>\n<p>Berliner\u00a0 Woche\u00a0 : https:\/\/www.berliner-woche.de\/lichtenberg\/c-kultur\/erinnerung-an-esperanto-erfinder_a225490<\/p>\n<p>&nbsp;<\/p>\n<p>&nbsp;<\/p>","protected":false},"excerpt":{"rendered":"<p>Internationle Atmosph\u00e4re beim Fest f\u00fcr Zamenhof Gr\u00fcsse aus Lichtenbergs Partnerbezirk Margareten in Wien &#8211; Konzert &#8211; Ausstellung F\u00fcr den Namensgeber des Zamenhof-Parks in Lichtenberg wird es am 14. Dezember 2019 ein Fest geben. Es findet wie schon in den fr\u00fcheren &hellip; <a href=\"https:\/\/esperanto.berlin\/de\/deutsch-presse-aktuell\/deutsch-pm-zamenhoffest-2019-lichtenberg\/\">Weiterlesen <span class=\"meta-nav\">&rarr;<\/span><\/a><\/p>\n","protected":false},"author":8,"featured_media":0,"parent":4160,"menu_order":0,"comment_status":"closed","ping_status":"closed","template":"","meta":{"footnotes":""},"jetpack_shortlink":"https:\/\/wp.me\/Par8jA-204","_links":{"self":[{"href":"https:\/\/esperanto.berlin\/de\/wp-json\/wp\/v2\/pages\/7692"}],"collection":[{"href":"https:\/\/esperanto.berlin\/de\/wp-json\/wp\/v2\/pages"}],"about":[{"href":"https:\/\/esperanto.berlin\/de\/wp-json\/wp\/v2\/types\/page"}],"author":[{"embeddable":true,"href":"https:\/\/esperanto.berlin\/de\/wp-json\/wp\/v2\/users\/8"}],"replies":[{"embeddable":true,"href":"https:\/\/esperanto.berlin\/de\/wp-json\/wp\/v2\/comments?post=7692"}],"version-history":[{"count":9,"href":"https:\/\/esperanto.berlin\/de\/wp-json\/wp\/v2\/pages\/7692\/revisions"}],"predecessor-version":[{"id":7701,"href":"https:\/\/esperanto.berlin\/de\/wp-json\/wp\/v2\/pages\/7692\/revisions\/7701"}],"up":[{"embeddable":true,"href":"https:\/\/esperanto.berlin\/de\/wp-json\/wp\/v2\/pages\/4160"}],"wp:attachment":[{"href":"https:\/\/esperanto.berlin\/de\/wp-json\/wp\/v2\/media?parent=7692"}],"curies":[{"name":"wp","href":"https:\/\/api.w.org\/{rel}","templated":true}]}}