{"id":7781,"date":"2019-12-06T08:19:32","date_gmt":"2019-12-06T07:19:32","guid":{"rendered":"https:\/\/esperanto.berlin\/?page_id=7781"},"modified":"2021-02-15T11:16:33","modified_gmt":"2021-02-15T10:16:33","slug":"kolonial-kliemke-1910-2","status":"publish","type":"page","link":"https:\/\/esperanto.berlin\/de\/kliemke-kompleta\/kolonial-kliemke-1910-2\/","title":{"rendered":"Kulturkolonien, Kliemke, 1910"},"content":{"rendered":"<p>Der Berliner Jurist Dr. Erich Kliemke hat am 8. Mai 1910 einen Beitrag \u00fcber Esperanto der Nummer 17 der Zeitschrift \u201e<b>Kolonie und Heimat<\/b>\u201c ver\u00f6ffentlicht. Diese Zeitschrift war seit 1907 das Organ des \u201e<i><a href=\"https:\/\/de.wikipedia.org\/wiki\/Deutsche_Kolonialgesellschaft#Frauenbund_der_Deutschen_Kolonialgesellschaft\">Frauenbunds der Deutschen Kolonialgesellschaf<\/a>t<\/i>\u201c und sollte als Illustrierte im Stil der \u201eGartenlaube\u201c oder anderer popul\u00e4rer \u201eDamenzeitschriften\u201c junge deutsche Frauen motivieren in den Kolonien eine Familie zu gr\u00fcnden. Sie erschien bis 1911 mit der Titelerweiterung \u201e<b>&#8230;in Wort und Bild<\/b>\u201c.<\/p>\n<p>Dr. Kliemke konnte eine Kompetenz in Kolonialfragen nicht abgesprochen werden. Er wurde als \u00bbDirektor der Ostafrikanischen Eisenbahngesellschaft\u00ab eingef\u00fchrt. Diese hatte zwar ihren Sitz in Berlin-Mitte, aber Kliemke hatte die Kolonie Deutsch-Ostafrika, das heutige Tansania, auf Dienstreisen besucht. Unter anderem war er pers\u00f6nlich dabei als w\u00e4hrend eines Inspektionsreise des neuen Kolonialsekret\u00e4rs Dernburg die Verl\u00e4ngerung der Eisenbahn von Daressalam nach Morogoro feierlich und in Anwesenheit der Presse eingeweiht wurde. Die wohlgesetzten Worte von Dr. Kliemke wurden in Deutschland als treffende Argumentation f\u00fcr den Weiterbau der Strecke\u00a0 weiter nach Osten betrachtet. Daf\u00fcr wurden auf 99 Jahre laufende Kredite bewilligt. Von Dr. Kliemke gibt es einen Bericht \u00fcber die Verl\u00e4ngerung bis Tabora in der Zeitschrift &#8220;Kosmos&#8221; mit vielen Details zur Strecke und den Problemen beim Bau.<\/p>\n<p>Der Schienenweg vom Indischen Ozean zu den\u00a0 Zentralafrikanischen Seen sollte als\u00a0 Ost-West-Verbindung den Anschluss an den Kongo (belgische Kolonie) schaffen. Zudem w\u00e4re ein Kreuzungspunkt zu der Nord-S\u00fcd-Verbindung von Kairo bis Kapstadt entstanden, die bereits teilweise in Betrieb war. Der Beginn des Ersten Weltkriege im Augsut 1914 setzte dem ein Ende und Ostafrika wurde zum <a href=\"https:\/\/de.wikipedia.org\/wiki\/Erster_Weltkrieg_in_Ostafrika\">Kriegsschauplatz<\/a>. Gut zwei Jahre konnte sich die deutsche Kolonie halten und wurde mit Nachschub versorgt. Sogar mit einem Luftschiff wurde es, allerdings erfolglos, versucht.<\/p>\n<p>Dr. Kliemke versuchte in den ersten Kriegsmonaten seine Expertise einzubringen. Er hatte erkannt, dass\u00a0 der Krieg nicht langfristig durchzuhalten sei, weil man in der Erwartung eines schnellen Sieges gehofft hatte, die Ressourcen der besetzten L\u00e4nder nutzen zu k\u00f6nnten. Stattdessen kam es zu hektischen Sparmassnahmen um kriegswichtige Rohstoffe zu bekommen (Einschmelzen von Kirchenglocken) und zu einer \u00fcberbordenden B\u00fcrokratie zur Verwaltung des Mangels. Kliemke verfasste unter dem Pseudony Heinrich Nienkamp eine Schrift mit dem Titel: \u00bbDie Reichsaktiengesellschaft. Ein Vorschlag zur Organisation der Friedenswirtschaft im Kriege.\u00ab (Berlin Vita Deutsches Verlagshaus. 1915, 46 S. 8\u00b0. Orig. Kartoniert mit Deckeltitel. Konkrete Vorschl\u00e4ge zur Sicherung der Kriegs- und Volkswirtschaft durch die Gr\u00fcndung einer Reichsaktiengesellschaft).<\/p>\n<p>Noch vor Beginn des Krieges hatte Kliemke ein wesentlich umfangricheres Werk fertiggestellt, sp\u00e4ter das als \u00bbF\u00fcrsten ohne Krone\u00ab eine ziemliche Popularit\u00e4t erreichte. Die Zeit schien Mitte 1914 nicht g\u00fcnstig zu sein und so wurde es erst 1916 ver\u00f6ffentlicht.<\/p>\n<p>Es hie\u00df im Untertitel \u00bbfast ein Roman\u00ab weil sich die Geschichte aus erfundenen Zeitungssausschnitten und Pressemitteilungen entwickelt. Ein amerikanischer Million\u00e4r verwendet das ererbte Verm\u00f6gen zur Gr\u00fcndung einer \u00bbKulturorganisation\u00ab als Teil eines Plans, \u00bb wie man die Gesellschaft organisieren, ver\u00e4ndern und entwickeln kann, damit die Welt dauerhaft friedlich bleibt.\u00ab<\/p>\n<p>In den Text eingestreut sind Verweise auf Esperanto, wenn ein stockkatholischer Kommentator eine solche Sprache als \u00bbWerk des Teufels\u00ab, weil unbiblisch, bezeichnet und ein anderer christlicher Kommentar auf das \u00bbPfingstwunder\u00ab verweist. Antisemiten verweisen auf den j\u00fcdischen Hintergrund von Zamenhof, was wieder von anderen zur\u00fcckgewiesen wird.<\/p>\n<p><a href=\"https:\/\/de.wikipedia.org\/wiki\/Hermann_Oberth\">Hermann Oberth<\/a> fand in seinem Buch \u00bb<a href=\"https:\/\/de.wikipedia.org\/wiki\/Wege_zur_Raumschiffahrt\">Wege zur Raumschiffahrt<\/a>\u00ab lobende Worte. Dessen Buch war 1929 im M\u00fcnchener Oldenbourg-Verlag ver\u00f6ffentlicht worden und galt lange Zeit als Standardwerk der Raketentechnik. Auf Seite 398 schreibt er, dass er den Nienkampschen Freybund f\u00fcr \u00bbdas bedeutsamste h\u00e4lt, was Menschen bisher erdacht haben\u00ab.<\/p>\n<div style=\"width: 234px\" class=\"wp-caption alignright\"><img loading=\"lazy\" decoding=\"async\" src=\"http:\/\/www.stadtentwicklung.berlin.de\/denkmal\/liste_karte_datenbank\/de\/denkmaldatenbank\/bilder\/Kre\/01\/09031126a.jpg\" alt=\"\" width=\"224\" height=\"312\" \/><p class=\"wp-caption-text\">Charlottenstra\u00dfe 82.<\/p><\/div>\n<p>Kliemke l\u00e4sst den Million\u00e4r Fry (der nat\u00fcrliche deutsche Vorfahren hat) ein Unternehmen namens\u00a0 &#8220;<span class=\"st\"><em>LIGILO<\/em>&#8221; gr\u00fcnden, das die kommerziellen Aktivit\u00e4ten der \u00bbKulturorganisation\u00ab abdeckt und Kliemke <\/span>nennt sp\u00e4ter seinen Verlag <span class=\"st\">&#8220;<em>LIGILO<\/em>&#8221; (Sitz in Berlin SW 68 <a href=\"http:\/\/www.stadtentwicklung.berlin.de\/denkmal\/liste_karte_datenbank\/de\/denkmaldatenbank\/daobj.php?obj_dok_nr=09031126\">Charlottenstra\u00dfe 82<\/a>) Dieses Haus existiert heute noch und steht unter Denkmalschutz. Es wurde 1914 nach einem Entwurf von Paul Mebes f\u00fcr die Iduna-Versicherung gebaut.<br \/>\n<\/span><\/p>\n<p>Das Buch f\u00fchrte in der Nachkriegszeit zur Gr\u00fcndung einer Organisation, die sich \u00fcber ganz Deutschland ausgebreitet hat.<\/p>\n<p>Dr. Ernst Kliemke in Berlin<\/p>","protected":false},"excerpt":{"rendered":"<p>Der Berliner Jurist Dr. Erich Kliemke hat am 8. Mai 1910 einen Beitrag \u00fcber Esperanto der Nummer 17 der Zeitschrift \u201eKolonie und Heimat\u201c ver\u00f6ffentlicht. Diese Zeitschrift war seit 1907 das Organ des \u201eFrauenbunds der Deutschen Kolonialgesellschaft\u201c und sollte als Illustrierte &hellip; <a href=\"https:\/\/esperanto.berlin\/de\/kliemke-kompleta\/kolonial-kliemke-1910-2\/\">Weiterlesen <span class=\"meta-nav\">&rarr;<\/span><\/a><\/p>\n","protected":false},"author":8,"featured_media":0,"parent":7792,"menu_order":0,"comment_status":"closed","ping_status":"closed","template":"","meta":{"footnotes":""},"jetpack_shortlink":"https:\/\/wp.me\/Par8jA-21v","_links":{"self":[{"href":"https:\/\/esperanto.berlin\/de\/wp-json\/wp\/v2\/pages\/7781"}],"collection":[{"href":"https:\/\/esperanto.berlin\/de\/wp-json\/wp\/v2\/pages"}],"about":[{"href":"https:\/\/esperanto.berlin\/de\/wp-json\/wp\/v2\/types\/page"}],"author":[{"embeddable":true,"href":"https:\/\/esperanto.berlin\/de\/wp-json\/wp\/v2\/users\/8"}],"replies":[{"embeddable":true,"href":"https:\/\/esperanto.berlin\/de\/wp-json\/wp\/v2\/comments?post=7781"}],"version-history":[{"count":17,"href":"https:\/\/esperanto.berlin\/de\/wp-json\/wp\/v2\/pages\/7781\/revisions"}],"predecessor-version":[{"id":8856,"href":"https:\/\/esperanto.berlin\/de\/wp-json\/wp\/v2\/pages\/7781\/revisions\/8856"}],"up":[{"embeddable":true,"href":"https:\/\/esperanto.berlin\/de\/wp-json\/wp\/v2\/pages\/7792"}],"wp:attachment":[{"href":"https:\/\/esperanto.berlin\/de\/wp-json\/wp\/v2\/media?parent=7781"}],"curies":[{"name":"wp","href":"https:\/\/api.w.org\/{rel}","templated":true}]}}