{"id":7956,"date":"2020-02-17T17:19:21","date_gmt":"2020-02-17T16:19:21","guid":{"rendered":"https:\/\/esperanto.berlin\/?page_id=7956"},"modified":"2020-02-17T17:38:05","modified_gmt":"2020-02-17T16:38:05","slug":"deutsch-gruner-tee-trifft-grunen-stern","status":"publish","type":"page","link":"https:\/\/esperanto.berlin\/de\/deutsch-presse-aktuell\/deutsch-gruner-tee-trifft-grunen-stern\/","title":{"rendered":"Gr\u00fcner Tee trifft Gr\u00fcnen Stern"},"content":{"rendered":"<p>Die Esperanto-Gruppe in Lietzensee ist wieder an ihren langj\u00e4hrigen Standort in Charlottenburg zur\u00fcckgekehrt. Im Mehrgenerationen\u00adhaus in der Herbartstr. 25 gibt es an jedem Montag von 14 bis 16 im Kaminzimmer ein v\u00f6llig neu konzipiertes Angebot unter dem Titel &#8220;Hirntraining mit internationaler Dimension&#8221;, das auf einem erfolgreichen Modell aus Brasilien aufbaut.<\/p>\n<p>Es beruht auf der Beobachtung, dass Menschen, die sich mit Esperanto besch\u00e4ftigen, bis ins hohe Alter vital und geistig aktiv sind. Zur geistigen Anregung in Form der Besch\u00e4ftigung mit einer Sprache, die aufgrund ihres regelm\u00e4ssigen Aufbaus, leichter als jede nat\u00fcrliche Sprache zu erlernen ist, geh\u00f6rt auch der gr\u00fcne Tee, der dort ausgeschenkt wird. Wissenschaftliche Studien haben gezeigt, dass gerade der gr\u00fcne Tee gegen viele Problem im Alter helfen und sogar das Leben verl\u00e4ngern kann. Es trifft sich gut, dass der &#8220;Gr\u00fcne Stern&#8221; seit mehr als 100 Jahren das weltbekannte Symbol der Esperanto-Bewegung ist.<\/p>\n<h2 id=\"weitere-informationen-zum-konz\">Weitere Informationen zum Konzept<\/h2>\n<p>Internet: esperanto.berlin\/de\/terapio\/raporto-flores-2011\/<\/p>\n<p>In Berlin wird nach dem Konzept von Alberto Flores gearbeitet, das f\u00fcr Senio\u00adren in Bra\u00adsilien entwickelt wur\u00adde und dort seit mehr als 10 Jahren erfolg\u00adreich angewandt wird.<\/p>\n<p>Kontakt: esperanto@berlin.de<\/p>\n<p>Roland Schnell, 0 176 \/ 53 54 99 34<\/p>\n<p>&nbsp;<\/p>","protected":false},"excerpt":{"rendered":"<p>Die Esperanto-Gruppe in Lietzensee ist wieder an ihren langj\u00e4hrigen Standort in Charlottenburg zur\u00fcckgekehrt. Im Mehrgenerationen\u00adhaus in der Herbartstr. 25 gibt es an jedem Montag von 14 bis 16 im Kaminzimmer ein v\u00f6llig neu konzipiertes Angebot unter dem Titel &#8220;Hirntraining mit &hellip; <a href=\"https:\/\/esperanto.berlin\/de\/deutsch-presse-aktuell\/deutsch-gruner-tee-trifft-grunen-stern\/\">Weiterlesen <span class=\"meta-nav\">&rarr;<\/span><\/a><\/p>\n","protected":false},"author":8,"featured_media":0,"parent":4160,"menu_order":0,"comment_status":"closed","ping_status":"closed","template":"","meta":{"footnotes":""},"jetpack_shortlink":"https:\/\/wp.me\/Par8jA-24k","_links":{"self":[{"href":"https:\/\/esperanto.berlin\/de\/wp-json\/wp\/v2\/pages\/7956"}],"collection":[{"href":"https:\/\/esperanto.berlin\/de\/wp-json\/wp\/v2\/pages"}],"about":[{"href":"https:\/\/esperanto.berlin\/de\/wp-json\/wp\/v2\/types\/page"}],"author":[{"embeddable":true,"href":"https:\/\/esperanto.berlin\/de\/wp-json\/wp\/v2\/users\/8"}],"replies":[{"embeddable":true,"href":"https:\/\/esperanto.berlin\/de\/wp-json\/wp\/v2\/comments?post=7956"}],"version-history":[{"count":6,"href":"https:\/\/esperanto.berlin\/de\/wp-json\/wp\/v2\/pages\/7956\/revisions"}],"predecessor-version":[{"id":7962,"href":"https:\/\/esperanto.berlin\/de\/wp-json\/wp\/v2\/pages\/7956\/revisions\/7962"}],"up":[{"embeddable":true,"href":"https:\/\/esperanto.berlin\/de\/wp-json\/wp\/v2\/pages\/4160"}],"wp:attachment":[{"href":"https:\/\/esperanto.berlin\/de\/wp-json\/wp\/v2\/media?parent=7956"}],"curies":[{"name":"wp","href":"https:\/\/api.w.org\/{rel}","templated":true}]}}