{"id":81,"date":"2011-03-14T17:04:52","date_gmt":"2011-03-14T16:04:52","guid":{"rendered":"http:\/\/www.esperanto.de\/berlin\/wordpress\/"},"modified":"2016-07-05T21:40:30","modified_gmt":"2016-07-05T20:40:30","slug":"veranstaltungen","status":"publish","type":"page","link":"https:\/\/esperanto.berlin\/de\/veranstaltungen\/","title":{"rendered":"Kalender"},"content":{"rendered":"<p>An dieser Stelle befindet sich eine \u00dcbersicht \u00fcber Veranstaltungen mit Bezug zu Esperanto in Berlin und Brandenburg. Durch Klicken auf eine Veranstaltung k\u00f6nnen Details angezeigt werden.<\/p>\n<p><iframe loading=\"lazy\" src=\"https:\/\/www.google.com\/calendar\/embed?title=Esperanto-Kalender%20f%C3%BCr%20Berlin%20und%20Brandenburg&amp;mode=AGENDA&amp;height=600&amp;wkst=2&amp;bgcolor=%23FFFFFF&amp;src=l1mrp61nvk8ml77rc3g1ms24e4%40group.calendar.google.com&amp;color=%231B887A&amp;ctz=Europe%2FBerlin\" style=\" border-width:0 \" width=\"600\" height=\"600\" frameborder=\"0\" scrolling=\"no\"><\/iframe><\/p>\n<p>Wenn du ein Ereignis zum Kalender vermisst oder wei\u00dft, dass eins ausf\u00e4llt, <a href=\"http:\/\/www.esperanto.de\/bb\/kontakt\/\">kontaktiere uns<\/a> doch bitte. <\/p>\n<h2>Export<\/h2>\n<p>Der Kalender ist auch als <a href=\" https:\/\/www.google.com\/calendar\/feeds\/l1mrp61nvk8ml77rc3g1ms24e4%40group.calendar.google.com\/public\/basic\">XML-Feed<\/a> f\u00fcr RSS-Leser und im Format <a href=\" https:\/\/www.google.com\/calendar\/ical\/l1mrp61nvk8ml77rc3g1ms24e4%40group.calendar.google.com\/public\/basic.ics\" target=\"_blank\">ical<\/a> verf\u00fcgbar. Au\u00dferdem kann man ihn in seinen Google-Kalender importieren, indem man auf den Knopf rechts unten im oben angezeigten Kalender klickt.<\/p>\n<p><\/p>","protected":false},"excerpt":{"rendered":"<p>An dieser Stelle befindet sich eine \u00dcbersicht \u00fcber Veranstaltungen mit Bezug zu Esperanto in Berlin und Brandenburg. Durch Klicken auf eine Veranstaltung k\u00f6nnen Details angezeigt werden. Wenn du ein Ereignis zum Kalender vermisst oder wei\u00dft, dass eins ausf\u00e4llt, kontaktiere uns &hellip; <a href=\"https:\/\/esperanto.berlin\/de\/veranstaltungen\/\">Weiterlesen <span class=\"meta-nav\">&rarr;<\/span><\/a><\/p>\n","protected":false},"author":2,"featured_media":0,"parent":0,"menu_order":2,"comment_status":"closed","ping_status":"open","template":"","meta":{"footnotes":""},"jetpack_shortlink":"https:\/\/wp.me\/Par8jA-1j","_links":{"self":[{"href":"https:\/\/esperanto.berlin\/de\/wp-json\/wp\/v2\/pages\/81"}],"collection":[{"href":"https:\/\/esperanto.berlin\/de\/wp-json\/wp\/v2\/pages"}],"about":[{"href":"https:\/\/esperanto.berlin\/de\/wp-json\/wp\/v2\/types\/page"}],"author":[{"embeddable":true,"href":"https:\/\/esperanto.berlin\/de\/wp-json\/wp\/v2\/users\/2"}],"replies":[{"embeddable":true,"href":"https:\/\/esperanto.berlin\/de\/wp-json\/wp\/v2\/comments?post=81"}],"version-history":[{"count":1,"href":"https:\/\/esperanto.berlin\/de\/wp-json\/wp\/v2\/pages\/81\/revisions"}],"predecessor-version":[{"id":3486,"href":"https:\/\/esperanto.berlin\/de\/wp-json\/wp\/v2\/pages\/81\/revisions\/3486"}],"wp:attachment":[{"href":"https:\/\/esperanto.berlin\/de\/wp-json\/wp\/v2\/media?parent=81"}],"curies":[{"name":"wp","href":"https:\/\/api.w.org\/{rel}","templated":true}]}}