{"id":8204,"date":"2020-08-01T10:20:10","date_gmt":"2020-08-01T09:20:10","guid":{"rendered":"https:\/\/esperanto.berlin\/?page_id=8204"},"modified":"2020-08-01T14:10:26","modified_gmt":"2020-08-01T13:10:26","slug":"berlin-1970-schnell","status":"publish","type":"page","link":"https:\/\/esperanto.berlin\/de\/esperantist-ddr\/berlin-1970-schnell\/","title":{"rendered":"Berlin 1970 (R. Schnell)"},"content":{"rendered":"<p>Pers\u00f6nliche Anmerkungen von Roland Schnell<\/p>\n<div style=\"width: 238px\" class=\"wp-caption alignright\"><img loading=\"lazy\" decoding=\"async\" src=\"data:image\/jpeg;base64,\/9j\/4AAQSkZJRgABAQAAAQABAAD\/2wCEAAkGBxMTEhUTExMWFRUXGBgYGRgYGB0YFxcfHR0XGh8dGBoeHiggGB0lGx8aITEhJSkrLi4uFx8zODMtNygtLisBCgoKDg0OGxAQGi8mHyAvLy81LSswLTUuLjUtLSstLS0rLS0wLS0tLS0wLS0vMi0tLS0tLS0tLS0tLS0tLS0tLf\/AABEIALgBEQMBIgACEQEDEQH\/xAAcAAAABwEBAAAAAAAAAAAAAAAAAQIDBQYHBAj\/xABLEAACAQIDBQQHBAYGCAcBAAABAgMAEQQSIQUGMUFRE2FxkQcUIjJCgaEjUnLBFTOSsdHwJDRDYoKTU1RzorLC4eJEY2R0s9LxFv\/EABsBAAEFAQEAAAAAAAAAAAAAAAMAAQIEBQYH\/8QAMhEAAQQBAwIDBwMFAQEAAAAAAQACAxEEEiExQVEFE2EUIjJxgZGhwdHwI0Kx4fFSQ\/\/aAAwDAQACEQMRAD8AtxgAJFufGnSooHVj40vJXnUriXFb4GyRkFEEHSl2omFhUASdkkRA6UlVAN7Cq1udt15cE2IxLj2Gku1gAFWx4D50vdDFTSRSYrESWSVy0SNYCOP4b958ToBVt+K9mqz8Jr5nsEMSA16qxlB0HlSSg6UIMQjjMjBhwupBHmKHaL94dOI17qrU7jdE2QPgKRkF9QPKnJZlWwZgt+FyBfw60lJVJIDAlTYgEEjx6U4DqtKwlBRbgPKlKo6DyFR2x3nIkOJMQtI2TIbgJYWzE8+NU5tuYqTCy431jslD5YYlVbNqB7VwSxN+XQ1aixHyOIBG1C\/UobpQ0cLRQi9B5UCVHIeVcmzsUzwxO4szRozCxFiVBOnLXlS2xA19oacdRp41WLXAkdkSxVpDQi\/DTwp0IOgohw0rh3ffEGMnFKiyZ2sE4ZeXM68fpTgEtLr4TWLpd7qOgoZR0HlVf322vJBAphYCR5UjGgb3r3066VPxdLhiNDY86k6J7YxIeDf4TBwLtKUVHQeQpSqvQeQqEbaz+vjChFyCLtWbidTlAHIC9+PGpuoyMeytXUWna4HhAqv3R5CiyL90eQpVqKhaipIBF+6PIURRfujyFKBojS1FLZN9mv3R5CgYl+6PIUo1W9995BhIfZsZpLhB06sR0GniTRYY5JnhjeSme5rRZVX9JW31LDCxWGUgyEDnbRbjpe5HcKpS4hhwY+ZpnUksTdiSSTxJOpPn++jPCu6xsdsEYYFiSyF7tRXSMS\/3m86Lt24gm\/jwrmpQ\/nvo6Gtl3N22uKguwXtE9lwANTyYC3A1PhV6DyrBtmbSlw0glibKw0I5Ec1Yc617djeWLGJdTlkAGeM+8O8dV7\/3VyXifh74XGRnwn8LWxshrxpPKmsg6CjCDoPKlCjArH1HurdBS96FC1CtHU7uqlBRAGp8aXm61E7s7ZXFwLMNDqHX7rDiPDmO4ipnLWfMxzHlruQrDSCAQkmm3Ohv0P7qcpMsdwRfiCKi00U54WRbrZsVBFs9CQpleXEEaWjBWy3\/ALx\/KrDvtA82JwuChWMhUMxjkJERC3VQwXWwytp4VP7q7qx4FWCMXZyMzMBewvYADgNSfnTe3t2XmxCYmLENBKqdncIrgrdjoDw95uvKts50TsmwaaLonuepVQROEddf0UHulh\/VYcdMZIWFy2SBiY4yqk2AIFjqNOgprcXc2IwYbESM5cfaqob2Fvw0tzFie\/wqej3OVMC+DjlKl75pCtybkX0vzUZeNT2BwgjjSNeCKqj5ACgz5wp5jdu4\/gCvypMi41DgKlbP2fFjNoYx517VIisaBicq6e1YciLfU0NwgI8JjZh\/pJSCdbhEBU3PHUmoDEYuENjJBiZMM5dwcKDd5m1AsbXUMxtpcgE68Kt2w9hONmDDMTG0iHMbXKlzc6X4i9W8j+nHTjsS0V2ob\/wIbN3bDuuPYmFjj2L7YuvZySkXI1zEjh4KahMTs3stl4bFB2WWIZ0tbL9o5bVSDc2NXXGbBz4L1RZCnsLHnAubLlvpccQLcedcLbolzGr4l2gTIRBlCrdAALte9ri9u+hRZjAS4uq3k1vuK4+tqTojsK6UrHhMxRCw9oqpPQEgX+tZ7gtiQ4qTaOImuUEkiKASB7AvmPWwy2vpWk2NQmC3aMeDkwwlu0naXkyWN3JJOXNy8ap4uQ2PUbokj7XZRZGF1bcKv7vzMmxGkYknJNlvrYZmVR4X4eNK2jiJMNsaMIzCR1RQQTmu5ubHkbE61OY\/dotgBgkkC2VFzleOUgk5b8yOtPbd3fXEYdYM5jyFSjAXylRYac9KP7TCX2TsXkn5dFDy3V9KVK21urEkuBhjZ1eRj2j5iScoDFu5r3sRwvUhg9lph9rRx4csimF3lXMSDxUE34m5U68xUxgd25hiY8RNijP2cbIAY1T3uJGU2GluNya7odjWxj4pmBzRrGq2tlANzc31ue7lRJM0VpL790\/Uk\/ooti3uuqqm72wYW2hih7bJB2QTM7E5veNzf2gGBNj1FaBaovYWxuwM7F87TSmQnLltfQLxN7DnUtlqhmz+bJsbAAH43R4maRwiBo70QWjtVNFRGklqMg1EbybcjwcRkc3J0RL6u3QdB1PKpxxukcGtFkqLnBoso94duxYSLtJD3Ko95z0H5nlWK7X2lJipWmlNydAB7qjkF7v3m550nae0pMTIZZWzMb2HJR0UchTPCuy8P8PbjNs7uPX9AsmfIMhocIAcqIj50QNHmvWkq6O3nQtRD+daUbUkkB\/PfS8PM0biSNyjr7rKbEfx8OFJUZiB1Nhfh8zwHjUy26WNHHDt8irfUEihySRt2eQL7qTWuO4V+3Q31TEARzFY5uA5JJ+G\/A93l3XICsUG5eOP\/hzr1eMed3q4btw7YhGV1jkQcBNJ7Q7g6Zj53rmM7BxydcMjflY\/C04ZpKp7T81p96FcXbT\/AOiT\/M\/7KFA8s9x909rDfR5vD6tiMrm0Mvsv0U65W89D3HurbRevNkXHzrY\/RxvH6xD2Eh+2hA48XQWAbvI0U\/4etaPjWFqb57RuOf3QMSajoKuJor0KFq5haCBFAUKBFJJETSWJo8tHkp0lzepoWzlFL\/eyjMPnxp7JThFAinLieSlSby0ginbUllpJJAJpavRFaK1JJOmSk3pulAUySUTRZqFqJRTpJQpV6SaBFMklXpLGheiIpJKrbw75JECsEbzyW0yqxjHeWA18Bes8Ox8fjpTK6OzHQswyKo+6L2sBfgK2sikk1qY3iDcdv9KPfuTaryQGQ+87ZZxgPRseM0wHVUW9v8R0+lU\/eJYFm7LDXKpo0hN+0PMqOAA+vlVy9IO9ts2Ew7a8JXHL+4pHPqeXDrWepHYV0Hh\/tEg82Y88D9VQn8tvus+6FAUKFq01XRG16UAKmd39jHELiTa5jgZl\/Hdcv0DedQkJBApg4EkDonra0u3HStG3J3xTKmGnOUqAiOT7LclVuh5A86zuikW45VXysSPJZof\/AMRIpXRusL0NajUVlW5u+7QZYcRd4uCvqXj8fvL9R38Bp2CxSSqHjZXQ6gqbg1xuXgy4z6cNu61o52yDZTtqFFQqaGvLcbajhxNSeydovhp0mTRkOoPxDgVPcRp9ajI+Pz\/KnzXbuaHCiskGt16C2bj0niSaM3RxcdR3HvB0NdINZR6Nd4exl9Wdvs5T7JPwvwt3BuHjbrWrA1w\/iGIcaUt6Hha8Mutt9UugaRmolbWqICNaYbaMINu2jv8AjX+NdEUgYXUgjqCCPMVle5mwcPicXjRPEJArm1yRYl3vwIvwrphw\/wCj9rRwwErBPlulyQM1xzOpDC4PQ2rWk8Pj1OjY86gL3Gx2tV2zuoEjbhadaheofb28EeGyBgzvIbJGgu7eA5Dhr30nYW8UeJZ0CPHLHbPHILMt+HAkVn+zSeX5lbI\/mNur3UjFjI2d41kUuls6gglb8LjlXRVZ2GcIMdilhRxOP1pN8vEe7rzJvTu198sLh5WhlLh1AOiFgbgEAW4k3ojsVxfojBOwPr\/xREgq3FWCk2qI2BvRBiyyxFg66lWGU24XHXXTuqaIoEkb43aXiiphwcLCbNCl0RqCSSDRA0q1FanSQoXoxQNJOivQoCm8RiFRS7sFUC5JNgPE8qQBJoJWlE1St\/N7uwBw8DXnYasOEYN+f3+7lx6Vwb1ekEaxYM34gy20HL2ARr+Lh0vWeAXJJJJOpJ4kniT3k866Hw3wo2JJh8h+6o5GSPhagF5njzvx8aPNRmiH1rpVnIUVK1PAUrDwMzBFF2YgKOpOgHnSSWkei\/AWgklIv2r5R+FAf+Zm\/ZFZ1tDCGGaWH7jkDw5fS1bfsTZ4ghjhGuRbE9TxY\/Niazf0o7O7PEpMPdlWx\/Eun1GXyrAwc0SZsg6O4+n8KvzRVC30\/VVS9qGY0gn50BW+qCV3\/wAipHZG2psK2eFyuuqcUb8Qv9ePfUdalpoD4VF7GvFOFhOCQbC27\/8Ap5Pux+Z\/jQqGsO\/9qhVb2HH\/APARfNf3WOp7wp8GmEGtdFqtoKOtl3F2\/wCtQAObzRgLJ38cr\/4gPMGsZNSe7m2Wwk6zLcjg6j41PEePMd4qj4hiDJiLeo4RoJfLdfRbrm5imwDz1pWFmSRA6EMrgEHkQafKCuINtNFbHIWeejt\/6Vj+X2n\/ADSU3vM+bbWDUcRkJ7tXP7hT2z93dpwT4iSE4VRM5Ptl2sLsRay6ced6ld3t0DFOcViZe2xBvqNFW4tpzJtoOFhyrckmiZK6bWDbaAHN0AqbWOLQ2uqit9onfaWBWN8jnNlfKGy2N75ToeFSm72z1ixs7PihNiGRc6ZAhAGWxIBtwt50re7d6eaWDEYZoxLCTZZLgHUHiAfC2nHjSt19h4hJ5sVijH2soC5Y7lVAtzPgNNeHHWhOmYcUDWNm1XW7\/wAKYYRJx1Udu2R+mMd4D\/k\/OijQHbr3ANoQRpwOVRfxtfzqU2NsCWLH4rEuyZJbBQCS2lveFrDQciaOHYUo2m+LJTsmjCAXOe+VBqLWtcHnTOnj1uId\/wDMD60Nkgx1DbqovZcYXbs9ueHJPLUmCrwReq7hNhSrtOXFkp2TRdmACc97xnUZbW9k8+lWS1U82Rr3MIN+6EWJpAN9yk2oxQIojVNFQNETRGkmnTJdFSKMGknRnxqobf3MOKbNLi5SOSWXIvgo\/ebmreBRWo0OQ+E6mHf5BQewOFFZ6PRkn+sH9gfxpDejM8sSPnH\/AN9aGxqJ23vDBhVvK9jbRBq7eC\/mbCr0fiOa92ljrPyCC6CICyFUB6NTzxI\/yv8Avqq7xYOCA9nFOZ5B71gAi25Xubnu5fSureLfPEYq6R\/YwnkD7bfiYfuH1qvJGByrosSPK+Kd\/wBBX5VCV0fDAjTvq6ejLAZsQ0pGkSXH4m9keQzHyqmgVpvouithpW5tMV+SohH1Zqn4jKY8ZxHy+6bHbqkAVh2rtdYHw6HjNJkHhY3Pnl86jPSNs\/tcE7fFF9qOunvf7pNZ9vNvA02N7b4IH+zHUI179+YjytWt7Zt2E19Rke\/hY1zz8V2IYZOp5\/nyKviQS629FhKm4FKHDlTOHHsi9O8a65ZSVcUbHQ+FFfl86JtB50klrGbuHmaFNW8f5+VCmTrIojcin\/57qYjOorop0yTx0oyaBWiFJJaH6Lt4bMcG50N2i7jqWX56sO\/NWmVn3oz3cCL65KvtOLQgj3V4F\/FuA7gTzFX8CuM8Y8v2g6OevzWti6vL3R3oUGoiKy6Vm0GoA0RpJpJWlBqUDSKMUqTpRowaQONKtSpNaBpJFKNERSStJNJtSyKS1OElyYvHRx6PIifiYA\/Wo6TenBKbHFRX\/FepPHbPimXLLGrjowB\/\/Kre0PR9hHB7MNCx5qSR+y1xa\/IW4VcgGKdpS4fKkJ5k\/tpPz7+YBP7fN+FHb6gWqNxXpJww\/VxyufAKPqb\/AEqvbQ9HOJQXjdJe73G\/3ja\/zqtYzZk0X62J47cSykDnz4Vt4\/h+BJ8LtX1\/TYqnJPOORSndqb\/YyUER5YAfujM\/7R\/IVVpSzsWdmdjxZiST8zSx3WpWTu\/nurZhx4ohUbQFUe9zviKaUWNLsOdx\/P8AGiMZpbRHU20FGUE3m\/nlV09HG2Qjvh3NhIcyE8M1rEfNQP2apeWgyaUHIhE0ZYeqnG8sdqCfxOzHSd8MffD5ATzzEBSfEEH51pvpG2yIcK0Sn25bxqOeXgx8tPnWZYTGOkqT5s7oQVz3bhwvc3Njr8qZxM0krmSRy7nix\/LkPAUCbFMzoy87N3+ZU2y6Q6uqTEbAdaWW5fl+dIo8x+VXUFAHupbjSiDaUTEWpJLU+yb+TQotPvfvoqSSyZB7VdFzemQ9z509fupJIjU\/uVu965Pla4hT2pSDY2N7KD1Yi3cATyqEw8LOyogzMxChRqSSQAK3HdjYi4TDrENW96RvvMePyA0HcKz\/ABHMGNFY+I8I+PF5jvRSiAAWAAAsABoABoAOgtRg0a0La1xRJJsrX4WW7vbJ9cxWMSSedQjnLkkItdmHDXoKlNx8ZLFjcRgpJXlVLlC9yRYjmToCGGndpXPuHio48Xj2kdUGc+8wX435mnNyLYjaWMxa3Meqq3I5iB89Fv8AMda6HJJIla74Q0V89uFRZ\/aRzZVhnmxomxHtQCLsz6uGNjnsLZ+dr5r\/ACqS2SZuxT1jL2tvaye7fuqiyYXBJNimx+Ihmldm7MZmYxDUheHssNBp0qQ3A2jJ+jJHY5mi7XLm191cwB6i+lVMjG\/ogtrlo4q7HQ9fVFZJ72\/r1V2H1qoek3HSRYeJo5GjJmAJU2JGVzb6A\/Kq\/sPdpsZgjiBM\/rbSEiR5HCgBgCLLw0vwHG3AVI+k1WGDwwksziZAxHxHs5L28T3U8GLHFktaHWbIIr0\/wk+QujJqlf420HgKDsBqTbvJtWd7ohtoYh8VO+kRCpApIUcwWHMcdeZB5C1dW+iGbaOCw7kmFgWZLkBjduPX3R9etBdggTeWXcAk7cdaHdSE3uagFccfL9jIVbgjWIPDQ8xVe9GuOeTBZ5ZC57RhmdiTwTS5+dN7I3cfCNjCGX1eRCY0BJK2zHUEWGhI0J5dKqm6e664rBtK80qkM4RVIyCwBJZTxJPQjhR48eEwvbr2tu9dxwoOe\/UDXQ7LWr0m9Ur0fbUkbZzsTmaIyBSbk2Cq4BPO2a3gBVHhdpMMziPGyYpmuJlDmIe0Li4N72vy424UOLwwue9pd8JpSdPQBrlbbQtVH32nk\/RSs9xJ9iWOqtfS\/eKg95NnHCQYXFRTzmVmjzFpCQboX4cgMtrdDUYcAPAt9Ekgbdk7pi3otToitxrSInuAeoBpYas7cFHXFPsbDvctDGSeZUXP0rgxO62B1LQIABqblQOetiKlsVi0jQvIwVFFyxNgKyje\/e98UWihukHA8mktfVtdFP3fPoNLBhyZ3UxxA6myq8z42DcKN3glw7TZcIhWMaFizNnPVbk2HSuCQWOvHgf3U0NNaVmNdfGzQ0Nvjuspxs2heh32t+6gDTmHw7O2VFZ2PBVBYnwAqaZJQDmKMrV22P6OcQ9mxLCCPobNKf8ADwB4cfKrHjNxcCVCIsqEf2ge7N+IEFTr0A+VVJs+CE05yMyB7twFkjrScny8au+0PR3OusMkco6E5JPkD7J5\/FVWx+BmhJWaNkP95SAbfdPAjvFGinjlFscCoOjc3kKNdaBQ2roy91DILamiqC0m\/hQp7sR9+Lzf\/wClCmTrIYuI8a6DXPENRVl3N3fOMxAU3ESWaUg\/Df3QeRbh5nlUXvaxpc7gJBpJoK3ejDd0Kvrkg9priG\/IcGfuJ1Ud1zzrQVpCRBQFUBVUAKBwAAsAO4DSlWrhs7KOTKXnjotmGMRtpKojQtQIqmirMtz9iQYjFY3t4hJlkOUNfS7PcjXuFaJhsEkUfZwosagGwUWAPXzrpsaSat5OW+Z19Ntr22Q44gwLL93FkwyTYeTAPLO7NZ8gyNppmc6KoNz8+tTO4OAf9GyRFSjOZVAYFTqoAJBF7VdhRkVYm8RMjSNNEkHnt6KDINJ5WVbK2xNh8C2DSGdcXmOQqlxqwJIPhccLVJ7+Yec4PBqwZ5RKhcgXN8jAk2HU1f8ANRGnPiA8wPDN7JPrYr7JeQdNEqg7fwE2CxS43Cozo\/szRICb31JsOtr35N40\/vM7+tYLHJG8kSqQwVSXUG\/FeN\/a+hq7gUDURnm2lzbIBF9wen07peTyAVTNn43EYjEYqW0yYXsisaSDKC2UAkKdeIJ+dK9HEDLs4hlIOaXQgg8By41cbUoiovzbbpDaFj8fzlOIqN33\/Ko3o5wLjZ0iFWRnaT3gQRdFUGx8Kr+zduy4fAtg40ljxgf2QI83FgSdQR7tx861dqKiDPGtznMsOINX2\/yFEw7Cjwqbv1BKdmBWBeX7LNlFyWuL6L+VcXpEjb1HCix0kj5a\/qpL6VfTTc8gVSzEBVBJJNgAOpqMOaWlnu8En7p3RA3vylQH2V8B+6ovbm8UGFW8re0fdQau3gOQ7zpVP3k9IvGPBi\/IzEaf4FI18T5Vn7szuzuxZ21LHUk99XsTwd0h1zbDt1\/0gy5QbsxTW8W8MuMe7+zGPdjB0HeTzbv5cqixp+6mwb91SGx9kz4lssETSEaG2ij8THQV0kcbImhrRQCz3OLjZXCxrpwmDklOWONpGteygsR4gXt41o+w\/Riq+1inLkf2cdwB+J+fytV22ds0Qrkw8KxL3cT4sdSfGqs+cyPZoJPoEVkBdudlmW6e46T3aefKUsWgQHtQNPfDAFPI8RrWibNwUGGXLholj6ta7t4k613zbBSQhptWHBgSGXvVwQQfCuXHxS4ZTKMUrJcDJiFHPQBZFAbMTb3sxJqnL5+SNnaPT\/YRmhkZ4tHJLc6m5PU8fCiNUPam8MbYxZcTh5EaPsnUWJKqvalygsps5MYuwFgD0q3wYzE4tVdIpIYTe8d1R31+KYm6j8Cn8VUD4K+7L0YZY6BOSYkluziUyyXAyjgnfI3BB9egNJx26yyjNjJHlHKNLpGvjzbxJ5cKtWEwyRoERQqjkP51PfzvTlqtwYTYB7h97uoPlL\/i47LOtq7j4OU3RWw5tpkOZfmrfkRVZ2n6OcSv6hkxA10BCPz+FjbyNbNisUkSNJIwRFFyxNgB41CPiMRjAOxzYaHMQ0jL9s624xKfcB+82vQXqzj+0M+J9j1CHIIzwKVX\/QeL\/wBE3l\/1oVff0DH9+b\/Nb+NFV3zkDQvMOEhZ3VEUszMFUDiSdABW77sbFXCQLCLFvekYfE5AvbuHAf8AWqZ6LN3CD65ILcRFca63Bf8AId1zzrSlrA8Zz9R8hnTn9ldxIa98pVGKSTQvXPK8lGgaImhemSSqDWpFETSpJC1qTalXogadJEKK1KoLT2kiSjtSqSxpkkLUdJBoWpJI7UhxakYwyBCYlRn5B2Kr8yFJ+lZzvNs3a89xJlMf3IGsp8QSGb53q5iYwmPvPDR6nf7IUsmgbC1Nbf38w8F1i+3k4WQ+wPF+fgL1nW3Nv4nF6TPZOIjX2UHiOfiSaI7uYoaerS\/JCfyoDYOK\/wBXm\/y2\/hXUYuNiY+7SCe5IWbJJI9RmTSkipX9AYq39Wm\/Yb+FPQbq4xuGGe3U2H7zV45EQ\/uH3QfLd2Vm3Q3YwmSObFpO4bMR9m3YjLa+bLdrd50NjWs7J7AxjsDGYwLDs7ZR3ac6zXdDtY88EoUKsWJZT60VC2VEdSR7pza3+DMSKnZNjpmDRkxSn1RBJHi7NqoudQRIeGjA9pa9CcQ\/e0Qe70V5pVUrDbZx8OsqQYmICVs0cqLMFjbLci+R9LE2tbW9N7F3hkx8rIZFwii32QP8AS2B1ucwsikEWKgmx4ioaCpagrliMaiaE+1yRdXPgo1+fAVCY7Z2IxTq9\/VVjzGMizyksuW7A3RLfM945yeztnxQgrGlr6liSzserMdWPjXaDTXXCerVXO64w0Sywhp8TG5kLsftJ73VkZjpYoSADoCBUti934zcxFsO5+OI5fmy+63zFSl65to7RigQvM4RRzPPuA4k9wp9RKVAKFK7SgOjRYyMcj9jN8iPYboNB\/BOH30VyYkw05xAOVoSlipPN31RV53vryBpEwxmMsVZsJhvAesyg9L3EII4fFrfS1L2TspcPj2WEZEbDKXHEswkYBmPFmtfU3NPt1Tb9F14TYru6zYt+0carEukEZ\/uji7AfGdelqsCUgCgSaGTalS7b0KY7QUKelGlWI0AAAFgNABwFOrSFpwVxDjutYJJohRnwovlSSRdqoOUkAngCdT8qCuDwII7taoe1dmpjNrmOQExwwDMAStyxOlxrYhgDY6603uzFFhptqdmeygjsoOrCMhWuRfUkE+Olq0vYW+Xeo6qBqu5r+bIHnG+NlevWkzZM65vu5hm8uNPcqyLG4NBg4BFhnBkmjKYuTIskhZtCFDl9RbX51bNp4cY3aTYeW7YeGJXMeYqGdiCC2UgmwI0qUnh7Wm9W297DpXG\/W+qZs5PRd+F2nI+0poQ\/2MUKMRYe+xGt+PC\/PlVitWabE3dwkr49mS0ETlUQOyqMikljZvasbkXuBVl9HGb9Hw5r\/GRfkuY2A7rUs3Gja3Uw\/DpFV3F\/fulE9xNHrasUsgUXJ07+dQO420pZ8Is075md3sbBbKGKgaAcwarJ2dFi8PjcbiRnIaURMSR2ax6LlHAa+dJ2jgScDsvDAlTLKhJHEaMxI8C1\/lRW4cYZ5d7kizXFAk1\/AomV13W1fqtA2hO6xO0Sq8gU5VJygnkCeVcODxOKMkayRIqGINIwa5WTmii+o7\/rVa2xsWGKXA4SMHK+KOIfMSxYoupJPX867pB2m2l0v2GGOvRnbn32JoTceMM23BDjZG+2w691LWb39AuvAbTkfaGKjL\/YwJELEADO4ve\/HqOPKrHes12bsnD4lcfi8SMwEslhmKquQGzWBF215\/maYSSVdiwx5iGxEvZr3IS2n4SF8mo02Cx7gGmiNLTttxZN9VBsxA3HcrToJle+Vla3Qg28bUoyL1HmKpO7Ox+xx1yIITHh8rRROWJ1Fne4F79eoFQuzthxT4LFYyXM12mkjUEhVIv7RANmJ0GulhQvYI9R981t06n6qfnOrjv+FqdqK1Q246MuBw4Y3OS47gSSB8gQPlU3as2Vmh5ZzRpGabAKIrSWFFPMqgsxCqBck6ADqayzfLfZp80OHOWLgz\/FJ4c1X6n6VZw8KTJdTeOpUJZmxjdWPasxES4iN2yxPiHJ7BShRm7Nrm9msGuFPv5QTVpaxZbHTtcLqcJofZ5EcPx\/BwqkbDwMU2BgVygEcGKdlOJaLOQ4y5xyQaEn4bi2lWDdkOidlIVZosVDECMUy3VY7r7PA+zb7Pg978q66OLy2aeyzHO1G10Y0DsJCAv9WxnHCMvFxz5a\/Dxf3qXJsyJ27KRY2HbQJc4WQObQr\/aXFm0BEnBeHEUztaf+iyH\/ANLiTpiy4\/WdLe1+P4fdqZVmM2ge3rKa+tBhYQi5y8bX0MfM+1UkygME2Jw0ZMeMEyCOSXs54JfZVXK+y4GcW0GVszcTwrsg35VGZMZC+HKuI2fWSDNlDWzgAj2SDqOddg7Ts+E39XIt6yhNzIPi+9b4+FjbjUTv5j5EglVRMXkmaNFzoysDCL3GtkGpynUEX0BFPQJ3Sul2rvVJiXMeAi7QA2bESXEC8fd5ym+mmnfUvgtiqrdpK5nl++\/Be6NfdjHhr1Jot0MIEwOFS1ssMd+WuUEnxJufnUzahuNGgpgd02KjY\/6+3\/tU\/wDkepYjuqt4zaCRbR+0bKvqbOzMbKoWUDXpxNM0JyrMXrMN\/PSRlzYfBNdtQ8w4LytH1P8Ae5VBb+ekBsSGhw10g4Mx0eXhy+Be7ieduFURaPHF1KG6ToFpPrkv33\/aP8aFM9sOg+tCjUEOytFFOjhTdqWtedO5W6EVqTlpw0AKa09KJwGw0inmxAZi82XNe1gF4AACmIN1YVixEV3ZcS7vISfau3HKQBbr86nQKIije0y\/+u344+yh5beyqWH3EhSSF+2nfsSCiu+dQBaygfCB3d3Su7ae60U0\/bl5UcqEbs5CmcDk1teGlWACksKmc2cu1F26bymcUoHZu60MOHlw6lskucMbjN7S5TbSwsOFSWy9nLBEkKXyIuUX1J8a7LULUN88j71Hk39VIMaOAqfiPR\/AyyIJZkRzmCB\/YU3BJynQniNeF+4VMybAVpcNIXb+jAhF0sbrku3yqYNCiOzJ3cu\/hFFRETBwFC7f3cixeTtC6tGSVZGysL8Re3Dh5Uzu\/uxFhHkeNnJksDmN7W7+JN9b1P2orVEZMujy9Xu9k\/ltvVW6rOI3Jw7uzFpVSRs7xK5ETt1K1I7Y2LHiIhEwKBSChTQoVFgV+RtUpRGpHKmJBLjtwm8po6cqGwG76RLL7bvJMpV5XN3tYgAaWAFEd3o\/U\/U1Z1jtbMCM3vZjc2trw4cKa2nvjg4SVeX2wbFVVmYHobDT51BYn0mQD9XDK3jlUfvNW2Q5svvAHkH7cITnxN2JV3w6BEVF4KoUeAFqitv70YfCqe0cF7XEakFz005C\/M1m22d+8XMMqkQL0jvn+b\/wAqtA3uSSSeJOpPiTWhjeBuJ1Tn6D90CTMA2YFO7y7zT4xsrWSIH2UU6dxY\/Ef3dKhkWiD6UDNYH+enGugiiZE3SwUFRc4uNlduz8bJA2eNiptY8ww5hlOjA9Dernu3vye3ZsU2UO8b5liDKMistrE3QEEHMtyNeVUETnh\/Pl1ojJUy0FMDS2HGbQR8IzpIGU4aQZhhgAWaXKBpwYk27P4rg86m2b7cnS\/rX+rNraDk3X\/wA3h8NYJHO4BCu6hrXCsRe2ouAdbEAi\/AgVoWx\/SChdTikcEyl2kSV8g+zKfq9bDh7I0ucwGlqC6OuFMOVm7VVhLP2QVcKpJbCOqgGUkknkul+z4gjMdK593JY8ViWxS9mV9ZljjBibgIlJcW0EjG12b4UUaHhHx44420OHLdgkcKYnPiCQ4zn7NC3vFrkGQj2gAOl5fZeE9Wx7BA0cEzzEKJR2YdBY3QcmUghOIMZ5AVGqTq37DUjDw\/7NP+EV2EVz7KN4Iv8AZp\/wiq7vpvxBggUW0mII0QHRe+Q\/D4cT9aFRJoIl0N1Mbd21DhI+1ncKOAHFmPRRxJrB9794Xx2IMpUIoAVF55QbjOebXN+nleuLbG1ZsVIZZnLseHIKOiryH8muZI6sxx6d0Fz7TYSn1gBFybDmTRmRV8fOuaaUtz\/h5UVRWjWT730\/6UdHfuHnRUydaBTq0KFecuW8gVoAUKFRTIwKMChQpJIqFqFCkkiK0VqFCknQtREUKFOmQtQy0KFJJKCUiRaKhTpKF23uzh8VrLHdrWDj2XHzHH51Tcd6M2FzDNm6LItj+0NPpQoVdx\/EMiHZrtuxQXwsfyFWsfujjYr3gZgPiQhx4297zFQcsTKbOrL3MpU+RF6OhXSeHZ78gHUB9FQnhazhNlz0oBaFCtW1WpPFbC9Ml6FClaVJcbE0uUm9ChTpk\/gMZJG2ZGKnQ3FjwIYXB0bUA2ItVk2pvY2Ig7KWOMMHMokRAGZ+\/wC7c8WHHoKFCmoFPdLuxPpFlXBw4bDr2LLGEeTnpp9mOVxrc8L2HWqScxJLG5JuSTck9SeN70KFINA4SJJQzgU08xPhQoU6ZIvTq3oUKa09LSeyHWhQoUk6\/9k=\" alt=\"\" width=\"228\" height=\"154\" \/><p class=\"wp-caption-text\">An so ein Plakat kann ich mich erinnern<\/p><\/div>\n<p>Im Jahr 1970 waren f\u00fcr mich <a href=\"https:\/\/www.rbb-online.de\/berlin-schicksalsjahre\/schicksalsjahre-1970-79\/das-jahr-1970.html\">Berlin und die DDR ganz weit weg<\/a>. Es gab zwar regelm\u00e4\u00dfig Plakate, die aufforderten ein &#8220;P\u00e4ckchen nach dr\u00fcben&#8221; zu schicken, aber wir hatten keine Verwandten in der &#8220;Ostzone&#8221;, wie es damals hiess.<\/p>\n<p>Als Gymnasiast bereitete ich mich auf das Abitur vor und hatte angefangen Esperanto mit dem Kurs von<a href=\"https:\/\/eo.wikipedia.org\/wiki\/Hermann_Behrmann\"> Hermann Behrmann<\/a> (<a href=\"https:\/\/eo.wikipedia.org\/wiki\/Esperanto_Programita\">Esperanto programita<\/a>) zu lernen. Mit Schallplatten!<\/p>\n<p>Mit den Dingen, die in dem Beitrag erw\u00e4hnt werden, kam ich erst viel sp\u00e4ter in Kontakt. W\u00e4hrend meines Studiums in Karlsruhe lernte ich Roland Hegen in der Pfalz kennen und und wir bem\u00fchten uns redlich eine westdeutsche Sektion von MEM aufzubauen. Er war kein Kommunist, sondern in einer freikirchlichen Gemeinde. Er war besonders fasziniert von <a href=\"https:\/\/eo.wikipedia.org\/wiki\/Alfred_Hermann_Fried\">Alfred Hermann Fried<\/a>. Beim Deutschen Esperanto-Kongress in Paderborn war ich erstaunt \u00fcber den antikommunistischen Hass, der mir entgegenschlug, als ich dazu Flugbl\u00e4tter verteilte. Ich war Kriegsdienstverweigerer und in der Friedenbewegung in Karlsruhe aktiv. Bisher hatte ich Esperanto f\u00fcr die Sprache des Friedens und der Verst\u00e4ndigung gehalten.<\/p>\n<p>Von den ganzen Querelen zwischen den Esperantisten der BRD und der DDR, etwa beim 10. &#8220;<a href=\"https:\/\/eo.wikipedia.org\/wiki\/Internacia_Seminario\">Internacia Seminario<\/a>&#8221;\u00a0 1966\/67 in\u00a0 M\u00fcnster, wusste ich nichts. Esperanto war ganz offensichtlich in die Frontlinien des Kalten Krieges geraten und einige Esperantisten aus der BRD verfolgten beinhart die offizielle Linie der Ausgrenzung der DDR (<a href=\"https:\/\/www.hdg.de\/lemo\/kapitel\/geteiltes-deutschland-gruenderjahre\/deutsche-frage\/alleinvertretungsanspruch.html\">Hallstein-Doktrin<\/a>) auf allen Ebenen. Aber 1970 war auch das Jahr, in dem Bundeskanzler Willy Brandt im M\u00e4rz in einem <a href=\"https:\/\/www.rbb-online.de\/berlin-schicksalsjahre\/themen\/1970\/willy-brandt-ddr.html\">Sonderzug nach Erfurt<\/a> zu Gespr\u00e4chen mit der DDR-Spitze fuhr. Der Beginn der Entspannungspolitik, den wir alle nach den Jahren der Stagnation herbeisehnten.<\/p>\n<p>Ende 1970 \u00fcberlegte ich, ob ich der Einladung zum 14a IS Ulm mit dem Thema &#8220;La rolo de la specife mallonga filmo&#8221; folgen sollte, weil das nur 50 km von meiner Heimat war. Am Ende traute ich mich dann doch nicht als\u00a0 18-j\u00e4hriger Sch\u00fcler hinzufahren, zumal damals der hohe Anspruch und der wissenschaftliche Charakter der Veranstaltung hervorgehoben wurde. Erst vier Jahre 1974\/75 sp\u00e4ter als Student f\u00fchlte ich mich gefestigt genug zum IS nach Paderborn zu fahren.<\/p>\n<p>Meine Scheu lag nat\u00fcrlich auch an der damaligen Informationspolitik von UEA und GEA, wo mehr der seri\u00f6se Anspruch als der Spassfaktor von Esperanto betont wurde.<\/p>\n<p>Ich war als \u00fcberzeugter Internationalist gleich beim Weltverband UEA eingetreten, weil ich das klein-klein der nationalen Verb\u00e4nde nicht der Sache angemessen hielt. \u00dcber die Existenz von SAT wurde ich nicht informiert. Das war noch viele Jahre ein Tabu-Thema. Erst Ende der 1970er Jahre durch Kontakte zu Naturfreunden (Manfred F\u00fchrer in der N\u00e4he von Frankfurt\/Main) und zu Esperanto-Freunden im Elsass zeigte es sich, da\u00df es durchaus auch Reste einer Arbeiter-Bewegung, mit Interesse an Frieden, Sozialismus und Umweltschutz gab. Themen, die mich damals umgetrieben haben. In Karlsruhe tat ich nach einigem Suchen den alten Arbeiter-Esperantisten Adolf G\u00fcltling auf und er erz\u00e4hlte mir viel von SAT. Er war, wie viele damals, aus Protest aus der Deutschen Esperanto-Bewegung ausgeschieden, als der formelle Anschluss an UEA beschlossen wurde und die gleichberechtigte Vielfalt der Str\u00f6mungen beseitigt wurde. Einige Veteranen lebten noch in Karlsruhe und liessen sich in einer lokalen Gruppe reaktivieren. Das wurde von GEA\/UEA nicht gerne gesehen und sabotiert.<\/p>\n<p>Erst sp\u00e4ter stellte es sich heraus, das bei UEA auch sozialistische L\u00e4nder Mitglied (Polen, Bulgarien) waren und es sogar eine Vereinbarung mit MEM zur Zusammenarbeit gab. Aber in dem Friedensbeweung (gegen Atomwaffen) der 1970er Jahre war die Esperanto-Bewegung weder zu sehen, noch zu h\u00f6ren.<\/p>","protected":false},"excerpt":{"rendered":"<p>Pers\u00f6nliche Anmerkungen von Roland Schnell Im Jahr 1970 waren f\u00fcr mich Berlin und die DDR ganz weit weg. Es gab zwar regelm\u00e4\u00dfig Plakate, die aufforderten ein &#8220;P\u00e4ckchen nach dr\u00fcben&#8221; zu schicken, aber wir hatten keine Verwandten in der &#8220;Ostzone&#8221;, wie &hellip; <a href=\"https:\/\/esperanto.berlin\/de\/esperantist-ddr\/berlin-1970-schnell\/\">Weiterlesen <span class=\"meta-nav\">&rarr;<\/span><\/a><\/p>\n","protected":false},"author":8,"featured_media":0,"parent":8142,"menu_order":0,"comment_status":"closed","ping_status":"closed","template":"","meta":{"footnotes":""},"jetpack_shortlink":"https:\/\/wp.me\/Par8jA-28k","_links":{"self":[{"href":"https:\/\/esperanto.berlin\/de\/wp-json\/wp\/v2\/pages\/8204"}],"collection":[{"href":"https:\/\/esperanto.berlin\/de\/wp-json\/wp\/v2\/pages"}],"about":[{"href":"https:\/\/esperanto.berlin\/de\/wp-json\/wp\/v2\/types\/page"}],"author":[{"embeddable":true,"href":"https:\/\/esperanto.berlin\/de\/wp-json\/wp\/v2\/users\/8"}],"replies":[{"embeddable":true,"href":"https:\/\/esperanto.berlin\/de\/wp-json\/wp\/v2\/comments?post=8204"}],"version-history":[{"count":7,"href":"https:\/\/esperanto.berlin\/de\/wp-json\/wp\/v2\/pages\/8204\/revisions"}],"predecessor-version":[{"id":8211,"href":"https:\/\/esperanto.berlin\/de\/wp-json\/wp\/v2\/pages\/8204\/revisions\/8211"}],"up":[{"embeddable":true,"href":"https:\/\/esperanto.berlin\/de\/wp-json\/wp\/v2\/pages\/8142"}],"wp:attachment":[{"href":"https:\/\/esperanto.berlin\/de\/wp-json\/wp\/v2\/media?parent=8204"}],"curies":[{"name":"wp","href":"https:\/\/api.w.org\/{rel}","templated":true}]}}