{"id":8255,"date":"2020-08-05T09:26:54","date_gmt":"2020-08-05T08:26:54","guid":{"rendered":"https:\/\/esperanto.berlin\/?page_id=8255"},"modified":"2020-08-05T09:45:21","modified_gmt":"2020-08-05T08:45:21","slug":"presse-2020-virtuell-und-real","status":"publish","type":"page","link":"https:\/\/esperanto.berlin\/de\/deutsch-presse-aktuell\/presse-2020-virtuell-und-real\/","title":{"rendered":"Esperanto global virtund real in Berlin"},"content":{"rendered":"<p>Die Esperanto-Liga Berlin-Brandenburg schreibt auf ihrer Website (www.esperanto.berlin\/de):<\/p>\n<p>So virtuell wie 2020 war das Esperanto-Leben noch nie. Die gro\u00dfen Kongresse, die in jedem Sommer tausende Menschen, die in fliessendem Esperanto kommunizieren, zusammenf\u00fchrten, wurden abgesagt.<\/p>\n<p>Unter den einige 1.000 Teilnehmer der realen Esperanto-Kongresse befanden sich stets auch ein gutes Dutzend aus Berlin. Jahr 1999 war die Beteiligung noch gr\u00f6\u00dfer, weil damals der 84. in Berlin im ICC stattgefunden hatte.<\/p>\n<p>Im Jahr 2020 findet der Weltkongress vom 1. bis 8. August nur virtuell mit den Hilfsmitteln des Internet statt. In Berlin gibt es die am Samstag, 8. August noch den M\u00f6glichkeit einen Blick in das quirlige Leben eines virtuellen Esperanto-Kongresses zu werfen. Auch f\u00fcr gestandene Esperanto-Sprecher ist das eine ganz neue Erfahrung.<\/p>\n<p>Im <strong>Esperanto-Laden, Katzbachstra\u00dfe 25<\/strong> (Kreuzberg, Verkehrsverbindungen: U6, Buslinie 248 \u2013 Platz der Luftbr\u00fccke, Buslinien 104 und 140 \u2013 Dudenstra\u00dfe\/Katzbachstra\u00dfe) wird das Programm des Esperanto-Weltkongresses auf einem Gro\u00dfbildschirm gezeigt.<\/p>\n<p>Wegen der Corrona-Schutzma\u00dfnahmen ist eine telefonischer Anmeldung unter (0170) 95 68 923 erforderlich. Unter der selben Telefonnummer gibt es auch allgemeine Informationn zu Esperanto und Angebote (Gespr\u00e4chskreise, Kurse) in Berlin.<\/p>\n<p>Pressesprecher: Roland Schnell (0 176 ) 53 54 95 34<\/p>\n<p>Mail: esperanto@Berlin.de<\/p>\n<p>Der Beitrag auf der Website lautet vollst\u00e4ndig und enth\u00e4lt\u00a0 Infomationen \u00fcber den erfolgreichen Probelauf f\u00fcr einen virtuellen Esperanto-Kongress beim Jugendkongress im Juli 2020.<\/p>\n<hr \/>\n<h1 id=\"sommer-2020-virtuell\" class=\"entry-title\">Sommer 2020 virtuell<\/h1>\n<div class=\"entry-meta\"><span class=\"meta-prep meta-prep-author\">Publiziert am<\/span> <a title=\"07:08\" href=\"https:\/\/esperanto.berlin\/de\/vituala-somero-2020\/\" rel=\"bookmark\"><span class=\"entry-date\">Wednesday, der 5. August 2020<\/span><\/a> <span class=\"meta-sep\">von<\/span> <span class=\"author vcard\"><a class=\"url fn n\" title=\"Zeige alle Artikel von Roland Schnell\" href=\"https:\/\/esperanto.berlin\/de\/author\/roland\/\">Roland Schnell<\/a><\/span><\/div>\n<div class=\"entry-content\">\n<h2 id=\"\u00d6ffentliche-pr\u00e4sentation-auf\"><img loading=\"lazy\" decoding=\"async\" class=\" wp-image-7417 alignright\" src=\"https:\/\/esperanto.berlin\/wp-content\/uploads\/2019\/09\/Esperanto-Laden-Katzbachstr-25-k.jpg\" alt=\"\" width=\"186\" height=\"268\" \/>\u00d6ffentliche Pr\u00e4sentation auf Gro\u00dfbildschirm<\/h2>\n<p>im <a href=\"https:\/\/esperanto.berlin\/lunde-ce-viktoriaparko-januaro-2020-hermann-tautorat-la-jauda-rondo-kaj-jan-stanislaw-skorupski\/\">Esperanto-Laden<\/a>, Katzbachstr. 25<\/p>\n<p>Wegen der Corrona-Schutzma\u00dfnahmen nur mit telefonischer Anmeldung unter (0170) 95 68 923<\/p>\n<p>So virtuell wie 2020 war das Esperanto-Leben noch nie. Die gro\u00dfen Kongresse, die in jedem Sommer tausende Menschen, die in fliessendem Esperanto kommunizieren, zusammenf\u00fchrten, wurden abgesagt.<\/p>\n<div class=\"wp-caption alignright\">\n<p><a href=\"https:\/\/esperanto2020.ca\/en\/home\/\"><img loading=\"lazy\" decoding=\"async\" class=\"\" src=\"https:\/\/esperanto2020.ca\/wp-content\/uploads\/2019\/02\/montreala-logoo-minkolora-ronda-300x300.png\" alt=\"\" width=\"162\" height=\"162\" \/><\/a><\/p>\n<p class=\"wp-caption-text\">Verlegt auf 2022<\/p>\n<\/div>\n<p>Der <a href=\"https:\/\/eo.wikipedia.org\/wiki\/UK_2020\">105. Esperanto-Weltkongress<\/a> (UK, Universala Kongreso), der vom 1. bis 8. August im kanadischen Montreal stattfinden sollte, wurde abgesagt. Er wird dort nun\u00a0 <a href=\"https:\/\/eo.wikipedia.org\/wiki\/UK_2022\">2022<\/a> stattfinden. Ebenso wurde der <a href=\"https:\/\/eo.wikipedia.org\/wiki\/IJK_2020\">Jugendkongress in den Niederlanden<\/a> abgesagt. Die weltweit geltenden Ma\u00dfnahmen gegen Corona machten eine Durchf\u00fchrung in der Form, wie in den mehr als 100 Jahren zuvor, unm\u00f6glich.<\/p>\n<p>Es gab bisher nur <a href=\"https:\/\/eo.wikipedia.org\/wiki\/Universala_Kongreso_de_Esperanto#Nuligoj\">zwei Perioden (1914 \u2013 1919 und 1940 -1946)<\/a> in denen wegen der Kriege in Europa kein Esperanto-Weltkongress stattfinden konnte. Im Jahr 2020 war es allerdings erstmals m\u00f6glich, die Kongresse mit Hilfe der elektronischen Kommunikationsnetze virtuell stattfinden zu lassen.<\/p>\n<h2 id=\"erfolgreicher-testlauf:-jugend\">Erfolgreicher Testlauf: Jugendkongress<\/h2>\n<div id=\"attachment_8234\" class=\"wp-caption alignright\">\n<p><a href=\"https:\/\/www.liberafolio.org\/2020\/08\/04\/antonia-montaro-la-reta-ijk-superis-la-atendojn\/\"><img loading=\"lazy\" decoding=\"async\" class=\"wp-image-8234\" src=\"https:\/\/esperanto.berlin\/wp-content\/uploads\/2020\/08\/IJK-2020-mapo.jpeg\" alt=\"\" width=\"340\" height=\"178\" aria-describedby=\"caption-attachment-8234\" \/><\/a><\/p>\n<p id=\"caption-attachment-8234\" class=\"wp-caption-text\">L\u00e4nder aus denen sich die Teilnehmer des virtuellen Esperanto-Jugendkongresses angemeldet haben.<\/p>\n<\/div>\n<p>Ein gelungenes Experiment, wie Antonia Montaro in einem <a href=\"https:\/\/www.liberafolio.org\/2020\/08\/04\/antonia-montaro-la-reta-ijk-superis-la-atendojn\/\">Beitrag<\/a> f\u00fcr die Platform <a href=\"https:\/\/www.liberafolio.org\/\">Libera Folio<\/a> berichtete, war der virtuelle Jugendkongress. Die Resonanz h\u00e4tte die Erwartungen \u00fcbertroffen und aus allen Teilen der Welt h\u00e4tten sich Jugendliche aktiv beteiligt.<\/p>\n<p><img loading=\"lazy\" decoding=\"async\" class=\" wp-image-8235 alignleft\" src=\"https:\/\/esperanto.berlin\/wp-content\/uploads\/2020\/08\/Antonia-Montara.jpeg\" alt=\"\" width=\"118\" height=\"118\" \/>Antonia Montaro meinte, sich trotz des Fehlens direkter Kontakte das typische \u201eFeeling\u201c eines Jugendkongresses eingestellt h\u00e4tte. Man konnte im \u201ekoridoro\u201c alte und neue Bekannte treffen, an Vortr\u00e4gen und Diskussionen teilnehmen oder Konzerte anh\u00f6ren. Es sei mit neuen Formaten zur Beteiligung der Zuschauer experimentiert worden.<\/p>\n<p>Einen Eindruck von der Veranstaltung vermittelt ein Video, das aus dem aufgezeichneten Material produziert wurde.<\/p>\n<p><iframe loading=\"lazy\" title=\"Momentoj de IJK 2020 en la reto!\" src=\"https:\/\/www.youtube.com\/embed\/fdBX73SR4Tk?feature=oembed\" width=\"640\" height=\"360\" frameborder=\"0\" allowfullscreen=\"allowfullscreen\" data-mce-fragment=\"1\"><\/iframe><\/p>\n<p><a href=\"http:\/\/www.tejo.org\"><img loading=\"lazy\" decoding=\"async\" class=\" wp-image-8236 alignleft\" src=\"https:\/\/esperanto.berlin\/wp-content\/uploads\/2020\/08\/tejo-logo.png\" alt=\"\" width=\"146\" height=\"146\" \/><\/a>Einzlbeitr\u00e4ge (Vortr\u00e4ge, Konzerte) k\u00f6nnen \u00fcber das <a href=\"https:\/\/www.youtube.com\/channel\/UC1cW8y4NncmbRr6zD5IO8xw\">Videoangebot<\/a> des <a href=\"http:\/\/www.tejo.org\">Esperanto-Weltjugendverbands tejo<\/a> angesehen werden.<\/p>\n<p>Bemerkenswert ist, da\u00df ein Drittel der Teilnehmer nur mit einen textbasierten Chat teilgenommen haben, der parallel zu den Vortr\u00e4gen und Konzerten einen Austausch (Gr\u00fcsse, Scherze, Kommentare) ohne Bel\u00e4stigung des K\u00fcnstlers oder Referenten\u00a0 erm\u00f6glichte.<\/p>\n<p>Zum Abschluss gab es ein Fest (Mondovizio), als virtuelle Form des belieben \u00bbInternacia Vespero\u00ab mit einer Jury, welche die T\u00e4nze und Lieder kommentierte und am Ende die Sieger auszeichnete.<\/p>\n<p>Die <a href=\"https:\/\/www.youtube.com\/watch?v=t9m_drncpYk\">zweist\u00fcndige Aufzeichnung<\/a> mit \u00fcber 30 Einzelbeitr\u00e4gen aus den unterschiedlichsten Regionen und Kulturen ist frei zug\u00e4nglich.<\/p>\n<p><iframe loading=\"lazy\" title=\"Mondovizio! - La internacia vespero de IJK 2020\" src=\"https:\/\/www.youtube.com\/embed\/UDde6MD1tWc?feature=oembed\" width=\"640\" height=\"360\" frameborder=\"0\" allowfullscreen=\"allowfullscreen\" data-mce-fragment=\"1\"><\/iframe><\/p>\n<h2 id=\"virtueller-weltkongress-1--8-a\">Virtueller Weltkongress 1. -8. August 2020<\/h2>\n<p>Der virtuelle Esperanto-Weltkongrss (Virtuala Kongreso, VK) findet im Rahmen des\u00a0 <a title=\"Monda Festivalo de Esperanto\" href=\"https:\/\/eo.wikipedia.org\/wiki\/Monda_Festivalo_de_Esperanto\">Monda Festivalo de Esperanto<\/a> (<i>MondaFest\u2019 2020<\/i>), vom 1. bis 8. August 2020 statt.<\/p>\n<p>Die Life-\u00dcbertragungen der wichtigsten Progammpunkte findet t\u00e4glich von 12:00-18:00 UTC statt. Da sich aber nicht alle Teile der Welt direkt zuschalten k\u00f6nnen, werden Aufzeichnungen zur Verg\u00fcgung gestellt.<\/p>\n<p>Der virtuelle Kongress bietet auch die beliebten Programmpunkte der realen Kongresse. So gibt es die Auktion von Esperanto-Devotionalien und das Bankett.<\/p>\n<p>Es gibt eine <a title=\"Internacia Kongresa Universitato\" href=\"https:\/\/eo.wikipedia.org\/wiki\/Internacia_Kongresa_Universitato\">Kongresa Universitato<\/a> und ein <a class=\"new\" title=\"Scienca Kafejo (pa\u011do ne ekzistas)\" href=\"https:\/\/eo.wikipedia.org\/w\/index.php?title=Scienca_Kafejo&amp;action=edit&amp;redlink=1\">Scienca Kafejo<\/a> \u00a0 (Caf\u00e9 der Wissenschaften) mit Beitr\u00e4gen aus der ganzen Welt, die sp\u00e4ter als Buch ver\u00f6ffentlicht werden, aber auch in elektronischer Form kostenlos zug\u00e4nglich sind.<\/p>\n<p>Es gibt den <a class=\"new\" title=\"Tago de Lernado (pa\u011do ne ekzistas)\" href=\"https:\/\/eo.wikipedia.org\/w\/index.php?title=Tago_de_Lernado&amp;action=edit&amp;redlink=1\">Tago de Lernado<\/a>, (Tag des Lernes)\u00a0 und eine \u00f6ffentliche Sitzung der\u00a0 <a title=\"Akademio de Esperanto\" href=\"https:\/\/eo.wikipedia.org\/wiki\/Akademio_de_Esperanto\">Akademio de Esperanto.<\/a><\/p>\n<p>Ein anderes sehr traditionelles Format, das in Esperanto-Kreisen \u00fcberdauert hat, ist der Redner-Wettbewerb (<a class=\"ligilo\" href=\"https:\/\/uea.org\/aktuale\/komunikoj\/2020\/Alvoko-por-la-Oratora-Konkurso-kadre-de-la-Virtuala-Kongreso-MondaFest\u2019-2020\">Oratora Konkurso<\/a><span class=\"dato\">), bei dem f\u00fcr einen 10-min\u00fctigen Vortrag zwischen folgenden Themen gew\u00e4hlt werden kann:<br \/>\n<\/span><\/p>\n<ul>\n<li>Kiam mi estis infano, mia plej kara revo estis\u2026 (Als ich klein war, war mein liebster Traum\u2026)<\/li>\n<li>Mi neniam komprenis kial \u2026(Ich habe nie verstanden, warum\u2026)<\/li>\n<li>Mia plej rimarkinda sperto pri virtualaj eventoj estas\u2026(Meine bemerkenswerteste Erfahrung mit virtuellen Veranstaltungen war\u2026.)<\/li>\n<\/ul>\n<p>Der Sieger bekommt eine Freikarte f\u00fcr den n\u00e4chsten (realen) <a href=\"https:\/\/eo.wikipedia.org\/wiki\/UK_2021\">Esperanto-Weltkongress in Belfast 2021<\/a> (siehe <a href=\"https:\/\/uea.org\/gk\/806a1\">Presseerkl\u00e4rung N-ro 806<\/a> von UEA vom 15. Juni 2019).<\/p>\n<p>&nbsp;<\/p>\n<\/div>\n<p>&nbsp;<\/p>","protected":false},"excerpt":{"rendered":"<p>Die Esperanto-Liga Berlin-Brandenburg schreibt auf ihrer Website (www.esperanto.berlin\/de): So virtuell wie 2020 war das Esperanto-Leben noch nie. Die gro\u00dfen Kongresse, die in jedem Sommer tausende Menschen, die in fliessendem Esperanto kommunizieren, zusammenf\u00fchrten, wurden abgesagt. Unter den einige 1.000 Teilnehmer der &hellip; <a href=\"https:\/\/esperanto.berlin\/de\/deutsch-presse-aktuell\/presse-2020-virtuell-und-real\/\">Weiterlesen <span class=\"meta-nav\">&rarr;<\/span><\/a><\/p>\n","protected":false},"author":8,"featured_media":0,"parent":4160,"menu_order":0,"comment_status":"closed","ping_status":"closed","template":"","meta":{"footnotes":""},"jetpack_shortlink":"https:\/\/wp.me\/Par8jA-299","_links":{"self":[{"href":"https:\/\/esperanto.berlin\/de\/wp-json\/wp\/v2\/pages\/8255"}],"collection":[{"href":"https:\/\/esperanto.berlin\/de\/wp-json\/wp\/v2\/pages"}],"about":[{"href":"https:\/\/esperanto.berlin\/de\/wp-json\/wp\/v2\/types\/page"}],"author":[{"embeddable":true,"href":"https:\/\/esperanto.berlin\/de\/wp-json\/wp\/v2\/users\/8"}],"replies":[{"embeddable":true,"href":"https:\/\/esperanto.berlin\/de\/wp-json\/wp\/v2\/comments?post=8255"}],"version-history":[{"count":5,"href":"https:\/\/esperanto.berlin\/de\/wp-json\/wp\/v2\/pages\/8255\/revisions"}],"predecessor-version":[{"id":8260,"href":"https:\/\/esperanto.berlin\/de\/wp-json\/wp\/v2\/pages\/8255\/revisions\/8260"}],"up":[{"embeddable":true,"href":"https:\/\/esperanto.berlin\/de\/wp-json\/wp\/v2\/pages\/4160"}],"wp:attachment":[{"href":"https:\/\/esperanto.berlin\/de\/wp-json\/wp\/v2\/media?parent=8255"}],"curies":[{"name":"wp","href":"https:\/\/api.w.org\/{rel}","templated":true}]}}