{"id":8570,"date":"2020-11-06T19:19:41","date_gmt":"2020-11-06T18:19:41","guid":{"rendered":"https:\/\/esperanto.berlin\/?page_id=8570"},"modified":"2020-12-10T21:47:03","modified_gmt":"2020-12-10T20:47:03","slug":"distance","status":"publish","type":"page","link":"https:\/\/esperanto.berlin\/de\/z-festo-2020\/distance\/","title":{"rendered":"Teilnahme \u00fcber das Internet"},"content":{"rendered":"<p>Einige Hinweise.<\/p>\n<p>Die Erfahrung der letzten Monate zeigt, da\u00df tdie Teilnahme an virtuellen Konferenzen oft an banalen Dingen scheitert (kein Bild, kein Ton usw.) und die Teilnehmer kurz vorher nicht in der Lage sind das Problem zu l\u00f6sen.<\/p>\n<h2 id=\"halbwegs-leistungf\u00e4higer-comp\">Halbwegs leistungf\u00e4higer Computer<\/h2>\n<p>Es geht nicht mir der \u00e4ltesten Kr\u00fccke (unter Windows XP), aber mit 10 Jahre alten Computern (h\u00e4ufig unter Windows 10) geht es meist. Hilfreich ist ein Notebook, weil da in der Regel schon eine Kamera, ein Mikrofon und Lautsprecher eingebaut sind. Zumindest sind Buchsen f\u00fcr Kopfh\u00f6rer oder externe Lautsprecher da.<\/p>\n<p>Auch mit einen Desktop oder Tower kann es gehen. Nur mu\u00df man da die genannten Ger\u00e4te extra beschaffen und anschlie\u00dfen. Manchmal mu\u00df auch noch ein St\u00fcck Software installiert werden. Eine externe Kamera (Webcam) kann \u00fcber USB (installiert sich selber) oder WLAN angeschlossen werden.<\/p>\n<h2 id=\"gute-verbindung-ins-internet\">Gute Verbindung ins Internet<\/h2>\n<p>Hilfreich ist ein breitbandiger Internetzugang \u00fcber Kabel, am besten Glasfaser. N\u00e4heres beim Provider in Erfahrung bringen. Das Mobilfunknetz ist unberechenbar.<\/p>\n<p>Der eigene Computer sollte mit eine Kabel (LAN-Kabel, RJ45 und \u00e4hnliche Bezeichnungen sind \u00fcblich) mit dem Router verbunden werden. Ein WLAN ist grunds\u00e4tzlich m\u00f6glich, kann aber Probleme machen, wenn man es nicht f\u00fcr sich allein hat (etwa in einer Familie oder \u00f6ffentliches WLAN).<\/p>\n<h2 id=\"vorher-ausprobieren\">Vorher ausprobieren<\/h2>\n<p>Die verswchiedenen Komponenten kann man vorher testen und Probleme beheben.<\/p>\n<p>F\u00fcr die Webcam gibt es diese M\u00f6glichkeit, die auch das Mikrofon testet.<\/p>\n<p>https:\/\/de.webcamtests.com\/<\/p>\n<p>Im Idealfall sieht man sich selbst, so wie andere einen sehen w\u00fcrden und erf\u00e4hrt einiges \u00fcber seine Kamera und sein Mikrofon.<\/p>\n<p>Wenn man nicht will, da\u00df man gesehen oder geh\u00f6rt wird, gibt es verschiedene M\u00f6glichkeiten. Die Konferenzprogramme erlauben es Kamera und Mikrofon auszublenden. Man kann die Kamera auch mit eine Klappe oder einem Klebstreifen abdecken. Da reine Hardware, sehr zuverl\u00e4ssig.<\/p>\n<p>Eleganter ist es, in seiner Abwesenheit ein Standbild statt dem Signal der Webcam zu schicken. Manche Programme k\u00f6nnen nicht nur ein Bild, sondern sogar Videos schicken.<\/p>\n<ul>\n<li>Zoom: Erm\u00f6glicht das Teilen von Inhalten des eigenen Bildschirms mit der Konferenz. Anstelle des Bildes der Kamera wird ein frei zu w\u00e4hlendes Fenster angezeigt. Das Programm in diesem Fenster kann mit Maus und Tastatur ganz normal bedient werden. Vorzugsweise zum Zeigen von Bildern, Videos und Pr\u00e4sentationen. F\u00fcr Textdateien ist die Aufl\u00f6sung zu gering.<\/li>\n<\/ul>\n<h2 id=\"testkonferenz\">Testkonferenz<\/h2>\n<p>Bei reinem Streabming (wie Fernsehen, ohne eigene aktive Teilnahme) reicht es in der Regel, wenn der Browser mit YouTube klarkommt (Abspielen ohne Ruckeln und Aussetzer beim Ton).<\/p>\n<p>Bei echter Konferenz-Software ist ein Test hilfreich.<\/p>\n<p>Dazu gibt es keine allgemeinen Ratschl\u00e4ge, da die verschiedenen Anbieter unterschiedlich arbeiten. Manche Veranstalter bieten einige Tage vor der eigentlichen Konfweerenz eine Testkonferenz an.<\/p>\n<p>Zoom<\/p>\n<p>https:\/\/zoom.us\/test<\/p>\n<h1 id=\"hilfreiche-hinweise-aus-dem-ne\">Hilfreiche Hinweise aus dem Netz<\/h1>\n<p><a href=\"https:\/\/www.pc-magazin.de\/ratgeber\/handy-digitalkamera-als-webcam-nutzen-3201529.html\">PC-Magazin November 2020<\/a> \u00fcber die Verwendung von Mobiltelefonen als Webcam und Anschlu\u00df von guten Cameras etwas \u00fcber HDMI.<\/p>\n<p>siehe auch<\/p>\n<blockquote class=\"wp-embedded-content\" data-secret=\"FFvG2ROzXG\"><p><a href=\"https:\/\/www.expertiger.de\/blog\/smartphone-als-webcam-benutzen\/\">Smartphone als Webcam benutzen<\/a><\/p><\/blockquote>\n<p><iframe class=\"wp-embedded-content\" sandbox=\"allow-scripts\" security=\"restricted\" style=\"position: absolute; clip: rect(1px, 1px, 1px, 1px);\" title=\"&#8222;Smartphone als Webcam benutzen&#8220; &#8212; Expertiger Computerhilfe\" src=\"https:\/\/www.expertiger.de\/blog\/smartphone-als-webcam-benutzen\/embed\/#?secret=DLMfMHCvVa#?secret=FFvG2ROzXG\" data-secret=\"FFvG2ROzXG\" width=\"600\" height=\"338\" frameborder=\"0\" marginwidth=\"0\" marginheight=\"0\" scrolling=\"no\"><\/iframe><\/p>\n<p><strong>Lesetipp:\u00a0<\/strong><a href=\"https:\/\/www.pc-magazin.de\/vergleich\/videokonferenz-tools-kostenlos-3201411.html\" target=\"_self\" rel=\"noopener noreferrer\">Kostenlose Videokonferenz-Tools &#8211; von FaceTime bis Zoom\u00a0\u200b<\/a>\u200b<\/p>\n<p>&nbsp;<\/p>\n<p>&nbsp;<\/p>\n<p>&nbsp;<\/p>\n<p>&nbsp;<\/p>\n<p>&nbsp;<\/p>\n<p>&nbsp;<\/p>\n<p>&nbsp;<\/p>","protected":false},"excerpt":{"rendered":"<p>Einige Hinweise. Die Erfahrung der letzten Monate zeigt, da\u00df tdie Teilnahme an virtuellen Konferenzen oft an banalen Dingen scheitert (kein Bild, kein Ton usw.) und die Teilnehmer kurz vorher nicht in der Lage sind das Problem zu l\u00f6sen. Halbwegs leistungf\u00e4higer &hellip; <a href=\"https:\/\/esperanto.berlin\/de\/z-festo-2020\/distance\/\">Weiterlesen <span class=\"meta-nav\">&rarr;<\/span><\/a><\/p>\n","protected":false},"author":8,"featured_media":0,"parent":8539,"menu_order":0,"comment_status":"closed","ping_status":"closed","template":"","meta":{"footnotes":""},"jetpack_shortlink":"https:\/\/wp.me\/Par8jA-2ee","_links":{"self":[{"href":"https:\/\/esperanto.berlin\/de\/wp-json\/wp\/v2\/pages\/8570"}],"collection":[{"href":"https:\/\/esperanto.berlin\/de\/wp-json\/wp\/v2\/pages"}],"about":[{"href":"https:\/\/esperanto.berlin\/de\/wp-json\/wp\/v2\/types\/page"}],"author":[{"embeddable":true,"href":"https:\/\/esperanto.berlin\/de\/wp-json\/wp\/v2\/users\/8"}],"replies":[{"embeddable":true,"href":"https:\/\/esperanto.berlin\/de\/wp-json\/wp\/v2\/comments?post=8570"}],"version-history":[{"count":14,"href":"https:\/\/esperanto.berlin\/de\/wp-json\/wp\/v2\/pages\/8570\/revisions"}],"predecessor-version":[{"id":8826,"href":"https:\/\/esperanto.berlin\/de\/wp-json\/wp\/v2\/pages\/8570\/revisions\/8826"}],"up":[{"embeddable":true,"href":"https:\/\/esperanto.berlin\/de\/wp-json\/wp\/v2\/pages\/8539"}],"wp:attachment":[{"href":"https:\/\/esperanto.berlin\/de\/wp-json\/wp\/v2\/media?parent=8570"}],"curies":[{"name":"wp","href":"https:\/\/api.w.org\/{rel}","templated":true}]}}