{"id":8657,"date":"2020-11-22T11:27:25","date_gmt":"2020-11-22T10:27:25","guid":{"rendered":"https:\/\/esperanto.berlin\/?page_id=8657"},"modified":"2020-11-22T13:53:20","modified_gmt":"2020-11-22T12:53:20","slug":"schwartz-fundamentaj-elementoj","status":"publish","type":"page","link":"https:\/\/esperanto.berlin\/de\/schwartz-fundamentaj-elementoj\/","title":{"rendered":"Raymond Schwartz (pri fundamentaj elementoj)"},"content":{"rendered":"<p><\/p>\n<h2 id=\"prelego-pri-fundamentaj-elemen\">Prelego pri fundamentaj elementoj de Esperanto<\/h2>\n<p>de Raymond Schwartz\u00a0 | Wikipedia (<a href=\"https:\/\/de.wikipedia.org\/wiki\/Raymond_Schwartz\">DE<\/a>, <a href=\"https:\/\/eo.wikipedia.org\/wiki\/Raymond_Schwartz\">EO<\/a>, <a href=\"https:\/\/en.wikipedia.org\/wiki\/Raymond_Schwartz\">EN<\/a>) | <a href=\"http:\/\/esperanto.net\/literaturo\/tekstoj\/ragnarsson\/schwartz.html\">Ragnarson<\/a> | <a href=\"http:\/\/kabareto.esperanto.cc\/kabaretoj.htm\">Ledon<\/a><\/p>\n<p>Schwartz gilt als einer der bedeutenden Humoristen in der Espeanto-Welt.<\/p>\n<p>1920 gr\u00fcndete er das Esperantokabarett <strong><a href=\"https:\/\/eo.wikipedia.org\/wiki\/Verda_Kato\">La Verda Kato<\/a>,<\/strong> das er bis 1926 f\u00fchrte. 1949 war er Mitbegr\u00fcnder des Kabarets\u00a0 <strong><a href=\"https:\/\/eo.wikipedia.org\/wiki\/Tri_koboldoj\">Tri Koboldoj<\/a>,<\/strong> das es bis 1956 gab.<\/p>\n<ul>\n<li>In der Zwischenkriegszeit galt er als das <i>enfant terrible<\/i> der Esperantisten, weil er alle Ausw\u00fcchse esperantistischer Schw\u00e4rmerei aufs Korn nahm und f\u00fcr seine Satiren verwandte. Dabei war seine Darstellung nie verletzend, so dass schlie\u00dflich auch die etwas zu &#8216;gr\u00fcnen&#8217; <i>samideanoj<\/i> \u00fcber sich selbst lachen konnten. \u201e<i>Ein Volk, das sich nicht traut, sich \u00fcber sich selbst lustig zu machen, ist noch nicht reif<\/i>\u201c war einer seiner Lieblingsspr\u00fcche.(<a href=\"https:\/\/de.wikipedia.org\/wiki\/Raymond_Schwartz\">Wikipedia.DE<\/a>)<\/li>\n<\/ul>\n<p>Sein Ruf als gro\u00dfer Humorist verstellt ein wenig den Blick auf seine ernsten Seiten, die in der Novellensammlung <i>Vole\u2026 Novele<\/i> und vor allem in seinem\u00a0Roman <i>Kiel Akvo de l&#8217; Rivero<\/i> zu finden sind. Aber auch hier blitzt sein Schalk immer wieder in absurden Nebenfiguren auf.<\/p>\n<p>Sein Roman <i>Kiel Akvo de l&#8217; Rivero\u00a0<\/i>spielt teilweise in Berlin in den Monaten vor Ausbruch des Ersten Weltkriegs.<\/p>\n<p>Er wurde am\u00a0 8. April 1894 in <a title=\"Metz\" href=\"https:\/\/de.wikipedia.org\/wiki\/Metz\">Metz<\/a> (damals deutsch) geboren, wo er 1913 einen Esperanto-Klub gr\u00fcndete und von &#8220;Esperanto als Sprache des Friedens&#8221; tr\u00e4umte. Es ist durchaus plausibel, da\u00df der Beginn des Kriegs in Berlin erlebte, wo er eine Ausbildung zum Bankangestellten machte. Er wurde als Soldat an der Ostfront eingesetzt.<\/p>\n<p>Nach dem Krieg arbeitete er in Paris im Bankwesen und arbeitet bis zu seinem Tod am 14. Mai 1973 als Direktor einer &#8220;bedeutenden (Wikipedia.EO)&#8221; Bank.<\/p>\n<p>In einigen seiner Biografien wird im ein Doppelleben unterstellt, da\u00df einerseits als seri\u00f6ser Bankangesteller t\u00e4tig war und anderseits als Autor im Kabarett t\u00e4tig war. Der Name des Kabarets &#8220;La Tri koboldoj&#8221; geht angeblichauf das Restaurant <i>&#8220;Les Trois Lutins&#8221;<\/i>\u00a0 zur\u00fcck, wo die Auff\u00fchrungen stattfanden. Von 1949 bis\u00a0 1956 insgesamt 341 mal jeweils am Mittwoch um 21 Uhr in <i>&#8221; Les Trois Lutins&#8221; (10 rue des Trois Fr\u00e8res, Montmartre).<br \/>\n<\/i><\/p>\n<p>Unter dieser Adresse befindet sich heute das Restaurant <a href=\"https:\/\/www.tripadvisor.de\/Restaurant_Review-g187147-d1336949-Reviews-La_Poutre-Paris_Ile_de_France.html\">La Poutre<\/a> unweit der Talstation der Standseilbahn auf den Montmatre in einer typischen Touristengegend hinter dem bekannten &#8220;Moulin Rouge&#8221; an der Rue Lepic.<\/p>\n<div>\n<div>\n<div>\n<div>\n<p>In dieser Gegend spielte au\u0109 der Film &#8220;<a href=\"https:\/\/www.filmtourismus.de\/die-fabelhafte-welt-der-amelie\/\">Die fabelhafte Welt der Am\u00e9lie<\/a>&#8221;\u00a0 und maches ist zu sehen. Die Wohnung von Am\u00e9lie befindet sich in der Rue des Trois Fr\u00e8res, der Obst- und Gem\u00fcseladen \u201cAu Marche de la Butte\u201d von Monsieur Collignon in der gleichen Stra\u00dfe an der Ecke zur Rue Androuet.<\/p>\n<\/div>\n<\/div>\n<\/div>\n<\/div>\n<p>Es gibt ein &#8220;Ora A\u016dtora kaj Valora Libro de la Koboldoj&#8221; mit Texten,Kommentaren, Fotos und Gru\u00dfworten. Darin finden sich viele Namen die sp\u00e4ter in der Esperanto-Welt eine gewisse Bedeutung erlangt haben: <a title=\"Gaston Waringhien\" href=\"https:\/\/eo.wikipedia.org\/wiki\/Gaston_Waringhien\">Gaston Waringhien<\/a>, <a class=\"mw-redirect\" title=\"Norbert Barthelmes\" href=\"https:\/\/eo.wikipedia.org\/wiki\/Norbert_Barthelmes\">Norbert Barthelmes<\/a>, <a title=\"Michel Duc Goninaz\" href=\"https:\/\/eo.wikipedia.org\/wiki\/Michel_Duc_Goninaz\">Michel Duc Goninaz<\/a>,\u00a0 <a title=\"Erika Lagrange\" href=\"https:\/\/eo.wikipedia.org\/wiki\/Erika_Lagrange\">Erika <\/a>und\u00a0 <a title=\"Georges Lagrange\" href=\"https:\/\/eo.wikipedia.org\/wiki\/Georges_Lagrange\">Georges Lagrange<\/a>,\u00a0 <a title=\"Jean-Louis Texier\" href=\"https:\/\/eo.wikipedia.org\/wiki\/Jean-Louis_Texier\">Jean-Louis Texier<\/a> und viele andere.<\/p>\n<p><img loading=\"lazy\" decoding=\"async\" class=\"size-medium alignright\" src=\"http:\/\/kabareto.esperanto.cc\/goja.jpg\" width=\"150\" height=\"206\" \/>Der Text &#8220;Prelego pri fundamentaj elementoj de Esperanto&#8221;\u00a0 <a href=\"https:\/\/esperanto.berlin\/schwartz-fundamentaj-elementoj\/\"> (siehe Esperanto-Version) <\/a> wurde gelegentlich pr\u00e4sentiert. So gibt es eine Lesung von Andr\u00e9e und Claude Gacond im Schweizer Rundfunk (Vortrag\u00a0 243, gesendet am 5. und 8.Mai 1968) und der Text wurde 1970 in <a href=\"https:\/\/archive.org\/details\/DerEsperantist_1970_n043_sep-okt\">Nummer 43 auf Seite 20\/21<\/a>\u00a0 der Zeitschrift &#8220;<a href=\"https:\/\/esperanto.berlin\/de\/eo-ddr-1970\/\">der esperantist<\/a>&#8221; abgedruckt. Ebenfalls abgedruckt im ELNA-Bulteno (Mai\/Juni 1988) auf Seite 5 mit der Quellenangabe &#8220;\u011coja podio&#8221; (das ist &#8220;<i><span class=\"libro\">La \u011coja Podio&#8221;, 1-a eld. 1949, Esperantista Centra Librejo (Paris), Represo en 1975 (Aabyh\u00f8j) Poemoj, prelegoj, artikoloj kaj ske\u0109oj aperintaj anta\u016de en diversaj gazetoj, nome \u0109e Literatura Mondo, Esperanto (\u011cenevo), Heroldo de Esperanto, Nia Gazeto, American Esperantist kaj \u0109efe \u0109e Franca Esperantisto.<\/span><\/i><\/p>\n<p>Seine launigen Kommentare erschienen von <span class=\"aCOpRe\"> 1952 bis 1970 <\/span>unter dem Titel &#8220;La\u016d mia rid-punkto&#8221; in der j\u00e4hrlich erscheinenden<span class=\"aCOpRe\"> \u201c<a href=\"https:\/\/eo.wikipedia.org\/wiki\/Sennacieca_Revuo\">Sennacieca Revuo<\/a>\u201d (Kulturzeitschrift von SAT). <a href=\"http:\/\/anno.onb.ac.at\/cgi-content\/anno?aid=e2i\">Archiviert<\/a> nur bis 1939. Von SAT nur <a href=\"http:\/\/www.satesperanto.org\/spip.php?article1294\">auszusweise digitalisiert<\/a>.<br \/>\n<\/span><\/p>\n<p>&nbsp;<\/p>\n<p>&nbsp;<\/p>\n<p>&nbsp;<\/p>","protected":false},"excerpt":{"rendered":"<p>Prelego pri fundamentaj elementoj de Esperanto de Raymond Schwartz\u00a0 | Wikipedia (DE, EO, EN) | Ragnarson | Ledon Schwartz gilt als einer der bedeutenden Humoristen in der Espeanto-Welt. 1920 gr\u00fcndete er das Esperantokabarett La Verda Kato, das er bis 1926 &hellip; <a href=\"https:\/\/esperanto.berlin\/de\/schwartz-fundamentaj-elementoj\/\">Weiterlesen <span class=\"meta-nav\">&rarr;<\/span><\/a><\/p>\n","protected":false},"author":8,"featured_media":0,"parent":0,"menu_order":0,"comment_status":"closed","ping_status":"closed","template":"","meta":{"footnotes":""},"jetpack_shortlink":"https:\/\/wp.me\/Par8jA-2fD","_links":{"self":[{"href":"https:\/\/esperanto.berlin\/de\/wp-json\/wp\/v2\/pages\/8657"}],"collection":[{"href":"https:\/\/esperanto.berlin\/de\/wp-json\/wp\/v2\/pages"}],"about":[{"href":"https:\/\/esperanto.berlin\/de\/wp-json\/wp\/v2\/types\/page"}],"author":[{"embeddable":true,"href":"https:\/\/esperanto.berlin\/de\/wp-json\/wp\/v2\/users\/8"}],"replies":[{"embeddable":true,"href":"https:\/\/esperanto.berlin\/de\/wp-json\/wp\/v2\/comments?post=8657"}],"version-history":[{"count":18,"href":"https:\/\/esperanto.berlin\/de\/wp-json\/wp\/v2\/pages\/8657\/revisions"}],"predecessor-version":[{"id":8680,"href":"https:\/\/esperanto.berlin\/de\/wp-json\/wp\/v2\/pages\/8657\/revisions\/8680"}],"wp:attachment":[{"href":"https:\/\/esperanto.berlin\/de\/wp-json\/wp\/v2\/media?parent=8657"}],"curies":[{"name":"wp","href":"https:\/\/api.w.org\/{rel}","templated":true}]}}