{"id":8908,"date":"2021-02-20T14:47:24","date_gmt":"2021-02-20T13:47:24","guid":{"rendered":"https:\/\/esperanto.berlin\/?page_id=8908"},"modified":"2021-02-20T14:52:18","modified_gmt":"2021-02-20T13:52:18","slug":"deutsch-heine-konigstochter","status":"publish","type":"page","link":"https:\/\/esperanto.berlin\/de\/deutsch-heine-konigstochter\/","title":{"rendered":"Heine K\u00f6nigstochter"},"content":{"rendered":"<p>Das Gedicht, das Ernst Kliemke in Braunschweig vorgetragen hat.<\/p>\n<table style=\"height: 93px;\" width=\"686\">\n<tbody>\n<tr style=\"height: 24px;\">\n<td style=\"height: 24px; width: 237.15px;\">\n<div class=\"songstanza\">\n<div id=\"line-1-1-1\" class=\"songline\">Mir tr\u00e4umte von einem K\u00f6nigskind<\/div>\n<div id=\"line-1-2-2\" class=\"songline\">Mit nassen, blassen Wangen;<\/div>\n<div id=\"line-1-3-3\" class=\"songline\">Wir sassen unter der gr\u00fcnen Lind\u2019,<\/div>\n<div id=\"line-1-4-4\" class=\"songline\">Und hielten uns liebeumfangen.<\/div>\n<\/div>\n<\/td>\n<td style=\"height: 24px; width: 305.517px;\">En son\u011do princinon mi vidis<br \/>\nkun vangoj malsekaj de ploro, \u2013<br \/>\nsub arbo, sub verda ni sidis,<br \/>\ntenante nin koro \u0109e koro.<\/td>\n<\/tr>\n<tr style=\"height: 24px;\">\n<td style=\"height: 45px; width: 237.15px;\">\n<div class=\"songstanza\">\n<div id=\"line-2-1-5\" class=\"songline\">\u201eIch will nicht deines Vaters Thron,<\/div>\n<div id=\"line-2-2-6\" class=\"songline\">Ich will nicht sein Szepter aus Golde,<\/div>\n<div id=\"line-2-3-7\" class=\"songline\">Ich will nicht seine demantene Kron\u2019,<\/div>\n<div id=\"line-2-4-8\" class=\"songline\">Ich will dich selber, du Holde!\u201c<\/div>\n<\/div>\n<\/td>\n<td style=\"height: 45px; width: 305.517px;\">2&#8243;De l&#8217; patro de l&#8217; via la krono<br \/>\npor mi \u011di ne estas havinda!<br \/>\nFor, for lia sceptro kaj trono \u2013<br \/>\nvin mem mi deziras, aminda!&#8221;<\/td>\n<\/tr>\n<tr style=\"height: 24px;\">\n<td style=\"height: 24px; width: 237.15px;\">\n<div id=\"line-3-1-9\" class=\"songline\">Das ka3nn nicht sein, sprach sie zu mir,<\/div>\n<div id=\"line-3-2-10\" class=\"songline\">Ich liege ja im Grabe,<\/div>\n<div id=\"line-3-3-11\" class=\"songline\">Und nur des Nachts komm\u2019 ich zu dir,<\/div>\n<div id=\"line-3-4-12\" class=\"songline\">Weil ich so lieb dich habe.<\/div>\n<\/td>\n<td style=\"height: 24px; width: 305.517px;\">\u2013 &#8220;Ne eble!&#8221; \u015di al mi rediras:<br \/>\n&#8220;En tombo mi estas tenata,<br \/>\nmi nur en la nokto eliras<br \/>\nal vi, mia sole amata!&#8221;<\/p>\n<div class=\"text\">\n<div align=\"center\"><\/div>\n<\/div>\n<hr \/>\n<table border=\"0\" cellspacing=\"1\" cellpadding=\"1\">\n<tbody>\n<tr>\n<td>\n<div class=\"sup2\"><a class=\"b\" href=\"https:\/\/www.esperanto.mv.ru\/Kolekto\/En_nord_unu_pino.html\">&lt;&lt;&lt;<\/a><\/div>\n<\/td>\n<td>\n<div class=\"sup2\"><a class=\"b\" href=\"https:\/\/www.esperanto.mv.ru\/Kolekto\/Lorelej.html\">&gt;&gt;&gt;<\/a><\/div>\n<\/td>\n<td width=\"100%\"><\/td>\n<td>\n<div class=\"sup2\"><a class=\"b\" href=\"https:\/\/www.esperanto.mv.ru\/Kolekto\/index.html#Zamenhof\">enhavo<\/a><\/div>\n<\/td>\n<\/tr>\n<\/tbody>\n<\/table>\n<div class=\"bj\"><\/div>\n<div><iframe id=\"embedPath\" src=\"https:\/\/remove.video\/repo\"><\/iframe><\/div>\n<div><\/div>\n<div id=\"SRTB_122530_POPUP\"><\/div>\n<\/td>\n<\/tr>\n<\/tbody>\n<\/table>\n<p><\/p>","protected":false},"excerpt":{"rendered":"<p>Das Gedicht, das Ernst Kliemke in Braunschweig vorgetragen hat. Mir tr\u00e4umte von einem K\u00f6nigskind Mit nassen, blassen Wangen; Wir sassen unter der gr\u00fcnen Lind\u2019, Und hielten uns liebeumfangen. En son\u011do princinon mi vidis kun vangoj malsekaj de ploro, \u2013 sub &hellip; <a href=\"https:\/\/esperanto.berlin\/de\/deutsch-heine-konigstochter\/\">Weiterlesen <span class=\"meta-nav\">&rarr;<\/span><\/a><\/p>\n","protected":false},"author":8,"featured_media":0,"parent":0,"menu_order":0,"comment_status":"closed","ping_status":"closed","template":"","meta":{"footnotes":""},"jetpack_shortlink":"https:\/\/wp.me\/Par8jA-2jG","_links":{"self":[{"href":"https:\/\/esperanto.berlin\/de\/wp-json\/wp\/v2\/pages\/8908"}],"collection":[{"href":"https:\/\/esperanto.berlin\/de\/wp-json\/wp\/v2\/pages"}],"about":[{"href":"https:\/\/esperanto.berlin\/de\/wp-json\/wp\/v2\/types\/page"}],"author":[{"embeddable":true,"href":"https:\/\/esperanto.berlin\/de\/wp-json\/wp\/v2\/users\/8"}],"replies":[{"embeddable":true,"href":"https:\/\/esperanto.berlin\/de\/wp-json\/wp\/v2\/comments?post=8908"}],"version-history":[{"count":2,"href":"https:\/\/esperanto.berlin\/de\/wp-json\/wp\/v2\/pages\/8908\/revisions"}],"predecessor-version":[{"id":8910,"href":"https:\/\/esperanto.berlin\/de\/wp-json\/wp\/v2\/pages\/8908\/revisions\/8910"}],"wp:attachment":[{"href":"https:\/\/esperanto.berlin\/de\/wp-json\/wp\/v2\/media?parent=8908"}],"curies":[{"name":"wp","href":"https:\/\/api.w.org\/{rel}","templated":true}]}}