{"id":8967,"date":"2021-03-20T20:19:47","date_gmt":"2021-03-20T19:19:47","guid":{"rendered":"https:\/\/esperanto.berlin\/?page_id=8967"},"modified":"2021-03-20T20:25:34","modified_gmt":"2021-03-20T19:25:34","slug":"nekrologo-kliemke","status":"publish","type":"page","link":"https:\/\/esperanto.berlin\/de\/kliemke-kompleta\/nekrologo-kliemke\/","title":{"rendered":"Nachruf Kliemke"},"content":{"rendered":"<p>26 (86) ESPERANTO Nr. 4 1929<br \/>\nRoh\u00fcbersetzung von google.translate <\/p>\n<p>Unsere Toten<\/p>\n<p>Mit aufrichtigem Bedauern erhielten wir die Nachrichten \u00fcber den Tod der folgenden Samideanaoj. Wir sprechen ihren Familien unser Beileid aus.<\/p>\n<p>Trauer umflorte den deutschen Esperanto-Kongress in Frankfurt am Main, der zu Ostern stattfand. Der Tod des Pr\u00e4sidenten des Deutschen Esperanto-Vereins, Dr. Kliemke, war zutiefst sp\u00fcrbar. Ein aufrichtiger Freund und leidenschaftlicher Verteidiger unserer Sache hat die Erde verlassen. Dr. Kliemke starb am 20. Februar 1929 an den Folgen einer Operation und war am 2. Januar 1929 59 Jahre alt geworden.<\/p>\n<p>Von einfacher Herkunft, worauf er stolz war, studierte er Jura und arbeitete einige Jahre lang beim Gerichts (Assesor). Von 1905 war er bei der Deutschen Bank, einem der gr\u00f6\u00dften deutschen Bankunternehmen, t\u00e4tig. Die Deutsche Bank gr\u00fcndete die &#8220;Ostafrikanische Eisenbahngesellschaft&#8221; in der Kolonie Ostafrika. Dr. Kliemke war bis 1923 Mitglied der Gesch\u00e4ftsf\u00fchrung und Direktor dieses Unternehmens. Er erbrachte wichtige Dienstleistungen in diesem Unternehmen. Viele Jahre reiste er nach Ostafrika. Au\u00dfergew\u00f6hnliche Sprachkenntnisse (er konnte mit den Muttersprachlern dort in deren eigenen Sprache sprechen) erleichterten ihm die Aufgabe. Nach einer Reise nach Persien interessierte er sich f\u00fcr die Bahai-Bewegung, der er bis zu seinem Tod treu blieb.<\/p>\n<p>Dr. Kliemke.<\/p>\n<p>Unter dem Namen Heinrich Nienkamp ver\u00f6ffentlichte er zwei empfehlenswerte Werke in deutscher Sprache: &#8220;F\u00fcrsten ohne Krone&#8221; und &#8220;Kultur und Sprache&#8221;, die sich bestm\u00f6glich f\u00fcr unsere Sache einsetzten. Dr. Kliemke war Esperanto sehr verbunden und half mit Rat und Tat. Der Deutsche Esperanto-Verband w\u00e4hlte ihn zum Pr\u00e4sidenten. Er war nicht nur Mitglied der Bahai-Bewegung, sondern auch in Friedensbewegung aktiv. Der Berliner Bezirk der Deutschen Friedensgesellschaft w\u00e4hlte Dr. Kliemke zum Pr\u00e4sidenten.<\/p>\n<p>Durch einen Unfall in der U-Bahn litter mehrere Monate Krankheit an einer Krankheit im Bein. Immer noch nicht geheilt, humpelte er von Ort zu Ort und beriet die Arbeiter \u00fcber die Ideale, denen er sich hingegeben hatte. Er wird von seiner Familie, seiner Frau, vier Kindern und vier Enkelkindern betrauert, nicht zu vergessen die Menschen, die mit ihm in Kontakt kamen.<<\/p>","protected":false},"excerpt":{"rendered":"<p>26 (86) ESPERANTO Nr. 4 1929 Roh\u00fcbersetzung von google.translate Unsere Toten Mit aufrichtigem Bedauern erhielten wir die Nachrichten \u00fcber den Tod der folgenden Samideanaoj. Wir sprechen ihren Familien unser Beileid aus. Trauer umflorte den deutschen Esperanto-Kongress in Frankfurt am Main, &hellip; <a href=\"https:\/\/esperanto.berlin\/de\/kliemke-kompleta\/nekrologo-kliemke\/\">Weiterlesen <span class=\"meta-nav\">&rarr;<\/span><\/a><\/p>\n","protected":false},"author":8,"featured_media":0,"parent":7792,"menu_order":0,"comment_status":"closed","ping_status":"closed","template":"","meta":{"footnotes":""},"jetpack_shortlink":"https:\/\/wp.me\/Par8jA-2kD","_links":{"self":[{"href":"https:\/\/esperanto.berlin\/de\/wp-json\/wp\/v2\/pages\/8967"}],"collection":[{"href":"https:\/\/esperanto.berlin\/de\/wp-json\/wp\/v2\/pages"}],"about":[{"href":"https:\/\/esperanto.berlin\/de\/wp-json\/wp\/v2\/types\/page"}],"author":[{"embeddable":true,"href":"https:\/\/esperanto.berlin\/de\/wp-json\/wp\/v2\/users\/8"}],"replies":[{"embeddable":true,"href":"https:\/\/esperanto.berlin\/de\/wp-json\/wp\/v2\/comments?post=8967"}],"version-history":[{"count":3,"href":"https:\/\/esperanto.berlin\/de\/wp-json\/wp\/v2\/pages\/8967\/revisions"}],"predecessor-version":[{"id":8970,"href":"https:\/\/esperanto.berlin\/de\/wp-json\/wp\/v2\/pages\/8967\/revisions\/8970"}],"up":[{"embeddable":true,"href":"https:\/\/esperanto.berlin\/de\/wp-json\/wp\/v2\/pages\/7792"}],"wp:attachment":[{"href":"https:\/\/esperanto.berlin\/de\/wp-json\/wp\/v2\/media?parent=8967"}],"curies":[{"name":"wp","href":"https:\/\/api.w.org\/{rel}","templated":true}]}}